{"id":663093,"date":"2025-04-29T18:58:55","date_gmt":"2025-04-29T17:58:55","guid":{"rendered":"https:\/\/shop.kustom.ch\/?post_type=product&#038;p=663093"},"modified":"2026-03-31T08:35:25","modified_gmt":"2026-03-31T07:35:25","slug":"handwerker-arbeitshose-softshell","status":"publish","type":"product","link":"https:\/\/shop.kustom.ch\/it\/prodotto\/handwerker-arbeitshose-softshell\/","title":{"rendered":"Pantaloni da lavoro artigianali softshell"},"content":{"rendered":"<p>Pantaloni artigianali super morbidi e molto confortevoli, realizzati interamente in softshell elasticizzato. Grazie al tessuto softshell, i pantaloni hanno un'elasticit\u00e0 piacevolmente morbida e sono completamente antivento, il che li rende ideali per le attivit\u00e0 all'aperto con le temperature pi\u00f9 basse. Essendo anche idrorepellenti, questi pantaloni da lavoro sono adatti anche in condizioni di umidit\u00e0. Inoltre, i pantaloni presentano una serie di dettagli intelligenti e funzionali, come le tasche per le unghie rinforzate in CORDURA\u00ae, ulteriori tasche con cerniera per riporre in modo sicuro i propri oggetti, una tasca facilmente accessibile in materiale elasticizzato adatta alla maggior parte dei telefoni cellulari e una discreta striscia nera riflettente sul polpaccio.<\/p>\n<p>FUNZIONALIT\u00c0: 2 vie elasticizzate. Antivento e impermeabile, cuciture non sigillate, traspirante. DETTAGLI: Tasca per carte d'identit\u00e0 staccabile. Bottoni in metallo. Portacoltelli con bottone. Cucitura interna della gamba con tripla impuntura. Zip in plastica sul cavallo. Due passanti per cintura sui lati con bottone per il passante per il martello, un passante per cintura con anello a D sul davanti. Ampio passante per cintura sul retro. Anello a D sulla cintura. TASCHE: Tasca sulla gamba con soffietto, tasca per penne, tasca flessibile per cellulare e due ampie tasche - una con cerniera e tasca per carte d'identit\u00e0 staccabile. Tasche posteriori con soffietto. Tasche per ginocchiere. Tasca interna con inserto elastico. Tasche portautensili - con portautensili e tasche supplementari con cerniera. Tasca rinforzata per regolo pieghevole con portacoltelli e portapenne. RINFORZO: tasche per ginocchiere rinforzate in CORDURA\u00ae. Tasche rinforzate per chiodi, spatola, tasche posteriori e polsini posteriori delle gambe. REFLEX: Dettagli riflettenti sulla gamba. Dettagli riflettenti sulla tasca della gamba. CHIUSURA: Polsini posteriori della gamba rinforzati. ISTRUZIONI DI LAVAGGIO: 40\u00b0 C. Non candeggiare. Non stirare. Non lavare a secco. Non centrifugare. PROPRIET\u00c0 PRINCIPALI: Elettricista. Giardiniere. Tuttofare. Magazziniere. Lattoniere. EN 14004. TESSUTO: Uomo. nero. Tasche per ginocchiere. Stretch. idrorepellente. Tasche per attrezzi. Lavorazione artigianale. elasticizzato. Vento \/ umidit\u00e0 \/ freddo. USP: elasticizzato a 2 vie. Traspirante. Tasche per ginocchiere in CORDURA\u00ae stretch rinforzato. Dettagli riflettenti. Tasche per attrezzi. Antivento e impermeabile. CERTIFICAZIONE: EN 14404:2004+A1:2010 insieme alle ginocchiere 4027, 4057, 4058 e 4032.<\/p>\n<p>92% poliestere, 8% elastan, softshell a 3 strati, impermeabile 11.000 mm, antivento, traspirante Ret 20.0, elasticizzato, 265 g\/m\u00b2<\/p>","protected":false},"excerpt":{"rendered":"<p>Super geschmeidige und sehr bequeme Handwerkerhose, die komplett aus dehnbarem Softshell besteht. Dank des Softshell-Stoffes hat die Hose einen angenehmen weichen Stretch und ist absolut winddicht, was sie ideal f\u00fcr Outdoor-Aktivit\u00e4ten bei k\u00e4lteren Temperaturen macht. Und weil sie auch wasserabweisend ist, ist diese Handwerkerhose auch f\u00fcr nasse Bedingungen geeignet. Dar\u00fcber hinaus verf\u00fcgt die Hose \u00fcber [&hellip;]<\/p>\n","protected":false},"featured_media":663094,"template":"","meta":[],"product_brand":[],"product_cat":[4185],"product_tag":[],"class_list":{"0":"post-663093","1":"product","2":"type-product","3":"status-publish","4":"has-post-thumbnail","6":"product_cat-hosen","7":"pa_brand-blaklaeder","8":"pa_brand-type-workwear","9":"pa_filter-color-schwarz","11":"first","12":"instock","13":"sale","14":"taxable","15":"shipping-taxable","16":"purchasable","17":"product-type-variable","18":"add-to-wishlist-before_image"},"exclude_global_add_ons":[],"addons":[],"acf":[],"_links":{"self":[{"href":"https:\/\/shop.kustom.ch\/it\/wp-json\/wp\/v2\/product\/663093"}],"collection":[{"href":"https:\/\/shop.kustom.ch\/it\/wp-json\/wp\/v2\/product"}],"about":[{"href":"https:\/\/shop.kustom.ch\/it\/wp-json\/wp\/v2\/types\/product"}],"wp:featuredmedia":[{"embeddable":true,"href":"https:\/\/shop.kustom.ch\/it\/wp-json\/wp\/v2\/media\/663094"}],"wp:attachment":[{"href":"https:\/\/shop.kustom.ch\/it\/wp-json\/wp\/v2\/media?parent=663093"}],"wp:term":[{"taxonomy":"product_brand","embeddable":true,"href":"https:\/\/shop.kustom.ch\/it\/wp-json\/wp\/v2\/product_brand?post=663093"},{"taxonomy":"product_cat","embeddable":true,"href":"https:\/\/shop.kustom.ch\/it\/wp-json\/wp\/v2\/product_cat?post=663093"},{"taxonomy":"product_tag","embeddable":true,"href":"https:\/\/shop.kustom.ch\/it\/wp-json\/wp\/v2\/product_tag?post=663093"}],"curies":[{"name":"wp","href":"https:\/\/api.w.org\/{rel}","templated":true}]}}