{"id":662960,"date":"2025-04-29T18:58:02","date_gmt":"2025-04-29T17:58:02","guid":{"rendered":"https:\/\/shop.kustom.ch\/?post_type=product&#038;p=662960"},"modified":"2026-03-31T08:35:15","modified_gmt":"2026-03-31T07:35:15","slug":"high-vis-arbeitshose-mit-stretch-5","status":"publish","type":"product","link":"https:\/\/shop.kustom.ch\/it\/prodotto\/high-vis-arbeitshose-mit-stretch-5\/","title":{"rendered":"Pantaloni da lavoro ad alta visibilit\u00e0 elasticizzati"},"content":{"rendered":"<p>Pantaloni da lavoro a vista resistenti, comodi e pratici, realizzati in cotone 100% con inserti a vista. I pantaloni hanno un taglio pi\u00f9 sottile, un attraente look retr\u00f2 e sono disponibili in blu con cuciture bianche a contrasto e in nero con cuciture grigie. Gli inserti in tessuto elasticizzato a 4 vie sulla seduta assicurano una maggiore leggerezza e comfort, con tasca per il righello, tasche per la fondina, tasca per il cellulare facilmente accessibile e tasche posteriori rinforzate in CORDURA\u00ae. I pantaloni sono inoltre dotati di tasche per ginocchiere rinforzate in CORDURA\u00ae stretch per il massimo comfort. Certificato secondo lo standard EN ISO 20471, classe 1.<\/p>\n<p>FUNZIONALIT\u00c0: Inserto elasticizzato sul retro. Gambe dei pantaloni particolarmente ergonomiche. DETTAGLI: Tasca per carte d'identit\u00e0 staccabile. Bottoni a pressione in metallo. Portacoltelli con bottone. Cucitura interna della gamba con tripla impuntura. Zip in plastica sul cavallo. Ampi passanti per cintura sul retro e sui lati. Due passanti per cintura ai lati con bottone per il passante per il martello, un passante per cintura con anello a D sul davanti. Ampio passante per cintura sul retro. Anello a D sulla cintura. TASCHE: Tasca sulla gamba con soffietto, tasca per penne, tasca flessibile per cellulare e due ampie tasche - una con cerniera e tasca per carte d'identit\u00e0 staccabile. Tasche posteriori rinforzate con soffietti. Adatte a tutti i modelli con tasche per ginocchiere Bl\u00e5kl\u00e4der. Tasca interna con inserto elastico. Tasche portautensili - con portautensili e tasche supplementari con cerniera. Tasca rinforzata per righello con portacoltelli e portapenne. RINFORZO: tasche per ginocchiere rinforzate con inserti elastici in CORDURA\u00ae. Tasche per chiodi, tasca per righello, tasche posteriori e fondo gamba rinforzati in CORDURA\u00ae. REFLEX: strisce riflettenti larghe 70 mm. Dettagli riflettenti sulla gamba. CHIUSURA: orlo posteriore della gamba rinforzato. ISTRUZIONI DI LAVAGGIO: Numero di lavaggi: 50. 40\u00b0 C. Non candeggiare. Non stirare. Non lavare a secco. Non centrifugare. PROPRIET\u00c0 PRINCIPALI: Autista. Addetto al giardinaggio. Magazziniere. Lavoratori stradali ed edili. EN 14004. EN ISO 20471. TESSUTO: Uomo. blu. Giallo alta visibilit\u00e0. Tasche per ginocchiere. Inserto elasticizzato. Tasche per attrezzi. Stretch. Protezione ad alta visibilit\u00e0. USP: Tasche per ginocchiere in CORDURA\u00ae stretch rinforzato. Inserti elasticizzati. Gambe preformate. Tasche portautensili. CERTIFICAZIONE: EN 14404:2004+A1:2010 insieme alle ginocchiere 4027, 4057, 4058 e 4032. EN ISO 20471, classe 1. gruppo di certificazione W<\/p>\n<p>100% Cotone, twill, 370 g\/m\u00b2<\/p>","protected":false},"excerpt":{"rendered":"<p>Langlebige, bequeme und praktische High Vis Arbeitshose aus 100% Baumwolle mit High Vis Eins\u00e4tzen. Die Hose ist schlanker geschnitten, hat einen attraktiven Retro-Look und ist sowohl in Blau mit weissen Kontrastn\u00e4hten als auch in Schwarz mit grauen N\u00e4hten erh\u00e4ltlich. F\u00fcr einen extra leichten und angenehmen Tragekomfort sorgen Eins\u00e4tze aus 4-Wege-Stretch Stoff am Ges\u00e4ss. Mit Zollstocktasche, [&hellip;]<\/p>\n","protected":false},"featured_media":662977,"template":"","meta":[],"product_brand":[],"product_cat":[4185],"product_tag":[],"class_list":{"0":"post-662960","1":"product","2":"type-product","3":"status-publish","4":"has-post-thumbnail","6":"product_cat-hosen","7":"pa_brand-blaklaeder","8":"pa_brand-type-workwear","9":"pa_filter-color-blau","10":"pa_filter-color-gelb","11":"pa_filter-color-orange","12":"pa_filter-color-rot","13":"pa_filter-color-schwarz","15":"first","16":"instock","17":"sale","18":"taxable","19":"shipping-taxable","20":"purchasable","21":"product-type-variable","22":"add-to-wishlist-before_image"},"exclude_global_add_ons":[],"addons":[],"acf":[],"_links":{"self":[{"href":"https:\/\/shop.kustom.ch\/it\/wp-json\/wp\/v2\/product\/662960"}],"collection":[{"href":"https:\/\/shop.kustom.ch\/it\/wp-json\/wp\/v2\/product"}],"about":[{"href":"https:\/\/shop.kustom.ch\/it\/wp-json\/wp\/v2\/types\/product"}],"wp:featuredmedia":[{"embeddable":true,"href":"https:\/\/shop.kustom.ch\/it\/wp-json\/wp\/v2\/media\/662977"}],"wp:attachment":[{"href":"https:\/\/shop.kustom.ch\/it\/wp-json\/wp\/v2\/media?parent=662960"}],"wp:term":[{"taxonomy":"product_brand","embeddable":true,"href":"https:\/\/shop.kustom.ch\/it\/wp-json\/wp\/v2\/product_brand?post=662960"},{"taxonomy":"product_cat","embeddable":true,"href":"https:\/\/shop.kustom.ch\/it\/wp-json\/wp\/v2\/product_cat?post=662960"},{"taxonomy":"product_tag","embeddable":true,"href":"https:\/\/shop.kustom.ch\/it\/wp-json\/wp\/v2\/product_tag?post=662960"}],"curies":[{"name":"wp","href":"https:\/\/api.w.org\/{rel}","templated":true}]}}