{"id":662821,"date":"2025-04-29T05:14:50","date_gmt":"2025-04-29T04:14:50","guid":{"rendered":"https:\/\/shop.kustom.ch\/?post_type=product&#038;p=662821"},"modified":"2026-03-31T08:34:57","modified_gmt":"2026-03-31T07:34:57","slug":"multinorm-arbeitshose-inhaerent-mit-stretch-4","status":"publish","type":"product","link":"https:\/\/shop.kustom.ch\/it\/prodotto\/multinorm-arbeitshose-inhaerent-mit-stretch-4\/","title":{"rendered":"Pantaloni da lavoro multinorm Intrinseco con elasticizzazione"},"content":{"rendered":"<p>Pantaloni da lavoro ignifughi che soddisfano tutti i requisiti di un indumento resistente per il lavoro. Adatti per lavori di manutenzione con requisiti di sicurezza e protezione. I pantaloni sono idrorepellenti, resistenti all'olio e allo sporco e sono dotati di pratiche tasche esterne per ginocchiere rinforzate con CORDURA\u00ae\/Kevlar\u00ae\/Protal\u00ae. Certificati secondo le norme EN 14404, EN 1149-5, EN ISO 20471, EN ISO 11612, IEC 61482-2 Grado di arco elettrico, 10,7 cal\/cm\u00b2 (si applica al materiale elastico). EN 14404: 2004 + A1: 2010 insieme alle ginocchiere 4027 e 4057.<\/p>\n<p>FUNZIONALIT\u00c0: Senza metallo. Superficie oleorepellente, antisporco e idrorepellente. Inserto elasticizzato sul cavallo e sulla seduta. DETTAGLI: Tasca porta tessere staccabile per abbigliamento ignifugo. Etichette di certificazione esterne. Zip in plastica sul cavallo. Passanti, uno con anello a D. TASCHE: Tasca sulla gamba con soffietto, patta e tasca per cellulare. Tasca posteriore. Tasche esterne per ginocchiere. Tasche laterali. Tasca rinforzata per regolo pieghevole con due tasche per coltelli e una per penne. RINFORZO: CORDURA\u00ae\/Kevlar\u00ae\/Protal\u00ae - rinforzato sulle ginocchia. REFLEX: strisce riflettenti ignifughe con doppie cuciture. CHIUSURA: opzione di estensione sul fondo della gamba, non applicabile alle taglie D. ISTRUZIONI DI LAVAGGIO: 60\u00b0 C. Non candeggiare. Non stirare. Non lavare a secco. Asciugare a bassa temperatura. OCCASIONI PRINCIPALI: Elettricista. Tuttofare. Personale di servizio. EN 1149-5. EN 14004. EN 61482-2. EN ISO 11612. EN ISO 20471. TESSUTO: Disponibile per uomo e donna. Uomo. blu. Giallo alta visibilit\u00e0. Tasche per ginocchiere. Senza metallo. Stretch. Protezione dalle fiamme. USP: propriet\u00e0 antistatiche. Tasche per ginocchiere rinforzate in CORDURA\u00ae. Intrinsecamente ignifugo. Senza metalli e poliestere. Repellente agli oli e allo sporco. Inserti elasticizzati. Idrorepellente. CERTIFICAZIONE: EN 1149-5. EN 14404:2004+A1:2010 insieme alle ginocchiere 4027 e 4057. EN ISO 11612 A1, B1, C1, F1. EN ISO 20471, classe 2. Massimo 50 lavaggi. Gruppo di certificazione Y. ATPV - 10,7 cal\/cm\u00b2. IEC 61482-2, APC 1<\/p>\n<p>44% modacrilico, 30% cotone, 20% poliammide FR, 5% aramide, 1% antistatico, ripstop, ignifugo, antistatico, 260 g\/m\u00b2<\/p>","protected":false},"excerpt":{"rendered":"<p>Eine flammhemmende Arbeitshose, die alle Anforderungen an ein haltbares Kleidungsst\u00fcck f\u00fcr die Arbeit erf\u00fcllt. Geeignet f\u00fcr Wartungsarbeiten mit Sicherheits- und Schutzanforderungen. Die \u00f6l-, schmutz- und wasserabweisende Hose hat praktische aussenliegende Kniepolstertaschen, die mit CORDURA\u00ae\/Kevlar\u00ae\/Protal\u00ae verst\u00e4rkt sind. Zertifiziert nach EN 14404, EN 1149-5, EN ISO 20471, EN ISO 11612, IEC 61482-2. Arc rating, 10.7 cal\/cm\u00b2 (gilt [&hellip;]<\/p>\n","protected":false},"featured_media":662834,"template":"","meta":[],"product_brand":[],"product_cat":[4185],"product_tag":[],"class_list":{"0":"post-662821","1":"product","2":"type-product","3":"status-publish","4":"has-post-thumbnail","6":"product_cat-hosen","7":"pa_brand-blaklaeder","8":"pa_brand-type-workwear","9":"pa_filter-color-blau","10":"pa_filter-color-gelb","12":"first","13":"instock","14":"sale","15":"taxable","16":"shipping-taxable","17":"purchasable","18":"product-type-variable","19":"add-to-wishlist-before_image"},"exclude_global_add_ons":[],"addons":[],"acf":[],"_links":{"self":[{"href":"https:\/\/shop.kustom.ch\/it\/wp-json\/wp\/v2\/product\/662821"}],"collection":[{"href":"https:\/\/shop.kustom.ch\/it\/wp-json\/wp\/v2\/product"}],"about":[{"href":"https:\/\/shop.kustom.ch\/it\/wp-json\/wp\/v2\/types\/product"}],"wp:featuredmedia":[{"embeddable":true,"href":"https:\/\/shop.kustom.ch\/it\/wp-json\/wp\/v2\/media\/662834"}],"wp:attachment":[{"href":"https:\/\/shop.kustom.ch\/it\/wp-json\/wp\/v2\/media?parent=662821"}],"wp:term":[{"taxonomy":"product_brand","embeddable":true,"href":"https:\/\/shop.kustom.ch\/it\/wp-json\/wp\/v2\/product_brand?post=662821"},{"taxonomy":"product_cat","embeddable":true,"href":"https:\/\/shop.kustom.ch\/it\/wp-json\/wp\/v2\/product_cat?post=662821"},{"taxonomy":"product_tag","embeddable":true,"href":"https:\/\/shop.kustom.ch\/it\/wp-json\/wp\/v2\/product_tag?post=662821"}],"curies":[{"name":"wp","href":"https:\/\/api.w.org\/{rel}","templated":true}]}}