{"id":662612,"date":"2025-04-29T05:13:23","date_gmt":"2025-04-29T04:13:23","guid":{"rendered":"https:\/\/shop.kustom.ch\/?post_type=product&#038;p=662612"},"modified":"2026-03-31T08:33:18","modified_gmt":"2026-03-31T07:33:18","slug":"arbeitshose-inhaerent-stahl","status":"publish","type":"product","link":"https:\/\/shop.kustom.ch\/it\/prodotto\/arbeitshose-inhaerent-stahl\/","title":{"rendered":"Pantaloni da lavoro in acciaio"},"content":{"rendered":"<p>Pantaloni da lavoro ignifughi in qualit\u00e0 1519 con tessuto di classe E3, appositamente sviluppati per i lavori nell'industria metallurgica in cui si maneggia ferro fuso. I pantaloni da lavoro certificati classe 1 highvis proteggono dagli spruzzi di metallo fuso e dal calore radiante. Questi pantaloni idrorepellenti e antiolio hanno una gamba regolabile in larghezza con un bottone a pressione sulla caviglia, una tasca sulla gamba con patta sul lato sinistro e portabadge. Sono inoltre dotati di portacoltelli, tasca per cellulare, tasca per righello e tasche posteriori con patta. Testati per il lavaggio industriale. Certificato secondo le norme EN ISO 20471, EN 1149-5, EN13034, EN ISO 11612, EN ISO 11611, IEC 61482-2, EN 14404, ATPV: 14 cal\/cm\u00b2, ELIM: 12 cal\/cm\u00b2.<\/p>\n<p>FUNZIONALIT\u00c0: superficie oleorepellente, antisporco e idrorepellente. DETTAGLI: Tasca per carte d'identit\u00e0 staccabile. Etichette di certificazione esterne. Zip metallica sul cavallo. Passanti. TASCHE: Tasca sulla gamba con soffietto, tasca con patta e penna, tasca supplementare, tasca per cellulare e tasca per carta d'identit\u00e0. Tasche posteriori con soffietto. Tasche posteriori con patta, nascoste da bottoni in metallo. Tasche esterne per ginocchiere. Tasche laterali. Tasca rinforzata per righello con portacoltelli e portapenne. REFLEX: strisce riflettenti ignifughe con doppie cuciture. CHIUSURA: larghezza regolabile del fondo gamba con bottoni a pressione in plastica. ISTRUZIONI DI LAVAGGIO: 60\u00b0 C. Non candeggiare. Non stirare. Non lavare a secco. PRO: adatto all'asciugatura in tamburo. Asciugatrice - bassa. PROPRIET\u00c0 PRINCIPALI: Artigiano. Personale di servizio. EN 1149-5. EN 13034. EN 14004. EN 61482-2. EN ISO 11611. EN ISO 11612. EN ISO 20471. TESSUTO: Uomo. blu. Giallo alta visibilit\u00e0. Tasche per ginocchiere. Protezione dalle fiamme. LAVAGGIO: Lavanderia industriale EN ISO 15797. CERTIFICAZIONE: EN 1149-5. EN 13034 PB (6). EN 14404:2004+A1:2010 insieme alla ginocchiera 4057. EN ISO 11611, classe 1 A1+A2. EN ISO 11612 A1, A2, B1, C1, E3, F1. EN ISO 20471, classe 1. Gruppo di certificazione W. ATPV - 14cal\/cm\u00b2. ELIM - 12cal\/cm\u00b2. IEC 61482-2, APC 1<\/p>\n<p>44% modacrilico, 30% cotone, 20% poliammide, 5% aramide, 1% antistatico, twill, ritardante di fiamma, antistatico, 320 g\/m\u00b2<\/p>","protected":false},"excerpt":{"rendered":"<p>Eine flammhemmende Arbeitshose in der Qualit\u00e4t 1519 mit einem inh\u00e4renten Stoff der Klasse E3, der speziell f\u00fcr Arbeiten in der Metallindustrie entwickelt wurde bei denen mit geschmolzenem Eisen gearbeitet wird. Die Klasse 1 highvis-zertifizierte Arbeitshose sch\u00fctzt vor Spritzern von geschmolzenem Metall und vor Strahlungshitze. Diese \u00f6l-, schmutz- und wasserabweisende Hose hat eine verstellbare Beinweite durch [&hellip;]<\/p>\n","protected":false},"featured_media":662617,"template":"","meta":[],"product_brand":[],"product_cat":[4185],"product_tag":[],"class_list":{"0":"post-662612","1":"product","2":"type-product","3":"status-publish","4":"has-post-thumbnail","6":"product_cat-hosen","7":"pa_brand-blaklaeder","8":"pa_brand-type-workwear","9":"pa_filter-color-blau","10":"pa_filter-color-gelb","12":"first","13":"instock","14":"sale","15":"taxable","16":"shipping-taxable","17":"purchasable","18":"product-type-variable","19":"add-to-wishlist-before_image"},"exclude_global_add_ons":[],"addons":[],"acf":[],"_links":{"self":[{"href":"https:\/\/shop.kustom.ch\/it\/wp-json\/wp\/v2\/product\/662612"}],"collection":[{"href":"https:\/\/shop.kustom.ch\/it\/wp-json\/wp\/v2\/product"}],"about":[{"href":"https:\/\/shop.kustom.ch\/it\/wp-json\/wp\/v2\/types\/product"}],"wp:featuredmedia":[{"embeddable":true,"href":"https:\/\/shop.kustom.ch\/it\/wp-json\/wp\/v2\/media\/662617"}],"wp:attachment":[{"href":"https:\/\/shop.kustom.ch\/it\/wp-json\/wp\/v2\/media?parent=662612"}],"wp:term":[{"taxonomy":"product_brand","embeddable":true,"href":"https:\/\/shop.kustom.ch\/it\/wp-json\/wp\/v2\/product_brand?post=662612"},{"taxonomy":"product_cat","embeddable":true,"href":"https:\/\/shop.kustom.ch\/it\/wp-json\/wp\/v2\/product_cat?post=662612"},{"taxonomy":"product_tag","embeddable":true,"href":"https:\/\/shop.kustom.ch\/it\/wp-json\/wp\/v2\/product_tag?post=662612"}],"curies":[{"name":"wp","href":"https:\/\/api.w.org\/{rel}","templated":true}]}}