{"id":662577,"date":"2025-04-29T05:13:04","date_gmt":"2025-04-29T04:13:04","guid":{"rendered":"https:\/\/shop.kustom.ch\/?post_type=product&#038;p=662577"},"modified":"2026-03-31T08:33:06","modified_gmt":"2026-03-31T07:33:06","slug":"schweisser-arbeitshose","status":"publish","type":"product","link":"https:\/\/shop.kustom.ch\/it\/prodotto\/schweisser-arbeitshose\/","title":{"rendered":"Pantaloni da lavoro per saldatori"},"content":{"rendered":"<p>Pantaloni da lavoro per saldatori con dettagli riflettenti per una maggiore visibilit\u00e0. I pantaloni con cintura in vita sono dotati di soluzioni intelligenti per le tasche, come le tasche laterali, la tasca per il metro pieghevole e le tasche per le ginocchiere all'interno. Certificati secondo le norme EN 14404, EN 1149-5, EN ISO 11611, EN ISO 11612, IEC 61482-2.<\/p>\n<p>DETTAGLI: Tasca portadocumenti staccabile per indumenti ignifughi. Etichette di certificazione esterne. Cerniera metallica sul cavallo. Passanti. TASCHE: Tasca sulla gamba con patta. Tasca posteriore con patta e bottone metallico nascosto. Tasche esterne per ginocchiere. Tasche laterali. Tasca porta-calcio pieghevole con porta-coltello. REFLEX: Dettagli riflettenti. ISTRUZIONI DI LAVAGGIO: 60\u00b0 C. Non candeggiare. Non stirare. Non lavare a secco. PRO: adatto all'asciugatura in tamburo. Asciugatrice - bassa. PROPRIET\u00c0 PRINCIPALI: Artigiano. Saldatore. EN 1149-5. EN 14004. EN 61482-2. EN ISO 11611. EN ISO 11612. TESSUTO: Uomo. blu. Giallo alta visibilit\u00e0. Tasche per ginocchiere. Protezione dalle fiamme. USP: propriet\u00e0 antistatiche. Dettagli riflettenti. CERTIFICAZIONE: EN 1149-5. EN 14404:2004+A1:2010 insieme alle ginocchiere 4027, 4057, 4058 e 4032. EN ISO 11611 classe 2, A1+A2. EN ISO 11612 A1, A2, B1, C1, E3, F1. ELIM - 13cal\/cm\u00b2. IEC 61482-2, APC 1<\/p>\n<p>79% cotone, 20% poliestere, 1% raso antistatico, ritardante di fiamma antistatico 450g\/m\u00b2<\/p>","protected":false},"excerpt":{"rendered":"<p>Schweisser Arbeitshose mit Reflexdetails f\u00fcr h\u00f6here Sichtbarkeit. Die Bundhose besitzt intelligente Taschenl\u00f6sungen, wie zum Beispiel Seitentaschen, Zollstocktasche und Kniepolstertaschen innen. Zertifiziert nach EN 14404, EN 1149-5, EN ISO 11611, EN ISO 11612, IEC 61482-2. DETAILS: Abnehmbare Ausweistasche f\u00fcr Flammschutz-Kleidung. Aussenliegende Zertifizierungsetiketten. Metall-Reissverschluss im Schritt. Schlaufen. TASCHEN: Beintasche mit Patte. Ges\u00e4sstasche mit Patte, verdeckter Metallknopf. Aussenliegende [&hellip;]<\/p>\n","protected":false},"featured_media":662588,"template":"","meta":[],"product_brand":[],"product_cat":[4185],"product_tag":[],"class_list":{"0":"post-662577","1":"product","2":"type-product","3":"status-publish","4":"has-post-thumbnail","6":"product_cat-hosen","7":"pa_brand-blaklaeder","8":"pa_brand-type-workwear","9":"pa_filter-color-blau","10":"pa_filter-color-gelb","12":"first","13":"instock","14":"sale","15":"taxable","16":"shipping-taxable","17":"purchasable","18":"product-type-variable","19":"add-to-wishlist-before_image"},"exclude_global_add_ons":[],"addons":[],"acf":[],"_links":{"self":[{"href":"https:\/\/shop.kustom.ch\/it\/wp-json\/wp\/v2\/product\/662577"}],"collection":[{"href":"https:\/\/shop.kustom.ch\/it\/wp-json\/wp\/v2\/product"}],"about":[{"href":"https:\/\/shop.kustom.ch\/it\/wp-json\/wp\/v2\/types\/product"}],"wp:featuredmedia":[{"embeddable":true,"href":"https:\/\/shop.kustom.ch\/it\/wp-json\/wp\/v2\/media\/662588"}],"wp:attachment":[{"href":"https:\/\/shop.kustom.ch\/it\/wp-json\/wp\/v2\/media?parent=662577"}],"wp:term":[{"taxonomy":"product_brand","embeddable":true,"href":"https:\/\/shop.kustom.ch\/it\/wp-json\/wp\/v2\/product_brand?post=662577"},{"taxonomy":"product_cat","embeddable":true,"href":"https:\/\/shop.kustom.ch\/it\/wp-json\/wp\/v2\/product_cat?post=662577"},{"taxonomy":"product_tag","embeddable":true,"href":"https:\/\/shop.kustom.ch\/it\/wp-json\/wp\/v2\/product_tag?post=662577"}],"curies":[{"name":"wp","href":"https:\/\/api.w.org\/{rel}","templated":true}]}}