{"id":662390,"date":"2025-04-29T05:12:04","date_gmt":"2025-04-29T04:12:04","guid":{"rendered":"https:\/\/shop.kustom.ch\/?post_type=product&#038;p=662390"},"modified":"2026-03-31T08:33:05","modified_gmt":"2026-03-31T07:33:05","slug":"handwerker-arbeitshose-mit-stretch-6","status":"publish","type":"product","link":"https:\/\/shop.kustom.ch\/it\/prodotto\/handwerker-arbeitshose-mit-stretch-6\/","title":{"rendered":"Pantaloni da lavoro artigianali con elastico"},"content":{"rendered":"<p>Un paio di pantaloni da lavoro incredibilmente comodi e flessibili che non lasciano nulla al caso in termini di durata, comfort e praticit\u00e0. I pantaloni sono dotati di inserti in fantastico materiale elasticizzato a 4 vie sul davanti, sui polpacci e sul carr\u00e9, e a 2 vie nel cavallo. Se il vostro lavoro richiede concentrazione e libert\u00e0 di movimento, questi pantaloni da lavoro artigianali sono ci\u00f2 che fa per voi.<\/p>\n<p>FUNZIONALIT\u00c0: Inserti elasticizzati sul davanti, sulle ginocchia, sulla seduta, sulle tasche anteriori, sul polpaccio e sul cavallo. DETTAGLI: Tasca per carte d'identit\u00e0 staccabile. Bottoni in metallo. Portacoltelli con bottone. Cucitura interna della gamba con tripla impuntura. Zip in plastica sul cavallo. Ampi passanti per cintura sul retro e sui lati. Due passanti per cintura ai lati con bottone per il passante per il martello, un passante per cintura con anello a D sul davanti. Ampio passante per cintura sul retro. Anello a D sulla cintura. TASCHE: Tasca sulla gamba con soffietto, tasca per penne, tasca flessibile per cellulare e due ampie tasche - una con cerniera e tasca per carte d'identit\u00e0 staccabile. Tasche posteriori con soffietto. Tasche per ginocchiere. Tasca interna con inserto elastico. Tasche portautensili - con portautensili e tasche supplementari con cerniera. Tasca rinforzata per regolo pieghevole con portacoltelli e portapenne. RINFORZO: tasche per ginocchiere rinforzate in CORDURA\u00ae. Tasche rinforzate per chiodi, spatola, tasche posteriori e polsini posteriori delle gambe. REFLEX: dettagli riflettenti sulla gamba. FINITURA: estremit\u00e0 posteriori della gamba rinforzate. ISTRUZIONI DI LAVAGGIO: 40\u00b0 C. Non candeggiare. Non stirare. Non lavare a secco. Non centrifugare. PROPRIET\u00c0 PRINCIPALI: Elettricista. Giardiniere. Tuttofare. Magazziniere. Lattoniere. EN 14004. TESSUTO: Disponibile per uomo e donna. Uomo. blu. nero. Tasche per ginocchiere. Inserto elasticizzato. Tasche per attrezzi. Artigianato. Stretch. USP: Tasche per ginocchiere in CORDURA\u00ae stretch rinforzato. Dettagli riflettenti. Inserti elasticizzati. Gambe preformate. Tasche per attrezzi. CERTIFICAZIONE: EN 14404:2004+A1:2010 insieme alle ginocchiere 4027, 4057, 4058 e 4032.<\/p>\n<p>Cotone 60%, poliestere 40%, tela, 340 g\/m\u00b2<\/p>","protected":false},"excerpt":{"rendered":"<p>Eine unglaublich bequeme und flexible Handwerker Arbeitshose, die nichts dem Zufall \u00fcberl\u00e4sst, wenn es um Langlebigkeit, Komfort und praktische Funktionen geht. Die Hose hat Eins\u00e4tze aus fantastischem 4-Wege-Stretch Material auf der Vorderseite, den Waden und der Passe und 2-Wege-Stretch im Schritt. Wenn deine Arbeit Konzentration und Bewegungsfreiheit erfordert, ist diese Handwerker Arbeitshose genau das Richtige [&hellip;]<\/p>\n","protected":false},"featured_media":662413,"template":"","meta":[],"product_brand":[],"product_cat":[4185],"product_tag":[],"class_list":{"0":"post-662390","1":"product","2":"type-product","3":"status-publish","4":"has-post-thumbnail","6":"product_cat-hosen","7":"pa_brand-blaklaeder","8":"pa_brand-type-workwear","9":"pa_filter-color-blau","10":"pa_filter-color-grau","11":"pa_filter-color-schwarz","13":"first","14":"instock","15":"sale","16":"taxable","17":"shipping-taxable","18":"purchasable","19":"product-type-variable","20":"add-to-wishlist-before_image"},"exclude_global_add_ons":[],"addons":[],"acf":[],"_links":{"self":[{"href":"https:\/\/shop.kustom.ch\/it\/wp-json\/wp\/v2\/product\/662390"}],"collection":[{"href":"https:\/\/shop.kustom.ch\/it\/wp-json\/wp\/v2\/product"}],"about":[{"href":"https:\/\/shop.kustom.ch\/it\/wp-json\/wp\/v2\/types\/product"}],"wp:featuredmedia":[{"embeddable":true,"href":"https:\/\/shop.kustom.ch\/it\/wp-json\/wp\/v2\/media\/662413"}],"wp:attachment":[{"href":"https:\/\/shop.kustom.ch\/it\/wp-json\/wp\/v2\/media?parent=662390"}],"wp:term":[{"taxonomy":"product_brand","embeddable":true,"href":"https:\/\/shop.kustom.ch\/it\/wp-json\/wp\/v2\/product_brand?post=662390"},{"taxonomy":"product_cat","embeddable":true,"href":"https:\/\/shop.kustom.ch\/it\/wp-json\/wp\/v2\/product_cat?post=662390"},{"taxonomy":"product_tag","embeddable":true,"href":"https:\/\/shop.kustom.ch\/it\/wp-json\/wp\/v2\/product_tag?post=662390"}],"curies":[{"name":"wp","href":"https:\/\/api.w.org\/{rel}","templated":true}]}}