{"id":662329,"date":"2025-04-29T05:11:38","date_gmt":"2025-04-29T04:11:38","guid":{"rendered":"https:\/\/shop.kustom.ch\/?post_type=product&#038;p=662329"},"modified":"2026-03-31T08:32:54","modified_gmt":"2026-03-31T07:32:54","slug":"handwerker-shorts-mit-stretch-2","status":"publish","type":"product","link":"https:\/\/shop.kustom.ch\/it\/prodotto\/handwerker-shorts-mit-stretch-2\/","title":{"rendered":"Pantaloncini artigianali elasticizzati"},"content":{"rendered":"<p>La versione pantaloncino dei pantaloni da lavoro artigianali 1599 \u00e8 dotata di inserti in fantastico materiale elasticizzato a 4 vie sul davanti e sul carr\u00e9, nonch\u00e9 di tessuto elasticizzato a 2 vie nel cavallo. Se il vostro lavoro richiede concentrazione e libert\u00e0 di movimento, questi pantaloncini da lavoro artigianali sono ci\u00f2 che fa per voi.<\/p>\n<p>FUNZIONALIT\u00c0: inserti elasticizzati sul davanti, sulla seduta, sulle tasche anteriori e sul cavallo. DETTAGLI: Tasca per carte d'identit\u00e0 staccabile. Bottoni in metallo. Portacoltelli con bottone. Cucitura al cavallo con doppia cucitura. Zip in plastica sul cavallo. Ampi passanti per cintura sul retro e sui lati. Due passanti per cintura sui lati con un bottone per il passante per il martello, un passante per cintura con anello a D sul davanti. Ampio passante per cintura sul retro. Anello a D sulla cintura. TASCHE: Tasca sulla gamba con soffietto, tasca per penne, tasca flessibile per cellulare e due ampie tasche - una con cerniera e tasca per carte d'identit\u00e0 staccabile. Tasche posteriori con soffietto. Tasca interna con inserto elasticizzato. Tasche portautensili - con portautensili e tasche supplementari con cerniera. Tasca rinforzata per regolo pieghevole con portacoltelli e portapenne. RINFORZO: Unghie e tasche posteriori rinforzate. REFLEX: dettaglio riflettente sulla tasca della gamba. ISTRUZIONI DI LAVAGGIO: 40\u00b0 C. Non candeggiare. Non stirare. Non lavare a secco. Non centrifugare. PROPRIET\u00c0 PRINCIPALI: Elettricista. Giardiniere. Tuttofare. Magazziniere. Lattoniere. Gentiluomini. TESSUTO: Uomo. blu. nero. Inserto elasticizzato. Tasche per attrezzi. Artigianato. Stretch. USP: Dettagli riflettenti. Inserti elasticizzati. Tasche per attrezzi<\/p>\n<p>Cotone 60%, poliestere 40%, tela, 340 g\/m\u00b2<\/p>","protected":false},"excerpt":{"rendered":"<p>Die Shorts Variante der Handwerker Arbeitshose 1599 besitzt Eins\u00e4tze aus fantastischem 4-Wege-Stretch Material auf der Vorderseite und der Passe, sowie 2-Wege-Stretch Stoff im Schritt. Wenn deine Arbeit Konzentration und Bewegungsfreiheit erfordert, sind diese Handwerker Shorts genau das Richtige f\u00fcr dich. FUNKTIONALIT\u00c4T: Stretch-Eins\u00e4tze vorne, \u00fcber dem Ges\u00e4ss, an den Vordertaschen und im Schritt. DETAILS: Abnehmbare Ausweistasche. [&hellip;]<\/p>\n","protected":false},"featured_media":662352,"template":"","meta":[],"product_brand":[],"product_cat":[4198],"product_tag":[],"class_list":{"0":"post-662329","1":"product","2":"type-product","3":"status-publish","4":"has-post-thumbnail","6":"product_cat-shorts","7":"pa_brand-blaklaeder","8":"pa_brand-type-workwear","9":"pa_filter-color-blau","10":"pa_filter-color-grau","11":"pa_filter-color-schwarz","13":"first","14":"instock","15":"sale","16":"taxable","17":"shipping-taxable","18":"purchasable","19":"product-type-variable","20":"add-to-wishlist-before_image"},"exclude_global_add_ons":[],"addons":[],"acf":[],"_links":{"self":[{"href":"https:\/\/shop.kustom.ch\/it\/wp-json\/wp\/v2\/product\/662329"}],"collection":[{"href":"https:\/\/shop.kustom.ch\/it\/wp-json\/wp\/v2\/product"}],"about":[{"href":"https:\/\/shop.kustom.ch\/it\/wp-json\/wp\/v2\/types\/product"}],"wp:featuredmedia":[{"embeddable":true,"href":"https:\/\/shop.kustom.ch\/it\/wp-json\/wp\/v2\/media\/662352"}],"wp:attachment":[{"href":"https:\/\/shop.kustom.ch\/it\/wp-json\/wp\/v2\/media?parent=662329"}],"wp:term":[{"taxonomy":"product_brand","embeddable":true,"href":"https:\/\/shop.kustom.ch\/it\/wp-json\/wp\/v2\/product_brand?post=662329"},{"taxonomy":"product_cat","embeddable":true,"href":"https:\/\/shop.kustom.ch\/it\/wp-json\/wp\/v2\/product_cat?post=662329"},{"taxonomy":"product_tag","embeddable":true,"href":"https:\/\/shop.kustom.ch\/it\/wp-json\/wp\/v2\/product_tag?post=662329"}],"curies":[{"name":"wp","href":"https:\/\/api.w.org\/{rel}","templated":true}]}}