{"id":662267,"date":"2025-04-29T05:11:08","date_gmt":"2025-04-29T04:11:08","guid":{"rendered":"https:\/\/shop.kustom.ch\/?post_type=product&#038;p=662267"},"modified":"2026-03-31T08:32:49","modified_gmt":"2026-03-31T07:32:49","slug":"piratenhose-stretch","status":"publish","type":"product","link":"https:\/\/shop.kustom.ch\/it\/prodotto\/piratenhose-stretch\/","title":{"rendered":"Pantaloni da pirata elasticizzati"},"content":{"rendered":"<p>Versione pirata dei pantaloni artigianali 1599, incredibilmente comodi e tolleranti, questi pantaloni artigianali in stile pirata offrono tutto ci\u00f2 che serve in termini di durata, comfort e dettagli pratici. Sono dotati di pannelli elasticizzati in un fantastico stretch a 4 vie sul davanti, sul polpaccio e sulla seduta, mentre sono caratterizzati da uno stretch a 2 vie pi\u00f9 sottile sul cavallo per una migliore ventilazione. Se volete lavorare in libert\u00e0 e allo stesso tempo concentrati, questi pantaloni fanno al caso vostro.<\/p>\n<p>FUNZIONALIT\u00c0: inserti elasticizzati sul davanti, sulle ginocchia, sulla seduta, sulle tasche anteriori, sul polpaccio e sul cavallo. DETTAGLI: Tasca per carte d'identit\u00e0 staccabile. Bottoni in metallo. Portacoltelli con bottone. Cucitura interna della gamba con tripla impuntura. Zip in plastica sul cavallo. Ampi passanti per cintura sul retro e sui lati. Due passanti per cintura ai lati con bottone per il passante per il martello, un passante per cintura con anello a D sul davanti. Ampio passante per cintura sul retro. Anello a D sulla cintura. TASCHE: Tasca sulla gamba con soffietto, tasca per penne, tasca flessibile per cellulare e due ampie tasche - una con cerniera e tasca per carte d'identit\u00e0 staccabile. Tasche posteriori con soffietto. Tasche per ginocchiere. Tasca interna con inserto elastico. Tasche portautensili - con portautensili e tasche supplementari con cerniera. Tasca rinforzata per regolo pieghevole con portacoltelli e portapenne. RINFORZO: tasche per ginocchiere rinforzate in CORDURA\u00ae. Tasche rinforzate per chiodi, spatola, tasche posteriori e polsini posteriori delle gambe. REFLEX: dettagli riflettenti sulla gamba. FINITURA: estremit\u00e0 posteriori della gamba rinforzate. ISTRUZIONI DI LAVAGGIO: 40\u00b0 C. Non candeggiare. Non stirare. Non lavare a secco. Non centrifugare. PROPRIET\u00c0 PRINCIPALI: Elettricista. Giardiniere. Tuttofare. Magazziniere. Lattoniere. Uomo. EN 14004. TESSUTO: Uomo. blu. nero. Tasche per ginocchiere. Inserto elasticizzato. Tasche per attrezzi. Artigianato. Stretch. USP: Tasche per ginocchiere in CORDURA\u00ae stretch rinforzato. Dettagli riflettenti. Inserti elasticizzati. Rinforzi su tasche e fondo gamba. Tasche porta attrezzi. CERTIFICAZIONE: EN 14404:2004+A1:2010 insieme alle ginocchiere 4027, 4057, 4058 e 4032.<\/p>\n<p>Cotone 60%, poliestere 40%, tela, 340 g\/m\u00b2<\/p>","protected":false},"excerpt":{"rendered":"<p>Die Piratenversion der unglaublich bequemen und nachgiebigen Handwerkerhose 1599. Diese Piratenhose im Handwerkermodell bietet Ihnen alles, was Sie ben\u00f6tigen wenn es um Haltbarkeit, Komfort und praktische Details geht. Sie hat Stretch-Eins\u00e4tze aus fantastischem 4-Wege-Stretch vorne, an der Wade und \u00fcber dem Ges\u00e4ss, w\u00e4hrend sie d\u00fcnneres 2-Wege-Stretch im Schritt f\u00fcr bessere Bel\u00fcftung aufweist. Wenn Sie frei [&hellip;]<\/p>\n","protected":false},"featured_media":662307,"template":"","meta":[],"product_brand":[],"product_cat":[4198],"product_tag":[],"class_list":{"0":"post-662267","1":"product","2":"type-product","3":"status-publish","4":"has-post-thumbnail","6":"product_cat-shorts","7":"pa_brand-blaklaeder","8":"pa_brand-type-workwear","9":"pa_filter-color-blau","10":"pa_filter-color-schwarz","12":"first","13":"instock","14":"sale","15":"taxable","16":"shipping-taxable","17":"purchasable","18":"product-type-variable","19":"add-to-wishlist-before_image"},"exclude_global_add_ons":[],"addons":[],"acf":[],"_links":{"self":[{"href":"https:\/\/shop.kustom.ch\/it\/wp-json\/wp\/v2\/product\/662267"}],"collection":[{"href":"https:\/\/shop.kustom.ch\/it\/wp-json\/wp\/v2\/product"}],"about":[{"href":"https:\/\/shop.kustom.ch\/it\/wp-json\/wp\/v2\/types\/product"}],"wp:featuredmedia":[{"embeddable":true,"href":"https:\/\/shop.kustom.ch\/it\/wp-json\/wp\/v2\/media\/662307"}],"wp:attachment":[{"href":"https:\/\/shop.kustom.ch\/it\/wp-json\/wp\/v2\/media?parent=662267"}],"wp:term":[{"taxonomy":"product_brand","embeddable":true,"href":"https:\/\/shop.kustom.ch\/it\/wp-json\/wp\/v2\/product_brand?post=662267"},{"taxonomy":"product_cat","embeddable":true,"href":"https:\/\/shop.kustom.ch\/it\/wp-json\/wp\/v2\/product_cat?post=662267"},{"taxonomy":"product_tag","embeddable":true,"href":"https:\/\/shop.kustom.ch\/it\/wp-json\/wp\/v2\/product_tag?post=662267"}],"curies":[{"name":"wp","href":"https:\/\/api.w.org\/{rel}","templated":true}]}}