{"id":662266,"date":"2025-04-29T05:11:08","date_gmt":"2025-04-29T04:11:08","guid":{"rendered":"https:\/\/shop.kustom.ch\/?post_type=product&#038;p=662266"},"modified":"2026-03-31T08:32:45","modified_gmt":"2026-03-31T07:32:45","slug":"high-vis-shorts-mit-stretch-3","status":"publish","type":"product","link":"https:\/\/shop.kustom.ch\/it\/prodotto\/high-vis-shorts-mit-stretch-3\/","title":{"rendered":"Pantaloncini in alta visibilit\u00e0 elasticizzati"},"content":{"rendered":"<p>Pantaloncini ad alta visibilit\u00e0 con inserti elasticizzati in 4 direzioni sul carr\u00e8 anteriore e posteriore. Con tasche a fondina extra larghe, tasche posteriori e una tasca per il righello rinforzata con CORDURA\u00ae. Le strisce riflettenti interrotte intorno alle gambe garantiscono una maggiore libert\u00e0 di movimento e aumentano la visibilit\u00e0. Certificato secondo lo standard EN ISO 20471, classe 1.<\/p>\n<p>FUNZIONALIT\u00c0: inserto elasticizzato nel cavallo e sulla seduta, elasticizzato sul davanti. DETTAGLI: Cuciture rinforzate sul cavallo. Zip in plastica sul cavallo. Passanti, uno con anello a D. Vita elasticizzata. TASCHE: Tasca sulla gamba con soffietto, tasca con patta e penna, tasca supplementare, tasca per cellulare e tasca per carta d'identit\u00e0. Tasche posteriori rinforzate con soffietti. Tasche laterali. Tasche portautensili sospese staccabili e intercambiabili, extra larghe, dotate di ganci portautensili, scomparto portautensili e tasche supplementari con cerniera. Tasca rinforzata per regolo pieghevole con portacoltelli e portapenne. RINFORZO: tasche portautensili, tasche posteriori e tasca porta metro rinforzate in CORDURA\u00ae. REFLEX: strisce riflettenti a trasferimento larghe 50 mm. Materiale riflettente intorno alle gambe. ISTRUZIONI DI LAVAGGIO: Numero di lavaggi: 50. 60\u00b0 C. Non candeggiare. Non stirare. Non lavare a secco. Non centrifugare. PROPRIET\u00c0 PRINCIPALI: Driver. Artigiano. Lavoratori di magazzino. Lavoratori stradali ed edili. Uomo. EN ISO 20471. TESSUTO: Uomo. blu. Giallo alta visibilit\u00e0. Leggero. Inserto elasticizzato. Tasche portautensili. Stretch. Protezione ad alta visibilit\u00e0. USP: tasche portautensili rinforzate in CORDURA\u00ae. Nastro riflettente a segmenti. Inserti elasticizzati. Idrorepellente. CERTIFICAZIONE: EN ISO 20471, classe 1, gruppo di certificazione V.<\/p>\n<p>65% poliestere, 35% cotone, twill, tessuto esterno idrorepellente, 240g\/m\u00b2.<\/p>","protected":false},"excerpt":{"rendered":"<p>High Vis Shorts mit 4-Wege-Stretch Eins\u00e4tzen an der vorderen und hinteren Passe. Mit extra breiten Holstertaschen, Ges\u00e4sstaschen und einer Zollstocktasche, die mit CORDURA\u00ae verst\u00e4rkt ist. Unterbrochene Reflexstreifen um die Beine herum sorgen f\u00fcr mehr Bewegungsfreiheit und erh\u00f6hen die Sichtbarkeit. Zertifiziert nach EN ISO 20471 Standard, Klasse 1. FUNKTIONALIT\u00c4T: Stretch Einsatz im Schritt und \u00fcber dem [&hellip;]<\/p>\n","protected":false},"featured_media":662285,"template":"","meta":[],"product_brand":[],"product_cat":[4198],"product_tag":[],"class_list":{"0":"post-662266","1":"product","2":"type-product","3":"status-publish","4":"has-post-thumbnail","6":"product_cat-shorts","7":"pa_brand-blaklaeder","8":"pa_brand-type-workwear","9":"pa_filter-color-blau","10":"pa_filter-color-gelb","12":"first","13":"instock","14":"sale","15":"taxable","16":"shipping-taxable","17":"purchasable","18":"product-type-variable","19":"add-to-wishlist-before_image"},"exclude_global_add_ons":[],"addons":[],"acf":[],"_links":{"self":[{"href":"https:\/\/shop.kustom.ch\/it\/wp-json\/wp\/v2\/product\/662266"}],"collection":[{"href":"https:\/\/shop.kustom.ch\/it\/wp-json\/wp\/v2\/product"}],"about":[{"href":"https:\/\/shop.kustom.ch\/it\/wp-json\/wp\/v2\/types\/product"}],"wp:featuredmedia":[{"embeddable":true,"href":"https:\/\/shop.kustom.ch\/it\/wp-json\/wp\/v2\/media\/662285"}],"wp:attachment":[{"href":"https:\/\/shop.kustom.ch\/it\/wp-json\/wp\/v2\/media?parent=662266"}],"wp:term":[{"taxonomy":"product_brand","embeddable":true,"href":"https:\/\/shop.kustom.ch\/it\/wp-json\/wp\/v2\/product_brand?post=662266"},{"taxonomy":"product_cat","embeddable":true,"href":"https:\/\/shop.kustom.ch\/it\/wp-json\/wp\/v2\/product_cat?post=662266"},{"taxonomy":"product_tag","embeddable":true,"href":"https:\/\/shop.kustom.ch\/it\/wp-json\/wp\/v2\/product_tag?post=662266"}],"curies":[{"name":"wp","href":"https:\/\/api.w.org\/{rel}","templated":true}]}}