{"id":662190,"date":"2025-04-29T05:10:32","date_gmt":"2025-04-29T04:10:32","guid":{"rendered":"https:\/\/shop.kustom.ch\/?post_type=product&#038;p=662190"},"modified":"2026-03-31T08:32:44","modified_gmt":"2026-03-31T07:32:44","slug":"handwerker-arbeitshose-mit-stretch-5","status":"publish","type":"product","link":"https:\/\/shop.kustom.ch\/it\/prodotto\/handwerker-arbeitshose-mit-stretch-5\/","title":{"rendered":"Pantaloni da lavoro artigianali con elastico"},"content":{"rendered":"<p>I tradizionali pantaloni da lavoro dell'artigiano sono realizzati in tela. I requisiti di durata, comfort e praticit\u00e0 influenzano la scelta dell'abbigliamento da lavoro. I pantaloni con cintura in vita hanno una vestibilit\u00e0 pi\u00f9 stretta e il materiale \u00e8 realizzato con un tessuto di tela resistente ma leggero e arioso. Gli inserti elasticizzati sul sedile e sull'apertura delle tasche e le tasche per le ginocchia in tessuto elasticizzato CORDURA\u00ae rendono i pantaloni flessibili e perfetti per i lavori che richiedono molto movimento. Inoltre, questi pantaloni sono dotati di molti dettagli intelligenti e funzionali, come le tasche extra con cerniera per riporre in modo sicuro gli oggetti, una tasca per cellulare facilmente accessibile in materiale elasticizzato adatta alla maggior parte dei telefoni cellulari e discreti dettagli neri riflettenti sul polpaccio.<\/p>\n<p>FUNZIONALIT\u00c0: inserti elasticizzati sul carr\u00e9 posteriore, sulle tasche anteriori, sulle ginocchia e sul retro delle ginocchia. DETTAGLI: Tasca per carte d'identit\u00e0 staccabile. Bottoni in metallo. Portacoltelli con bottone. Cucitura interna della gamba con tripla impuntura. Zip in plastica sul cavallo. Ampi passanti per cintura sul retro e sui lati. Due passanti per cintura ai lati con bottone per il passante per il martello, un passante per cintura con anello a D sul davanti. Ampio passante per cintura sul retro. Anello a D sulla cintura. TASCHE: Tasca sulla gamba con soffietto, tasca per penne, tasca flessibile per cellulare e due ampie tasche - una con cerniera e tasca per carte d'identit\u00e0 staccabile. Tasche posteriori con soffietto. Tasche per ginocchiere. Tasca interna con inserto elastico. Tasche portautensili - con portautensili e tasche supplementari con cerniera. Tasca rinforzata per regolo pieghevole con portacoltelli e portapenne. RINFORZO: tasche per ginocchiere rinforzate in CORDURA\u00ae. Tasche rinforzate per chiodi, spatola, tasche posteriori e polsini posteriori delle gambe. REFLEX: dettagli riflettenti sulla gamba. FINITURA: Fondo gamba posteriore rinforzato. ISTRUZIONI DI LAVAGGIO: 60\u00b0 C. Ferro da stiro medio. Non candeggiare. Non lavare a secco. Asciugare a tamburo - basso. PROPRIET\u00c0 PRINCIPALI: Elettricista. Giardiniere. Tuttofare. Magazziniere. Lattoniere. EN 14004. TESSUTO: Uomo. blu. nero. Tasche per ginocchiere. Inserto elasticizzato. Tasche per attrezzi. Lavorazione artigianale. Stretch. USP: vestibilit\u00e0 aderente. Tasche per ginocchiere in CORDURA\u00ae stretch rinforzato. Inserti elasticizzati. Rinforzi su tasche e fondo gamba. Tasche portautensili. CERTIFICAZIONE: EN 14404:2004+A1:2010 insieme alle ginocchiere 4027, 4057, 4058 e 4032.<\/p>\n<p>Cotone 60%, poliestere 40%, tela, 340 g\/m\u00b2<\/p>","protected":false},"excerpt":{"rendered":"<p>Die traditionelle Handwerker Arbeitshose besteht aus einem Canvas Material. Die Anforderungen an Haltbarkeit, Komfort und praktische Details beeinflussen die Wahl der Arbeitskleidung. Die Bundhose hat eine engere Passform und das Material besteht aus einem Canvas Stoff, der stark aber dennoch leicht und luftig ist. Die Stretch Eins\u00e4tze \u00fcber dem Ges\u00e4ss und an der Taschen\u00f6ffnung und [&hellip;]<\/p>\n","protected":false},"featured_media":662199,"template":"","meta":[],"product_brand":[],"product_cat":[4185],"product_tag":[],"class_list":{"0":"post-662190","1":"product","2":"type-product","3":"status-publish","4":"has-post-thumbnail","6":"product_cat-hosen","7":"pa_brand-blaklaeder","8":"pa_brand-type-workwear","9":"pa_filter-color-blau","10":"pa_filter-color-grau","11":"pa_filter-color-schwarz","13":"first","14":"instock","15":"sale","16":"taxable","17":"shipping-taxable","18":"purchasable","19":"product-type-variable","20":"add-to-wishlist-before_image"},"exclude_global_add_ons":[],"addons":[],"acf":[],"_links":{"self":[{"href":"https:\/\/shop.kustom.ch\/it\/wp-json\/wp\/v2\/product\/662190"}],"collection":[{"href":"https:\/\/shop.kustom.ch\/it\/wp-json\/wp\/v2\/product"}],"about":[{"href":"https:\/\/shop.kustom.ch\/it\/wp-json\/wp\/v2\/types\/product"}],"wp:featuredmedia":[{"embeddable":true,"href":"https:\/\/shop.kustom.ch\/it\/wp-json\/wp\/v2\/media\/662199"}],"wp:attachment":[{"href":"https:\/\/shop.kustom.ch\/it\/wp-json\/wp\/v2\/media?parent=662190"}],"wp:term":[{"taxonomy":"product_brand","embeddable":true,"href":"https:\/\/shop.kustom.ch\/it\/wp-json\/wp\/v2\/product_brand?post=662190"},{"taxonomy":"product_cat","embeddable":true,"href":"https:\/\/shop.kustom.ch\/it\/wp-json\/wp\/v2\/product_cat?post=662190"},{"taxonomy":"product_tag","embeddable":true,"href":"https:\/\/shop.kustom.ch\/it\/wp-json\/wp\/v2\/product_tag?post=662190"}],"curies":[{"name":"wp","href":"https:\/\/api.w.org\/{rel}","templated":true}]}}