{"id":662189,"date":"2025-04-29T05:10:32","date_gmt":"2025-04-29T04:10:32","guid":{"rendered":"https:\/\/shop.kustom.ch\/?post_type=product&#038;p=662189"},"modified":"2026-03-31T08:32:39","modified_gmt":"2026-03-31T07:32:39","slug":"multinorm-arbeitshose-inhaerent-4","status":"publish","type":"product","link":"https:\/\/shop.kustom.ch\/it\/prodotto\/multinorm-arbeitshose-inhaerent-4\/","title":{"rendered":"Pantaloni da lavoro multinormali Inerente"},"content":{"rendered":"<p>Pantaloni repellenti all'olio, allo sporco e all'acqua con un eccellente rapporto resistenza\/peso. Il tessuto \u00e8 intrinsecamente resistente alle fiamme, il che significa che le propriet\u00e0 ignifughe sono naturalmente contenute nelle fibre. I pantaloni sono dotati di robusti inserti rinforzati in CORDURA\u00ae\/Kevlar\u00ae\/Protal\u00ae sulle ginocchia. Hanno molte soluzioni intelligenti per le tasche che soddisfano le certificazioni e gli standard. Le tasche che presentano un'usura eccessiva sono rinforzate due volte per prolungarne la durata. I pantaloni hanno tasche per le unghie, una tasca aperta per il righello e tasche posteriori senza pattina. Il tessuto ripstop garantisce un'eccellente resistenza agli strappi. Il prodotto \u00e8 certificato secondo: EN 14404, EN 1149-5, EN ISO 20471, EN ISO 11612, IEC 61482-2. ATPV: 11 cal\/cm\u00b2, HAF: 79,3%, LOI: 29,6%. Raggiunge la certificazione di Classe 3 in combinazione con la giacca 4089 secondo lo standard EN ISO 20471. Soddisfa i requisiti della norma EN ISO 15797 per il lavaggio industriale.<\/p>\n<p>FUNZIONALIT\u00c0: Senza metallo. Superficie oleorepellente, antisporco e idrorepellente. DETTAGLI: Tasca portadocumenti staccabile per indumenti ignifughi. Etichette di certificazione esterne. Zip in plastica sul cavallo. Passanti, uno con anello a D. TASCHE: Tasca sulla gamba con soffietto, tasca per cellulare e tasca per penna. Tasche posteriori rinforzate con soffietti. Tasche esterne per ginocchiere. Tasche anteriori oblique. Tasche portautensili rinforzate in tre parti. Tasca per regolo pieghevole con portacoltelli e portapenne. RINFORZO: CORDURA\u00ae\/Kevlar\u00ae\/Protal\u00ae - rinforzato sulle ginocchia. REFLEX: strisce riflettenti ignifughe con doppie cuciture. CHIUSURA: larghezza regolabile del fondo gamba con bottoni a pressione in plastica. ISTRUZIONI DI LAVAGGIO: 60\u00b0 C. Non candeggiare. Non stirare. Non lavare a secco. PRO: adatto all'asciugatura in asciugatrice. Asciugatrice - bassa. PROPRIET\u00c0 PRINCIPALI: Elettricista. Tuttofare. Personale di servizio. Lavoratori stradali ed edili. EN 1149-5. EN 14004. EN 61482-2. EN ISO 11612. EN ISO 20471. TESSUTO: Uomo. blu. Giallo alta visibilit\u00e0. Tasche per ginocchiere. Senza metallo. Tasche per attrezzi. Protezione dalle fiamme. LAVAGGIO: lavanderia industriale EN ISO 15797. CERTIFICAZIONE: EN 1149-5. 50 cicli di lavaggio max. EN 14404:2004+A1:2010 insieme alle ginocchiere 4027 e 4057. ATPV - 11 cal\/cm\u00b2. ELIM - 10 cal\/cm\u00b2. EN 61482-2, APC 1. max. 50 lavaggi. EN ISO 11612 A1,A2,B1,C1,F1. Max. 50 lavaggi. EN ISO 20471, classe 2. max. 50 lavaggi. Gruppo di certificazione Y<\/p>\n<p>44% modacrilico, 30% cotone, 20% poliammide FR, 5% aramide, 1% antistatico, ripstop, ignifugo, antistatico, 260 g\/m\u00b2<\/p>","protected":false},"excerpt":{"rendered":"<p>\u00d6l-, schmutz- und wasserabweisende Hose mit ausgezeichnetem St\u00e4rke-Gewichts-Verh\u00e4ltnis. Der Stoff ist inherent flammfest, was bedeutet, dass die Flammschutz-Eigenschaften nat\u00fcrlich in den Fasern enthalten sind. Die Hose hat robuste CORDURA\u00ae\/Kevlar\u00ae\/Protal\u00ae verst\u00e4rkte Eins\u00e4tze an den Knien. Sie weist viele clevere Taschenl\u00f6sungen, die die Zertifizierungen und Normen erf\u00fcllen, auf. Taschen mit \u00fcberm\u00e4ssiger Abnutzung sind doppelt verst\u00e4rkt, um ihre [&hellip;]<\/p>\n","protected":false},"featured_media":662198,"template":"","meta":[],"product_brand":[],"product_cat":[4185],"product_tag":[],"class_list":{"0":"post-662189","1":"product","2":"type-product","3":"status-publish","4":"has-post-thumbnail","6":"product_cat-hosen","7":"pa_brand-blaklaeder","8":"pa_brand-type-workwear","9":"pa_filter-color-blau","10":"pa_filter-color-gelb","11":"pa_filter-color-orange","13":"first","14":"instock","15":"sale","16":"taxable","17":"shipping-taxable","18":"purchasable","19":"product-type-variable","20":"add-to-wishlist-before_image"},"exclude_global_add_ons":[],"addons":[],"acf":[],"_links":{"self":[{"href":"https:\/\/shop.kustom.ch\/it\/wp-json\/wp\/v2\/product\/662189"}],"collection":[{"href":"https:\/\/shop.kustom.ch\/it\/wp-json\/wp\/v2\/product"}],"about":[{"href":"https:\/\/shop.kustom.ch\/it\/wp-json\/wp\/v2\/types\/product"}],"wp:featuredmedia":[{"embeddable":true,"href":"https:\/\/shop.kustom.ch\/it\/wp-json\/wp\/v2\/media\/662198"}],"wp:attachment":[{"href":"https:\/\/shop.kustom.ch\/it\/wp-json\/wp\/v2\/media?parent=662189"}],"wp:term":[{"taxonomy":"product_brand","embeddable":true,"href":"https:\/\/shop.kustom.ch\/it\/wp-json\/wp\/v2\/product_brand?post=662189"},{"taxonomy":"product_cat","embeddable":true,"href":"https:\/\/shop.kustom.ch\/it\/wp-json\/wp\/v2\/product_cat?post=662189"},{"taxonomy":"product_tag","embeddable":true,"href":"https:\/\/shop.kustom.ch\/it\/wp-json\/wp\/v2\/product_tag?post=662189"}],"curies":[{"name":"wp","href":"https:\/\/api.w.org\/{rel}","templated":true}]}}