{"id":662072,"date":"2025-04-29T05:09:38","date_gmt":"2025-04-29T04:09:38","guid":{"rendered":"https:\/\/shop.kustom.ch\/?post_type=product&#038;p=662072"},"modified":"2026-03-31T08:32:30","modified_gmt":"2026-03-31T07:32:30","slug":"high-vis-shorts-mit-stretch-2","status":"publish","type":"product","link":"https:\/\/shop.kustom.ch\/it\/prodotto\/high-vis-shorts-mit-stretch-2\/","title":{"rendered":"Pantaloncini in alta visibilit\u00e0 elasticizzati"},"content":{"rendered":"<p>Pantaloncini High Vis estremamente comodi e flessibili con pannelli elasticizzati nel cavallo e nella seduta. Pantaloncini certificati High Vis Classe 2 basati sui pantaloni High Vis 1552 di Bl\u00e5kl\u00e4der, dotati di dettagli riflettenti, tasca posteriore con patta, tasca sulla gamba, tasca per cellulare, tasca per carta d'identit\u00e0 e tasca per unghie e tasca rinforzata in CORDURA\u00ae. Prodotto ed etichettato secondo lo standard OEKO-TEX\u00ae MADE IN GREENLo standard OEKO-TEX\u00ae MADE IN GREEN garantisce che i prodotti tessili e in pelle siano prodotti in modo sostenibile e socialmente responsabile, siano privi di sostanze nocive e completamente tracciabili. Questo garantisce un prodotto sicuro e rispettoso dell'ambiente.Scopri di pi\u00f9 sui sigilli di sostenibilit\u00e0 presenti sui nostri capi.<\/p>\n<p>FUNZIONALIT\u00c0: Inserto elasticizzato sul cavallo e sulla seduta. DETTAGLI: Cuciture rinforzate sul cavallo. Zip in plastica sul cavallo. Passanti, uno con anello a D. TASCHE: Tasca sulla gamba con soffietto, patta e tasca portapenne, tasca aggiuntiva e tasca portacellulare. Tasca posteriore, una con patta. Tasche laterali. Tasche rinforzate per attrezzi in tre parti. Tasca rinforzata per regolo pieghevole con portacoltelli e portapenne. RINFORZO: tasche portautensili e porta metro pieghevoli rinforzate in CORDURA\u00ae. REFLEX: strisce riflettenti larghe 50 mm. Strisce riflettenti larghe 60 mm. Materiale riflettente intorno alle gambe. ISTRUZIONI DI LAVAGGIO: Numero di lavaggi: 25. Numero di lavaggi: x 20 - si applica al colore 3300. 40\u00b0 C. Non candeggiare. Non candeggiare. Non stirare. Non lavare a secco. Non centrifugare. PROPRIET\u00c0 PRINCIPALI: Autista. Giardiniere. Artigiani. Lavoratori stradali e edili. Disponibile per uomo e donna. Uomo. EN ISO 20471. TESSUTO: Disponibile per uomo e donna. Uomo. Giallo alta visibilit\u00e0. Leggero. Inserto elasticizzato. Tasche portautensili. Stretch. Alta visibilit\u00e0. USP: ampie strisce riflettenti. Tasche portautensili rinforzate in CORDURA\u00ae. Inserti elasticizzati. Idrorepellente. Tasche portautensili. CERTIFICAZIONE: . Gli indumenti di classe 2 e 3 in arancione sono conformi alla norma RIS-3279-TOM Edizione 2. gruppo di certificazione X<\/p>\n<p>65% poliestere, 35% cotone, twill, tessuto esterno idrorepellente, 240g\/m\u00b2.<\/p>","protected":false},"excerpt":{"rendered":"<p>Eine extrem komfortable und flexible High Vis Shorts mit Stretch-Eins\u00e4tzen im Schritt und am Ges\u00e4ss. Eine High Vis Klasse 2 &#8211; zertifizierte Shorts basierend auf Bl\u00e5kl\u00e4ders High Vis Hose 1552. Sie bietet Reflexdetails, eine Ges\u00e4sstasche mit Patte, eine Beintasche, eine Handytasche, eine Ausweistasche und eine CORDURA\u00ae-verst\u00e4rkte Tasche und Nageltasche. Produziert und gekennzeichnet nach dem OEKO-TEX\u00ae [&hellip;]<\/p>\n","protected":false},"featured_media":662093,"template":"","meta":[],"product_brand":[],"product_cat":[4198],"product_tag":[],"class_list":{"0":"post-662072","1":"product","2":"type-product","3":"status-publish","4":"has-post-thumbnail","6":"product_cat-shorts","7":"pa_brand-blaklaeder","8":"pa_brand-type-workwear","9":"pa_filter-color-gelb","10":"pa_filter-color-orange","11":"pa_filter-color-rot","13":"first","14":"instock","15":"sale","16":"taxable","17":"shipping-taxable","18":"purchasable","19":"product-type-variable","20":"add-to-wishlist-before_image"},"exclude_global_add_ons":[],"addons":[],"acf":[],"_links":{"self":[{"href":"https:\/\/shop.kustom.ch\/it\/wp-json\/wp\/v2\/product\/662072"}],"collection":[{"href":"https:\/\/shop.kustom.ch\/it\/wp-json\/wp\/v2\/product"}],"about":[{"href":"https:\/\/shop.kustom.ch\/it\/wp-json\/wp\/v2\/types\/product"}],"wp:featuredmedia":[{"embeddable":true,"href":"https:\/\/shop.kustom.ch\/it\/wp-json\/wp\/v2\/media\/662093"}],"wp:attachment":[{"href":"https:\/\/shop.kustom.ch\/it\/wp-json\/wp\/v2\/media?parent=662072"}],"wp:term":[{"taxonomy":"product_brand","embeddable":true,"href":"https:\/\/shop.kustom.ch\/it\/wp-json\/wp\/v2\/product_brand?post=662072"},{"taxonomy":"product_cat","embeddable":true,"href":"https:\/\/shop.kustom.ch\/it\/wp-json\/wp\/v2\/product_cat?post=662072"},{"taxonomy":"product_tag","embeddable":true,"href":"https:\/\/shop.kustom.ch\/it\/wp-json\/wp\/v2\/product_tag?post=662072"}],"curies":[{"name":"wp","href":"https:\/\/api.w.org\/{rel}","templated":true}]}}