{"id":661763,"date":"2025-04-29T05:07:41","date_gmt":"2025-04-29T04:07:41","guid":{"rendered":"https:\/\/shop.kustom.ch\/?post_type=product&#038;p=661763"},"modified":"2026-03-31T08:32:13","modified_gmt":"2026-03-31T07:32:13","slug":"high-vis-arbeitshose-5","status":"publish","type":"product","link":"https:\/\/shop.kustom.ch\/it\/prodotto\/high-vis-arbeitshose-5\/","title":{"rendered":"Pantaloni da lavoro ad alta visibilit\u00e0"},"content":{"rendered":"<p>Pantaloni da autista ad alta visibilit\u00e0 di alta qualit\u00e0. Offre protezione e funzionalit\u00e0 di prima classe, come le tasche interne per le ginocchiere e le tasche posteriori estese - certificate secondo la norma EN ISO 20471 classe 1.<\/p>\n<p>FUNZIONALIT\u00c0: gambe dei pantaloni particolarmente ergonomiche. DETTAGLI: Tasca per carte d'identit\u00e0 incassata. Passanti, uno con anello a D. TASCHE: Tasca sulla gamba con patta e bottone a pressione e tasca pi\u00f9 piccola cucita. Tasca sulla gamba con patta e tasca per cellulare. Tasca posteriore con patta. Tasche interne per ginocchiere. Tasche laterali. Tasca extra larga per regolo pieghevole rinforzata in CORDURA\u00ae con portapenne, portacoltelli e tasca aggiuntiva. REFLEX: strisce riflettenti larghe 50 mm. Strisce riflettenti larghe 70 mm. Materiale riflettente intorno alle gambe. ISTRUZIONI DI LAVAGGIO: Colore 55XX\/XX55 - lavaggio domestico e industriale secondo EN ISO 20471. lavaggio domestico X 50. lavaggio industriale X 50. 70\u00b0 C. Non candeggiare. Non candeggiare. Non stirare. Non lavare a secco. PRO: adatto all'asciugatura in tamburo. Asciugatrice - alta. PROPRIET\u00c0 PRINCIPALI: Guidatori. Lavoratori stradali ed edili. EN 14004. EN ISO 20471. TESSUTO: Uomo. blu. Giallo alta visibilit\u00e0. Tasche per ginocchiere. Protezione ad alta visibilit\u00e0. LAVAGGIO: lavanderia industriale EN ISO 15797. CERTIFICAZIONE: EN 14404:2004+A1:2010 insieme alle ginocchiere 4027 e 4057. EN ISO 20471, classe 1. gruppo di certificazione W<\/p>\n<p>65% poliestere, 35% cotone, twill, 300g\/m\u00b2<\/p>","protected":false},"excerpt":{"rendered":"<p>Hochqualitative High Vis Fahrerhose. Setzt auf erstklassigen Schutz und Funktionalit\u00e4t, wie innenliegende Kniepolstertaschen und erweiterte Ges\u00e4sstaschen &#8211; zertifiziert nach EN ISO 20471 Klasse 1. FUNKTIONALIT\u00c4T: Besonders ergonomisch geformte Hosenbeine. DETAILS: Ausweistasche versenkbar. Schlaufen, davon eine mit D-Ring. TASCHEN: Beintasche mit Patte und Druckknopf und aufgen\u00e4hter kleinerer Tasche. Beintasche mit Patte und Handytasche. Ges\u00e4sstasche mit Patte. [&hellip;]<\/p>\n","protected":false},"featured_media":661794,"template":"","meta":[],"product_brand":[],"product_cat":[4185],"product_tag":[],"class_list":{"0":"post-661763","1":"product","2":"type-product","3":"status-publish","4":"has-post-thumbnail","6":"product_cat-hosen","7":"pa_brand-blaklaeder","8":"pa_brand-type-workwear","9":"pa_filter-color-blau","10":"pa_filter-color-gelb","11":"pa_filter-color-orange","12":"pa_filter-color-rot","13":"pa_filter-color-schwarz","15":"first","16":"instock","17":"sale","18":"taxable","19":"shipping-taxable","20":"purchasable","21":"product-type-variable","22":"add-to-wishlist-before_image"},"exclude_global_add_ons":[],"addons":[],"acf":[],"_links":{"self":[{"href":"https:\/\/shop.kustom.ch\/it\/wp-json\/wp\/v2\/product\/661763"}],"collection":[{"href":"https:\/\/shop.kustom.ch\/it\/wp-json\/wp\/v2\/product"}],"about":[{"href":"https:\/\/shop.kustom.ch\/it\/wp-json\/wp\/v2\/types\/product"}],"wp:featuredmedia":[{"embeddable":true,"href":"https:\/\/shop.kustom.ch\/it\/wp-json\/wp\/v2\/media\/661794"}],"wp:attachment":[{"href":"https:\/\/shop.kustom.ch\/it\/wp-json\/wp\/v2\/media?parent=661763"}],"wp:term":[{"taxonomy":"product_brand","embeddable":true,"href":"https:\/\/shop.kustom.ch\/it\/wp-json\/wp\/v2\/product_brand?post=661763"},{"taxonomy":"product_cat","embeddable":true,"href":"https:\/\/shop.kustom.ch\/it\/wp-json\/wp\/v2\/product_cat?post=661763"},{"taxonomy":"product_tag","embeddable":true,"href":"https:\/\/shop.kustom.ch\/it\/wp-json\/wp\/v2\/product_tag?post=661763"}],"curies":[{"name":"wp","href":"https:\/\/api.w.org\/{rel}","templated":true}]}}