{"id":661699,"date":"2025-04-29T05:07:16","date_gmt":"2025-04-29T04:07:16","guid":{"rendered":"https:\/\/shop.kustom.ch\/?post_type=product&#038;p=661699"},"modified":"2026-03-31T08:32:03","modified_gmt":"2026-03-31T07:32:03","slug":"multinorm-handwerker-arbeitshose-2","status":"publish","type":"product","link":"https:\/\/shop.kustom.ch\/it\/prodotto\/multinorm-handwerker-arbeitshose-2\/","title":{"rendered":"Pantaloni da lavoro artigianali Multinorm"},"content":{"rendered":"<p>I pantaloni da lavoro Multinorm per artigiani, idrorepellenti e antiolio, offrono la massima protezione quando si lavora in condizioni estreme. Pantaloni da lavoro estesi in materiale robusto con soluzioni tascabili intelligenti e tasche rinforzate per ginocchiere in CORDURA\u00ae\/Kevlar\u00ae\/Protal\u2122 con due livelli di posizionamento. Adatti al lavaggio industriale. Protegge dai prodotti chimici liquidi. Certificato secondo le norme EN 14404, EN 1149-5, EN ISO 11611, EN 13034, EN ISO 20471, EN ISO 11612, IEC 61482-2. ATPV: 11,0 cal\/cm\u00b2.<\/p>\n<p>FUNZIONALIT\u00c0: superficie oleorepellente, antisporco e idrorepellente. DETTAGLI: Tasca portadocumenti staccabile per indumenti ignifughi. Etichette di certificazione esterne. Cerniera metallica sul cavallo. Passanti, uno con anello a D. TASCHE: Tasca sulla gamba con soffietto, tasca per cellulare e tasca per penna. Tasca posteriore con soffietto e patta con bottone. Tasche esterne per ginocchiere. Tasche interne con pattina. Tasca per regolo pieghevole con portacoltelli e portapenne. RINFORZO: CORDURA\u00ae\/Kevlar\u00ae\/Protal\u00ae - rinforzato sulle ginocchia. REFLEX: strisce riflettenti ignifughe con doppie cuciture. ISTRUZIONI DI LAVAGGIO: 60\u00b0 C. Non candeggiare. Non stirare. Non lavare a secco. PRO: adatto all'asciugatura in asciugatrice. Asciugatrice - bassa. PROPRIET\u00c0 PRINCIPALI: Elettricista. Artigiani. Lavoratori stradali ed edili. EN 1149-5. EN 13034. EN 14004. EN 61482-2. EN ISO 11611. EN ISO 11612. EN ISO 20471. TESSUTO: Uomo. blu. Giallo alta visibilit\u00e0. Tasche per ginocchiere. Protezione dalle fiamme. LAVAGGIO: lavaggio industriale EN ISO 15797. CERTIFICAZIONE: EN 1149-5. EN 13034 PB (6). Massimo 20 lavaggi. EN 14404:2004+A1:2010 insieme alle ginocchiere 4027 e 4057. EN ISO 11611, classe 1 A1+A2. EN ISO 11612 A1, A2, B1, C1, E3, F1. EN ISO 20471, classe 2. Massimo 50 lavaggi. Gruppo di certificazione Y. ATPV - 11 cal\/cm\u00b2. IEC 61482-2, APC 1<\/p>\n<p>75% cotone, 24% poliestere, 1% antistatico, twill, ritardante di fiamma, antistatico, 350 g\/m\u00b2<\/p>","protected":false},"excerpt":{"rendered":"<p>Die \u00f6l-, schmutz- und wasserabweisende Multinorm Handwerker Arbeitshose bietet Ihnen den ultimativen Schutz bei Arbeiten in extremen Bedingungen. Eine erweiterte Handwerker Bundhose aus einem robusten Material mit intelligenten Taschenl\u00f6sungen und verst\u00e4rkten Kniepolstertaschen aus CORDURA\u00ae\/Kevlar\u00ae\/Protal\u2122 mit zwei Platzierungsebenen. Industriew\u00e4sche geeignet. Sch\u00fctzt vor fl\u00fcssigen Chemikalien. Zertifiziert nach EN 14404, EN 1149-5, EN ISO 11611, EN 13034, EN [&hellip;]<\/p>\n","protected":false},"featured_media":661741,"template":"","meta":[],"product_brand":[],"product_cat":[4185],"product_tag":[],"class_list":{"0":"post-661699","1":"product","2":"type-product","3":"status-publish","4":"has-post-thumbnail","6":"product_cat-hosen","7":"pa_brand-blaklaeder","8":"pa_brand-type-workwear","9":"pa_filter-color-blau","10":"pa_filter-color-gelb","12":"first","13":"instock","14":"sale","15":"taxable","16":"shipping-taxable","17":"purchasable","18":"product-type-variable","19":"add-to-wishlist-before_image"},"exclude_global_add_ons":[],"addons":[],"acf":[],"_links":{"self":[{"href":"https:\/\/shop.kustom.ch\/it\/wp-json\/wp\/v2\/product\/661699"}],"collection":[{"href":"https:\/\/shop.kustom.ch\/it\/wp-json\/wp\/v2\/product"}],"about":[{"href":"https:\/\/shop.kustom.ch\/it\/wp-json\/wp\/v2\/types\/product"}],"wp:featuredmedia":[{"embeddable":true,"href":"https:\/\/shop.kustom.ch\/it\/wp-json\/wp\/v2\/media\/661741"}],"wp:attachment":[{"href":"https:\/\/shop.kustom.ch\/it\/wp-json\/wp\/v2\/media?parent=661699"}],"wp:term":[{"taxonomy":"product_brand","embeddable":true,"href":"https:\/\/shop.kustom.ch\/it\/wp-json\/wp\/v2\/product_brand?post=661699"},{"taxonomy":"product_cat","embeddable":true,"href":"https:\/\/shop.kustom.ch\/it\/wp-json\/wp\/v2\/product_cat?post=661699"},{"taxonomy":"product_tag","embeddable":true,"href":"https:\/\/shop.kustom.ch\/it\/wp-json\/wp\/v2\/product_tag?post=661699"}],"curies":[{"name":"wp","href":"https:\/\/api.w.org\/{rel}","templated":true}]}}