{"id":661636,"date":"2025-04-29T05:06:51","date_gmt":"2025-04-29T04:06:51","guid":{"rendered":"https:\/\/shop.kustom.ch\/?post_type=product&#038;p=661636"},"modified":"2026-03-31T08:32:03","modified_gmt":"2026-03-31T07:32:03","slug":"arbeitshose-handwerk-ohne-nageltaschen","status":"publish","type":"product","link":"https:\/\/shop.kustom.ch\/it\/prodotto\/arbeitshose-handwerk-ohne-nageltaschen\/","title":{"rendered":"Pantaloni da lavoro artigianali senza tasche per le unghie"},"content":{"rendered":"<p>Pantaloni da artigiano che offrono il massimo comfort, un'eccellente protezione grazie ai rinforzi in CORDURA\u00ae sulle tasche delle ginocchia e a diverse tasche facilmente accessibili. Due tasche posteriori con soffietto, passante per il martello e tasche applicate rinforzate.<\/p>\n<p>DETTAGLI: Tasca per carte d'identit\u00e0. Bottoni in metallo. Cucitura interna della gamba con tripla impuntura. Zip in plastica sul cavallo. Due passanti per cintura ai lati con bottone per il passante a martello, un passante per cintura con anello a D sul davanti. Ampio passante per cintura sul retro. TASCHE: Tasca sulla gamba con soffietto, tasca con patta e penna, tasca supplementare, tasca per cellulare e tasca per carta d'identit\u00e0. Tasche posteriori con soffietto. Tasche per ginocchiere. Tasche anteriori con soffietto. Tasca per regolo pieghevole con portacoltelli e portapenne. RINFORZO: ginocchia e tasche posteriori rinforzate in CORDURA\u00ae. ISTRUZIONI DI LAVAGGIO: 70\u00b0 C. Stiratura - media. Lavaggio a secco - normale P. Non candeggiare. Asciugatura in asciugatrice - bassa. PRINCIPALI COMPITI: Lavoratore del calcestruzzo. Elettricista. Tuttofare. Idraulico. Meccanico. EN 14004. TESSUTO: Uomo. blu. Tasche per ginocchiere. Artigiano. CERTIFICAZIONE: EN 14404:2004+A1:2010 insieme alle ginocchiere 4027, 4057, 4058 e 4032.<\/p>\n<p>65% poliestere, 35% cotone, twill, 300g\/m\u00b2<\/p>","protected":false},"excerpt":{"rendered":"<p>Eine Handwerkerhose, die maximalen Komfort, hervorragenden Schutz mit CORDURA\u00ae Verst\u00e4rkungen an den Knietaschen und mehrere leicht zug\u00e4ngliche Taschen bietet. Zwei Ges\u00e4sstaschen mit Balg, Hammerschlaufe und verst\u00e4rkte aufgesetzte Taschen. DETAILS: Ausweistasche. Metallkn\u00f6pfe. Innenbeinnaht mit 3-fach-Naht. Kunststoff-Reissverschluss im Schritt. Zwei G\u00fcrtelschlaufen an den Seiten mit einem Knopf f\u00fcr eine Hammerschlaufe, eine G\u00fcrtelschlaufe mit D-Ring vorne. Breite G\u00fcrtelschlaufe [&hellip;]<\/p>\n","protected":false},"featured_media":661691,"template":"","meta":[],"product_brand":[],"product_cat":[4185],"product_tag":[],"class_list":{"0":"post-661636","1":"product","2":"type-product","3":"status-publish","4":"has-post-thumbnail","6":"product_cat-hosen","7":"pa_brand-blaklaeder","8":"pa_brand-type-workwear","9":"pa_filter-color-blau","10":"pa_filter-color-grau","11":"pa_filter-color-schwarz","13":"first","14":"instock","15":"sale","16":"taxable","17":"shipping-taxable","18":"purchasable","19":"product-type-variable","20":"add-to-wishlist-before_image"},"exclude_global_add_ons":[],"addons":[],"acf":[],"_links":{"self":[{"href":"https:\/\/shop.kustom.ch\/it\/wp-json\/wp\/v2\/product\/661636"}],"collection":[{"href":"https:\/\/shop.kustom.ch\/it\/wp-json\/wp\/v2\/product"}],"about":[{"href":"https:\/\/shop.kustom.ch\/it\/wp-json\/wp\/v2\/types\/product"}],"wp:featuredmedia":[{"embeddable":true,"href":"https:\/\/shop.kustom.ch\/it\/wp-json\/wp\/v2\/media\/661691"}],"wp:attachment":[{"href":"https:\/\/shop.kustom.ch\/it\/wp-json\/wp\/v2\/media?parent=661636"}],"wp:term":[{"taxonomy":"product_brand","embeddable":true,"href":"https:\/\/shop.kustom.ch\/it\/wp-json\/wp\/v2\/product_brand?post=661636"},{"taxonomy":"product_cat","embeddable":true,"href":"https:\/\/shop.kustom.ch\/it\/wp-json\/wp\/v2\/product_cat?post=661636"},{"taxonomy":"product_tag","embeddable":true,"href":"https:\/\/shop.kustom.ch\/it\/wp-json\/wp\/v2\/product_tag?post=661636"}],"curies":[{"name":"wp","href":"https:\/\/api.w.org\/{rel}","templated":true}]}}