{"id":661448,"date":"2025-04-29T05:05:49","date_gmt":"2025-04-29T04:05:49","guid":{"rendered":"https:\/\/shop.kustom.ch\/?post_type=product&#038;p=661448"},"modified":"2026-03-31T08:31:54","modified_gmt":"2026-03-31T07:31:54","slug":"high-vis-softshell-arbeitshose-2","status":"publish","type":"product","link":"https:\/\/shop.kustom.ch\/it\/prodotto\/high-vis-softshell-arbeitshose-2\/","title":{"rendered":"Pantaloni da lavoro Softshell ad alta visibilit\u00e0"},"content":{"rendered":"<p>Pantaloni da lavoro ad alta visibilit\u00e0 per artigiani in materiale softshell flessibile. L'eccellente taglio combinato con il materiale flessibile, antivento e idrorepellente rende questi pantaloni la scelta perfetta per lavorare in condizioni di maltempo. Le note funzioni dei pantaloni da lavoro Blakl\u00e4der sono ovviamente incorporate anche qui. Certificato secondo la norma EN 471\/20471, classe 2.<\/p>\n<p>FUNZIONALIT\u00c0: antivento e impermeabile, cuciture non sigillate, traspirante. DETTAGLI: Tasca per carte d'identit\u00e0 staccabile. Passanti per un monofono. Due passanti con chiusura a velcro sui lati per il portamartello. TASCHE: Tasca sulla gamba con portacellulare. Tasche posteriori a soffietto, rinforzate. Una con patta. Tasche per ginocchiere. Tasche portautensili - extra larghe, tagliate in diagonale e con un numero particolarmente elevato di scomparti. Tasca per regolo pieghevole con portacoltelli e portapenne. RINFORZO: tasche appese rinforzate in CORDURA\u00ae, tasche posteriori, tasca per righello, tasche per le gambe, ginocchia. REFLEX: strisce riflettenti larghe 70 mm. Materiale riflettente intorno alle gambe. ISTRUZIONI DI LAVAGGIO: Numero di lavaggi: 20. 40\u00b0 C. Non candeggiare. Non stirare. Non lavare a secco. Non centrifugare. PROPRIET\u00c0 PRINCIPALI: Artigiani. Lavoratori stradali ed edili. EN 14004. EN ISO 20471. TESSUTO: Disponibile per uomo e donna. Uomo. Giallo alta visibilit\u00e0. nero. Traspirabilit\u00e0. Tasche per ginocchiere. idrorepellente. Tasche per attrezzi. antivento. Protezione ad alta visibilit\u00e0. USP: Softshell a 3 strati. Traspirante. Tasche per ginocchiere rinforzate in CORDURA\u00ae. Tasche porta attrezzi rinforzate in CORDURA\u00ae. Tasche portautensili extra larghe. Antivento e impermeabile. CERTIFICAZIONE: EN 14404:2004+A1:2010 insieme alle ginocchiere 4027, 4057, 4058 e 4032. EN ISO 20471, classe 2. gruppo di certificazione Y<\/p>\n<p>100% poliestere, tessuto softshell a 3 strati, impermeabile 17.000 mm, antivento, traspirante Ret 7.2, 300 g\/m\u00b2<\/p>","protected":false},"excerpt":{"rendered":"<p>Warnschutz Handwerker-Arbeitshose in flexiblem Softshell-Material. Der hervorragende Schnitt kombiniert mit flexiblem, wind-und wasserabweisenden Material macht diese Hose zur perfekten Wahl f\u00fcr Arbeiten bei schlechtem Wetter. Die bekannten Funktionen einer Blakl\u00e4der-Handwerkerhose sind nat\u00fcrlich auch hier verarbeitet. Zertifiziert nach EN 471\/20471, Klasse 2. FUNKTIONALIT\u00c4T: Wind- &amp; wasserdicht, nicht versiegelte N\u00e4hte, atmungsaktiv. DETAILS: Abnehmbare Ausweistasche. Schlaufen f\u00fcr ein [&hellip;]<\/p>\n","protected":false},"featured_media":661502,"template":"","meta":[],"product_brand":[],"product_cat":[4185],"product_tag":[],"class_list":{"0":"post-661448","1":"product","2":"type-product","3":"status-publish","4":"has-post-thumbnail","6":"product_cat-hosen","7":"pa_brand-blaklaeder","8":"pa_brand-type-workwear","9":"pa_filter-color-blau","10":"pa_filter-color-gelb","11":"pa_filter-color-orange","12":"pa_filter-color-rot","13":"pa_filter-color-schwarz","15":"first","16":"instock","17":"sale","18":"taxable","19":"shipping-taxable","20":"purchasable","21":"product-type-variable","22":"add-to-wishlist-before_image"},"exclude_global_add_ons":[],"addons":[],"acf":[],"_links":{"self":[{"href":"https:\/\/shop.kustom.ch\/it\/wp-json\/wp\/v2\/product\/661448"}],"collection":[{"href":"https:\/\/shop.kustom.ch\/it\/wp-json\/wp\/v2\/product"}],"about":[{"href":"https:\/\/shop.kustom.ch\/it\/wp-json\/wp\/v2\/types\/product"}],"wp:featuredmedia":[{"embeddable":true,"href":"https:\/\/shop.kustom.ch\/it\/wp-json\/wp\/v2\/media\/661502"}],"wp:attachment":[{"href":"https:\/\/shop.kustom.ch\/it\/wp-json\/wp\/v2\/media?parent=661448"}],"wp:term":[{"taxonomy":"product_brand","embeddable":true,"href":"https:\/\/shop.kustom.ch\/it\/wp-json\/wp\/v2\/product_brand?post=661448"},{"taxonomy":"product_cat","embeddable":true,"href":"https:\/\/shop.kustom.ch\/it\/wp-json\/wp\/v2\/product_cat?post=661448"},{"taxonomy":"product_tag","embeddable":true,"href":"https:\/\/shop.kustom.ch\/it\/wp-json\/wp\/v2\/product_tag?post=661448"}],"curies":[{"name":"wp","href":"https:\/\/api.w.org\/{rel}","templated":true}]}}