{"id":661216,"date":"2025-04-29T05:04:23","date_gmt":"2025-04-29T04:04:23","guid":{"rendered":"https:\/\/shop.kustom.ch\/?post_type=product&#038;p=661216"},"modified":"2026-03-31T08:31:34","modified_gmt":"2026-03-31T07:31:34","slug":"high-vis-arbeitshose-4","status":"publish","type":"product","link":"https:\/\/shop.kustom.ch\/it\/prodotto\/high-vis-arbeitshose-4\/","title":{"rendered":"Pantaloni da lavoro ad alta visibilit\u00e0"},"content":{"rendered":"<p>Pantaloni da lavoro ad alta visibilit\u00e0 realizzati in materiale di alta qualit\u00e0, leggero e idrorepellente. L'elevata resistenza allo strappo, l'eccezionale resistenza all'abrasione e le tasche interne supplementari per le ginocchiere rendono i pantaloni ad alta visibilit\u00e0 1564 la vostra prima scelta. Certificato secondo la norma EN ISO 20471 Classe 1.<\/p>\n<p>DETTAGLI: Tasca per carte d'identit\u00e0 staccabile. Cucitura interna della gamba con tripla impuntura. Zip in plastica sul cavallo. Passanti, uno con anello a D. TASCHE: Tasca sulla gamba con soffietto, patta e tasca per la penna, tasca aggiuntiva, tasca per il cellulare e tasca per la carta d'identit\u00e0. Tasca sulla gamba con tasca aggiuntiva e tasca portapenne. Tasche posteriori. Tasche interne per ginocchiere. Tasche oblique. REFLEX: strisce riflettenti larghe 60 mm. Materiale riflettente intorno alle gambe. CONCLUSIONE: le taglie C possono essere estese alle taglie C100. ISTRUZIONI DI LAVAGGIO: Colore 55XX\/XX55 - lavaggio domestico e industriale secondo EN ISO 20471. lavaggio domestico X 50. lavaggio industriale X 50. 70\u00b0 C. Non candeggiare. Non candeggiare. Non stirare. Non lavare a secco. PRO: adatto all'asciugatura in tamburo. Asciugatrice - alta. PROPRIET\u00c0 PRINCIPALI: Autista. Artigiani. Lavoratori stradali ed edili. EN 14004. EN ISO 20471. TESSUTO: Uomo. blu. Giallo alta visibilit\u00e0. Tasche per ginocchiere. Leggero. Trasporto. Alta visibilit\u00e0. USP: idrorepellente. CERTIFICAZIONE: EN 14404:2004+A1:2010 insieme alle ginocchiere 4027 e 4057. EN ISO 20471, classe 1. gruppo di certificazione W<\/p>\n<p>65% poliestere, 35% cotone, twill, tessuto esterno idrorepellente, 240g\/m\u00b2.<\/p>","protected":false},"excerpt":{"rendered":"<p>Warnschutz Arbeitshose aus einem hochwertigen, leichten und wasserabweisenden Material. Hohe Reissfestigkeit, \u00fcberragende Abriebwerte und zus\u00e4tzliche, innenliegende Kniepolstertaschen machen die 1564 Warnschutz-Bundhose zu Ihrer ersten Wahl. Zertifiziert nach EN ISO 20471 Klasse 1. DETAILS: Abnehmbare Ausweistasche. Innenbeinnaht mit 3-fach-Naht. Kunststoff-Reissverschluss im Schritt. Schlaufen, davon eine mit D-Ring. TASCHEN: Beintasche mit Balg, Patte und Stifttasche, Zusatztasche, Handytasche [&hellip;]<\/p>\n","protected":false},"featured_media":661238,"template":"","meta":[],"product_brand":[],"product_cat":[4185],"product_tag":[],"class_list":{"0":"post-661216","1":"product","2":"type-product","3":"status-publish","4":"has-post-thumbnail","6":"product_cat-hosen","7":"pa_brand-blaklaeder","8":"pa_brand-type-workwear","9":"pa_filter-color-blau","10":"pa_filter-color-gelb","11":"pa_filter-color-grau","12":"pa_filter-color-orange","13":"pa_filter-color-rot","14":"pa_filter-color-schwarz","16":"first","17":"instock","18":"sale","19":"taxable","20":"shipping-taxable","21":"purchasable","22":"product-type-variable","23":"add-to-wishlist-before_image"},"exclude_global_add_ons":[],"addons":[],"acf":[],"_links":{"self":[{"href":"https:\/\/shop.kustom.ch\/it\/wp-json\/wp\/v2\/product\/661216"}],"collection":[{"href":"https:\/\/shop.kustom.ch\/it\/wp-json\/wp\/v2\/product"}],"about":[{"href":"https:\/\/shop.kustom.ch\/it\/wp-json\/wp\/v2\/types\/product"}],"wp:featuredmedia":[{"embeddable":true,"href":"https:\/\/shop.kustom.ch\/it\/wp-json\/wp\/v2\/media\/661238"}],"wp:attachment":[{"href":"https:\/\/shop.kustom.ch\/it\/wp-json\/wp\/v2\/media?parent=661216"}],"wp:term":[{"taxonomy":"product_brand","embeddable":true,"href":"https:\/\/shop.kustom.ch\/it\/wp-json\/wp\/v2\/product_brand?post=661216"},{"taxonomy":"product_cat","embeddable":true,"href":"https:\/\/shop.kustom.ch\/it\/wp-json\/wp\/v2\/product_cat?post=661216"},{"taxonomy":"product_tag","embeddable":true,"href":"https:\/\/shop.kustom.ch\/it\/wp-json\/wp\/v2\/product_tag?post=661216"}],"curies":[{"name":"wp","href":"https:\/\/api.w.org\/{rel}","templated":true}]}}