{"id":661029,"date":"2025-04-29T05:03:16","date_gmt":"2025-04-29T04:03:16","guid":{"rendered":"https:\/\/shop.kustom.ch\/?post_type=product&#038;p=661029"},"modified":"2026-03-31T08:31:26","modified_gmt":"2026-03-31T07:31:26","slug":"high-vis-arbeitshose-mit-stretch-3","status":"publish","type":"product","link":"https:\/\/shop.kustom.ch\/it\/prodotto\/high-vis-arbeitshose-mit-stretch-3\/","title":{"rendered":"Pantaloni da lavoro ad alta visibilit\u00e0 elasticizzati"},"content":{"rendered":"<p>Pantaloni ad alta visibilit\u00e0 leggeri e flessibili in materiale resistente ma morbido, adatti ad ambienti difficili. I pantaloni offrono una buona libert\u00e0 di movimento grazie agli inserti elasticizzati nel cavallo, nelle ginocchia e nella seduta. Le tasche rinforzate per le ginocchia in materiale elasticizzato CORDURA\u00ae assicurano un miglior comfort quando si lavora in ginocchio. Certificato secondo la norma EN ISO 20471 Classe 1, abbigliamento protettivo ad alta visibilit\u00e0. Prodotto ed etichettato secondo lo standard OEKO-TEX\u00ae MADE IN GREENLo standard OEKO-TEX\u00ae MADE IN GREEN garantisce che i prodotti tessili e in pelle siano prodotti in modo sostenibile e socialmente responsabile, siano privi di sostanze nocive e completamente tracciabili. Questo garantisce un prodotto sicuro e rispettoso dell'ambiente.Scopri di pi\u00f9 sui sigilli di sostenibilit\u00e0 presenti sui nostri capi.<\/p>\n<p>FUNZIONALIT\u00c0: Inserti elasticizzati nel cavallo, nelle ginocchia e nella seduta. Gambe dei pantaloni particolarmente ergonomiche. DETTAGLI: Zip in plastica al cavallo. Passanti, uno con anello a D. TASCHE: Tasca sulla gamba con soffietto, zip, tasca per penna e coltello. Tasca posteriore, una con patta. Tasca interna per cellulare. Tasche per ginocchiere. Tasche laterali. Tasche rinforzate per attrezzi in tre parti. Tasca rinforzata per regolo pieghevole con portacoltelli e portapenne. RINFORZO: Tasche per ginocchiere rinforzate in CORDURA\u00ae. Tasche portautensili e porta metro pieghevoli rinforzate in CORDURA\u00ae. REFLEX: strisce riflettenti larghe 70 mm. Materiale riflettente intorno alle gambe. ISTRUZIONI DI LAVAGGIO: Numero di lavaggi: 50. colore 55XX\/XX55 - lavaggio domestico secondo EN ISO 20471. 60\u00b0 C. Non candeggiare. Non stirare. Non lavare a secco. Non centrifugare. PROPRIET\u00c0 PRINCIPALI: Autista. Artigiani. Lavoratori stradali ed edili. EN 14004. EN ISO 20471. TESSUTO: Uomo. blu. Giallo alta visibilit\u00e0. Tasche per ginocchiere. Leggero. Inserto elasticizzato. Tasche porta attrezzi. Stretch. Protezione ad alta visibilit\u00e0. USP: tasche portautensili rinforzate in CORDURA\u00ae. Tasche per ginocchiere in CORDURA\u00ae stretch rinforzato. Inserti elasticizzati. Gambe preformate. Idrorepellente. CERTIFICAZIONE: EN 14404:2004+A1:2010 insieme alle ginocchiere 4027, 4057, 4058 e 4032. EN ISO 20471, classe 1. gruppo di certificazione W<\/p>\n<p>65% poliestere, 35% cotone, twill, tessuto esterno idrorepellente, 240g\/m\u00b2.<\/p>","protected":false},"excerpt":{"rendered":"<p>Leichte und flexible High Vis Bundhose aus einem strapazierf\u00e4higen aber weichen Material geeignet f\u00fcr fordernde Umgebungen. Die Hose bietet gute Bewegungsfreiheit durch die Stretch Eins\u00e4tze im Schritt, an den Knien und am Ges\u00e4ss. Verst\u00e4rkte Kniepolstertaschen aus CORDURA\u00ae Stretch Material sorgen f\u00fcr besseren Komfort bei der Arbeit auf den Knien. Zertifiziert nach EN ISO 20471 Klasse [&hellip;]<\/p>\n","protected":false},"featured_media":661032,"template":"","meta":[],"product_brand":[],"product_cat":[4185],"product_tag":[],"class_list":{"0":"post-661029","1":"product","2":"type-product","3":"status-publish","4":"has-post-thumbnail","6":"product_cat-hosen","7":"pa_brand-blaklaeder","8":"pa_brand-type-workwear","9":"pa_filter-color-blau","10":"pa_filter-color-gelb","11":"pa_filter-color-grau","12":"pa_filter-color-orange","13":"pa_filter-color-rot","14":"pa_filter-color-schwarz","16":"first","17":"instock","18":"sale","19":"taxable","20":"shipping-taxable","21":"purchasable","22":"product-type-variable","23":"add-to-wishlist-before_image"},"exclude_global_add_ons":[],"addons":[],"acf":[],"_links":{"self":[{"href":"https:\/\/shop.kustom.ch\/it\/wp-json\/wp\/v2\/product\/661029"}],"collection":[{"href":"https:\/\/shop.kustom.ch\/it\/wp-json\/wp\/v2\/product"}],"about":[{"href":"https:\/\/shop.kustom.ch\/it\/wp-json\/wp\/v2\/types\/product"}],"wp:featuredmedia":[{"embeddable":true,"href":"https:\/\/shop.kustom.ch\/it\/wp-json\/wp\/v2\/media\/661032"}],"wp:attachment":[{"href":"https:\/\/shop.kustom.ch\/it\/wp-json\/wp\/v2\/media?parent=661029"}],"wp:term":[{"taxonomy":"product_brand","embeddable":true,"href":"https:\/\/shop.kustom.ch\/it\/wp-json\/wp\/v2\/product_brand?post=661029"},{"taxonomy":"product_cat","embeddable":true,"href":"https:\/\/shop.kustom.ch\/it\/wp-json\/wp\/v2\/product_cat?post=661029"},{"taxonomy":"product_tag","embeddable":true,"href":"https:\/\/shop.kustom.ch\/it\/wp-json\/wp\/v2\/product_tag?post=661029"}],"curies":[{"name":"wp","href":"https:\/\/api.w.org\/{rel}","templated":true}]}}