{"id":660721,"date":"2025-04-29T05:01:35","date_gmt":"2025-04-29T04:01:35","guid":{"rendered":"https:\/\/shop.kustom.ch\/?post_type=product&#038;p=660721"},"modified":"2026-03-31T08:30:57","modified_gmt":"2026-03-31T07:30:57","slug":"handwerker-arbeitshose-2","status":"publish","type":"product","link":"https:\/\/shop.kustom.ch\/it\/prodotto\/handwerker-arbeitshose-2\/","title":{"rendered":"Pantaloni da lavoro artigianali"},"content":{"rendered":"<p>Pantaloni da lavoro artigianali funzionali e confortevoli con tasche per le unghie e tasche facilmente accessibili, tra cui una tasca per il cellulare in materiale elasticizzato adatta alla maggior parte dei telefoni cellulari. Tasche per ginocchiere in tessuto elasticizzato CORDURA\u00ae per una vestibilit\u00e0 e una durata ottimali. Due tasche posteriori con soffietto e passante per il portamartello, oltre a una tasca rinforzata per il righello, una tasca per la penna e un portacoltelli. Le gambe preformate garantiscono una buona vestibilit\u00e0.<\/p>\n<p>FUNZIONALIT\u00c0: gambe dei pantaloni particolarmente ergonomiche. DETTAGLI: Tasca per carte d'identit\u00e0 staccabile. Bottoni in metallo. Cucitura interna della gamba con tripla impuntura. Zip in plastica sul cavallo. Due passanti per cintura ai lati con bottone per passante a martello, un passante per cintura con anello a D sul davanti. Ampio passante per cintura sul retro. TASCHE: tasca sulla gamba con soffietto, tasca per le penne, tasca flessibile per il cellulare e due ampie tasche, di cui una con cerniera e tasca per carte d'identit\u00e0 staccabile. Tasche posteriori rinforzate con soffietti. Tasche per ginocchiere. Tasche laterali. Tasche porta attrezzi - con passanti per attrezzi, possono essere inserite nelle tasche anteriori. Tasca rinforzata per regolo pieghevole con portacoltelli e portapenne. RINFORZO: tasche per ginocchiere rinforzate in CORDURA\u00ae. Rinforzo in CORDURA\u00ae sulle tasche posteriori. ISTRUZIONI DI LAVAGGIO: 60\u00b0 C. Stiratura media. Non candeggiare. Non lavare a secco. Asciugare in asciugatrice - bassa. PROPRIET\u00c0 PRINCIPALI: Lavoratore del calcestruzzo. Elettricista. Tuttofare. Idraulico. Magazziniere. Meccanico. EN 14004. TESSUTO: Uomo. grigio. nero. Tasche per ginocchiere. Tasche per attrezzi. Lavorazione artigianale. Unita. CERTIFICAZIONE: EN 14404:2004+A1:2010 insieme alle ginocchiere 4027, 4057, 4058 e 4032.<\/p>\n<p>65% poliestere, 35% cotone, twill, 300g\/m\u00b2<\/p>","protected":false},"excerpt":{"rendered":"<p>Funktionelle und komfortable Handwerker Arbeitshose mit Nageltaschen und leicht zug\u00e4nglichen Taschen, einschliesslich einer Handytasche aus Stretchmaterial, die f\u00fcr die meisten Handys geeignet ist. Kniepolstertaschen aus CORDURA\u00ae Stretch Stoff f\u00fcr optimale Passform und Haltbarkeit. Zwei Ges\u00e4sstaschen mit Balg und Schlaufe f\u00fcr Hammerhalter, sowie eine verst\u00e4rkte Zollstocktasche, Stifttasche und Messerhalter. Vorgeformte Beine sorgen f\u00fcr einen guten Sitz. [&hellip;]<\/p>\n","protected":false},"featured_media":660751,"template":"","meta":[],"product_brand":[],"product_cat":[4185],"product_tag":[],"class_list":{"0":"post-660721","1":"product","2":"type-product","3":"status-publish","4":"has-post-thumbnail","6":"product_cat-hosen","7":"pa_brand-blaklaeder","8":"pa_brand-type-workwear","9":"pa_filter-color-blau","10":"pa_filter-color-gelb","11":"pa_filter-color-grau","12":"pa_filter-color-rot","13":"pa_filter-color-schwarz","15":"first","16":"instock","17":"sale","18":"taxable","19":"shipping-taxable","20":"purchasable","21":"product-type-variable","22":"add-to-wishlist-before_image"},"exclude_global_add_ons":[],"addons":[],"acf":[],"_links":{"self":[{"href":"https:\/\/shop.kustom.ch\/it\/wp-json\/wp\/v2\/product\/660721"}],"collection":[{"href":"https:\/\/shop.kustom.ch\/it\/wp-json\/wp\/v2\/product"}],"about":[{"href":"https:\/\/shop.kustom.ch\/it\/wp-json\/wp\/v2\/types\/product"}],"wp:featuredmedia":[{"embeddable":true,"href":"https:\/\/shop.kustom.ch\/it\/wp-json\/wp\/v2\/media\/660751"}],"wp:attachment":[{"href":"https:\/\/shop.kustom.ch\/it\/wp-json\/wp\/v2\/media?parent=660721"}],"wp:term":[{"taxonomy":"product_brand","embeddable":true,"href":"https:\/\/shop.kustom.ch\/it\/wp-json\/wp\/v2\/product_brand?post=660721"},{"taxonomy":"product_cat","embeddable":true,"href":"https:\/\/shop.kustom.ch\/it\/wp-json\/wp\/v2\/product_cat?post=660721"},{"taxonomy":"product_tag","embeddable":true,"href":"https:\/\/shop.kustom.ch\/it\/wp-json\/wp\/v2\/product_tag?post=660721"}],"curies":[{"name":"wp","href":"https:\/\/api.w.org\/{rel}","templated":true}]}}