{"id":660720,"date":"2025-04-29T05:01:34","date_gmt":"2025-04-29T04:01:34","guid":{"rendered":"https:\/\/shop.kustom.ch\/?post_type=product&#038;p=660720"},"modified":"2026-03-31T08:30:40","modified_gmt":"2026-03-31T07:30:40","slug":"handwerker-arbeitshose-mit-stretch-4","status":"publish","type":"product","link":"https:\/\/shop.kustom.ch\/it\/prodotto\/handwerker-arbeitshose-mit-stretch-4\/","title":{"rendered":"Pantaloni da lavoro artigianali con elastico"},"content":{"rendered":"<p>Pantaloni da lavoro artigianali di bell'aspetto, flessibili e robusti, con dettagli accuratamente sviluppati. Questi pantaloni resistenti con dettagli accuratamente studiati offrono libert\u00e0 di movimento, funzionalit\u00e0 e comfort. Il materiale \u00e8 robusto e la combinazione con gli inserti elasticizzati rende i pantaloni ideali per i posatori di pavimenti e i piastrellisti, ad esempio, che lavorano spesso in posizione inginocchiata. I pantaloni sono dotati di inserti elasticizzati sul retro, sulle tasche anteriori e sul retro delle ginocchia per una migliore libert\u00e0 di movimento. Sono dotati di una serie di tasche funzionali strategicamente posizionate, come una tasca per coltelli in tessuto rinforzato con Kevlar\u00ae, patta e inserto elasticizzato o una tasca per cellulare facilmente accessibile in materiale elasticizzato adatto alla maggior parte dei telefoni cellulari.<\/p>\n<p>FUNZIONALIT\u00c0: inserti elasticizzati sul carr\u00e9 posteriore, sulle tasche anteriori, sulle ginocchia e sul retro delle ginocchia. DETTAGLI: Tasca per carte d'identit\u00e0 staccabile. Bottoni in metallo. Cucitura interna della gamba con tripla impuntura. Zip in plastica sul cavallo. Due passanti per cintura ai lati con bottone per il passante a martello, un passante per cintura con anello a D sul davanti. Ampio passante per cintura sul retro. TASCHE: Tasca sulla gamba con soffietto, tasca per penne, tasca flessibile per cellulare e due ampie tasche - una con cerniera e tasca per carte d'identit\u00e0 staccabile. Tasca portacoltelli con patta e inserto elasticizzato. Tasche posteriori rinforzate con soffietti. Tasche per ginocchiere. Tasche laterali. Tasche per attrezzi - con passanti per attrezzi, possono essere inserite nelle tasche anteriori. Tasca rinforzata per regolo pieghevole con portacoltelli e portapenne. ISTRUZIONI DI LAVAGGIO: 40\u00b0 C. Stiratura - media. Lavaggio a secco - normale P. Non candeggiare. Asciugatura a tamburo - bassa. PROPRIET\u00c0 PRINCIPALI: Lavoratore del calcestruzzo. Elettricista. Tuttofare. Idraulico. Magazziniere. Meccanico. EN 14004. TESSUTO: Uomo. grigio. nero. Tasche per ginocchiere. Tasche per attrezzi. Lavorazione artigianale. USP: inserti elasticizzati. Tasche porta attrezzi. CERTIFICAZIONE: EN 14404:2004+A1:2010 insieme alle ginocchiere 4027, 4057, 4058 e 4032.<\/p>\n<p>65% poliestere, 35% cotone, twill, 300g\/m\u00b2<\/p>","protected":false},"excerpt":{"rendered":"<p>Gut aussehende, flexible und robuste Handwerker Arbeitshose mit sorgf\u00e4ltig entwickelten Details. Die haltbare Hose mit pr\u00e4zise entworfenen Details bietet Bewegungsfreiheit, Funktionalit\u00e4t und Komfort. Das Material ist robust und die Kombination mit Stretch Eins\u00e4tzen macht die Hose ideal f\u00fcr z.B. Boden- und Fliesenleger, die oft in knienden Positionen arbeiten. Die Hose hat Stretch Eins\u00e4tze hinten, an [&hellip;]<\/p>\n","protected":false},"featured_media":660723,"template":"","meta":[],"product_brand":[],"product_cat":[4185],"product_tag":[],"class_list":{"0":"post-660720","1":"product","2":"type-product","3":"status-publish","4":"has-post-thumbnail","6":"product_cat-hosen","7":"pa_brand-blaklaeder","8":"pa_brand-type-workwear","9":"pa_filter-color-grau","10":"pa_filter-color-schwarz","12":"first","13":"instock","14":"sale","15":"taxable","16":"shipping-taxable","17":"purchasable","18":"product-type-variable","19":"add-to-wishlist-before_image"},"exclude_global_add_ons":[],"addons":[],"acf":[],"_links":{"self":[{"href":"https:\/\/shop.kustom.ch\/it\/wp-json\/wp\/v2\/product\/660720"}],"collection":[{"href":"https:\/\/shop.kustom.ch\/it\/wp-json\/wp\/v2\/product"}],"about":[{"href":"https:\/\/shop.kustom.ch\/it\/wp-json\/wp\/v2\/types\/product"}],"wp:featuredmedia":[{"embeddable":true,"href":"https:\/\/shop.kustom.ch\/it\/wp-json\/wp\/v2\/media\/660723"}],"wp:attachment":[{"href":"https:\/\/shop.kustom.ch\/it\/wp-json\/wp\/v2\/media?parent=660720"}],"wp:term":[{"taxonomy":"product_brand","embeddable":true,"href":"https:\/\/shop.kustom.ch\/it\/wp-json\/wp\/v2\/product_brand?post=660720"},{"taxonomy":"product_cat","embeddable":true,"href":"https:\/\/shop.kustom.ch\/it\/wp-json\/wp\/v2\/product_cat?post=660720"},{"taxonomy":"product_tag","embeddable":true,"href":"https:\/\/shop.kustom.ch\/it\/wp-json\/wp\/v2\/product_tag?post=660720"}],"curies":[{"name":"wp","href":"https:\/\/api.w.org\/{rel}","templated":true}]}}