{"id":660430,"date":"2025-04-29T04:57:23","date_gmt":"2025-04-29T03:57:23","guid":{"rendered":"https:\/\/shop.kustom.ch\/?post_type=product&#038;p=660430"},"modified":"2026-03-31T09:14:49","modified_gmt":"2026-03-31T08:14:49","slug":"damen-t-shirt-blaklaeder-beach-club","status":"publish","type":"product","link":"https:\/\/shop.kustom.ch\/it\/prodotto\/damen-t-shirt-blaklaeder-beach-club\/","title":{"rendered":"Maglietta da donna Bl\u00e5kl\u00e4der Beach Club"},"content":{"rendered":"<p>T-shirt da donna in cotone 100 %, che crea un'atmosfera estiva sia al lavoro che nel tempo libero. Disponibile anche come modello da uomo 9419.<\/p>\n<p>FUNZIONALIT\u00c0: Taglia da donna. Vestibilit\u00e0 regolare. Taglio sartoriale. DETTAGLI: Stampa sul retro. Stampa sul petto. Collo rotondo. Cuciture del collo rinforzate. Cuciture rinforzate sulle spalle. ISTRUZIONI DI LAVAGGIO: 40\u00b0 C. Ferro da stiro medio. Non candeggiare. Non lavare a secco. Non centrifugare. PROPRIET\u00c0 PRINCIPALI: Lavorazione del calcestruzzo. Posatore di pavimenti. Tettoie. Autisti. Pescatore. Giardiniere. Tuttofare. Idraulico. Magazziniere. Imbianchino. Muratore \/ piastrellista. Meccanico. Addetto alle pulizie. Idraulico. TESSUTO: Donna. Disponibile per uomo e donna. bianco. Profilo. USP: 100 cotone %<\/p>\n<p>100% Cotone, jersey, 150 g\/m\u00b2<\/p>","protected":false},"excerpt":{"rendered":"<p>Damen T-Shirt aus 100 % Baumwolle, das sowohl im Beruf als auch in der Freizeit f\u00fcr Sommerstimmung sorgt. Auch als Herrenmodell 9419 erh\u00e4ltlich. FUNKTIONALIT\u00c4T: Damengr\u00f6sse. Normale Passform. Tailliert geschnitten. DETAILS: Aufdruck auf dem R\u00fccken. Aufdruck auf der Brust. Rundhals. Verst\u00e4rkte Halsn\u00e4hte. Verst\u00e4rkte Schultern\u00e4hte. WASCHANLEITUNG: 40\u00b0 C. B\u00fcgeln &#8211; mittel. Nicht bleichen. Nicht chemisch reinigen. Nicht [&hellip;]<\/p>\n","protected":false},"featured_media":660461,"template":"","meta":[],"product_brand":[],"product_cat":[4201],"product_tag":[],"class_list":{"0":"post-660430","1":"product","2":"type-product","3":"status-publish","4":"has-post-thumbnail","6":"product_cat-t-shirts","7":"pa_brand-blaklaeder","8":"pa_brand-type-workwear","9":"pa_filter-color-blau","10":"pa_filter-color-weiss","12":"first","13":"instock","14":"sale","15":"taxable","16":"shipping-taxable","17":"purchasable","18":"product-type-variable","19":"add-to-wishlist-before_image"},"exclude_global_add_ons":[],"addons":[],"acf":[],"_links":{"self":[{"href":"https:\/\/shop.kustom.ch\/it\/wp-json\/wp\/v2\/product\/660430"}],"collection":[{"href":"https:\/\/shop.kustom.ch\/it\/wp-json\/wp\/v2\/product"}],"about":[{"href":"https:\/\/shop.kustom.ch\/it\/wp-json\/wp\/v2\/types\/product"}],"wp:featuredmedia":[{"embeddable":true,"href":"https:\/\/shop.kustom.ch\/it\/wp-json\/wp\/v2\/media\/660461"}],"wp:attachment":[{"href":"https:\/\/shop.kustom.ch\/it\/wp-json\/wp\/v2\/media?parent=660430"}],"wp:term":[{"taxonomy":"product_brand","embeddable":true,"href":"https:\/\/shop.kustom.ch\/it\/wp-json\/wp\/v2\/product_brand?post=660430"},{"taxonomy":"product_cat","embeddable":true,"href":"https:\/\/shop.kustom.ch\/it\/wp-json\/wp\/v2\/product_cat?post=660430"},{"taxonomy":"product_tag","embeddable":true,"href":"https:\/\/shop.kustom.ch\/it\/wp-json\/wp\/v2\/product_tag?post=660430"}],"curies":[{"name":"wp","href":"https:\/\/api.w.org\/{rel}","templated":true}]}}