{"id":660302,"date":"2025-04-29T04:56:30","date_gmt":"2025-04-29T03:56:30","guid":{"rendered":"https:\/\/shop.kustom.ch\/?post_type=product&#038;p=660302"},"modified":"2026-03-31T09:09:36","modified_gmt":"2026-03-31T08:09:36","slug":"damen-handwerker-arbeitshose-inhaerent","status":"publish","type":"product","link":"https:\/\/shop.kustom.ch\/it\/prodotto\/damen-handwerker-arbeitshose-inhaerent\/","title":{"rendered":"Pantaloni da lavoro artigianali da donna Intrinseco"},"content":{"rendered":"<p>Pantaloni da artigiano con taglio femminile per l'utilizzo in aree che richiedono una buona protezione, flessibilit\u00e0, elevato comfort e molte soluzioni per il trasporto di attrezzature. Sono pantaloni privi di metallo, con bottoni a pressione in plastica e chiusura a zip. Il girovita \u00e8 rialzato sul retro ed \u00e8 elasticizzato ai lati per migliorare il comfort. Le due tasche fisse a fondina offrono numerose opzioni per riporre utensili e piccole attrezzature tecniche e accessori. Le tasche a fondina sono rinforzate con doppio tessuto sul lato inferiore. Tasche sulle gambe con soffietto, la sinistra con porta carta d'identit\u00e0. I pantaloni sono dotati di due tasche posteriori con soffietti e bottoni a pressione. Ginocchia preformate con tasche esterne per ginocchiere apribili dal basso. Le caviglie possono essere regolate su tre diverse larghezze con bottoni a pressione. Dettagli riflettenti sul retro delle gambe e sulle tasche delle gambe applicati a caldo. Testato e approvato per il lavaggio industriale - EN 15797, massimo 50 lavaggi. Certificato secondo le norme EN 1149-5, EN ISO 11612, EN 61482-2.<\/p>\n<p>FUNZIONALIT\u00c0: Senza metallo. Superficie oleorepellente, antisporco e idrorepellente. DETTAGLI: Tasca portadocumenti staccabile per indumenti ignifughi. Etichette di certificazione esterne. Bottoni in plastica. Cerniera in plastica sul cavallo. Passanti, uno con anello a D. Vita elasticizzata. Vita alta sul retro. TASCHE: Tasche sulle gambe con soffietto e patta con bottone. Tasche posteriori con soffietto e patta. Tasche esterne per ginocchiere. Tasche laterali. Tasche rinforzate per attrezzi in tre parti. REFLEX: nastro riflettente in aree selezionate per una migliore visibilit\u00e0. CHIUSURA: opzione di estensione del fondo gamba, non applicabile alla taglia D. Larghezza del fondo gamba regolabile con bottoni a pressione in plastica. ISTRUZIONI DI LAVAGGIO: 60\u00b0 C. Non candeggiare. Non stirare. Non lavare a secco. PRO: adatto all'asciugatura in tamburo. Asciugatrice - bassa. PROPRIET\u00c0 PRINCIPALI: Elettricista. Artigiani. EN 1149-5. EN 14004. EN 61482-2. EN ISO 11612. TESSUTO: Donna. Giallo alta visibilit\u00e0. nero. Tasche per ginocchiere. Senza metallo. Tasche per utensili. Protezione dalle fiamme. LAVAGGIO: lavaggio industriale EN ISO 15797. CERTIFICAZIONE: EN 1149-5. 50 cicli di lavaggio max. EN 14404 2004+A1 2010, Tipo 1, Livello 0 insieme alle ginocchiere Art. 4057. ATPV - 11 cal\/cm\u00b2. ELIM - 10 cal\/cm\u00b2. EN 61482-2, APC 1. max. 50 lavaggi. EN ISO 11612 A1,A2,B1,C1,F1. Massimo 50 lavaggi<\/p>\n<p>44% modacrilico, 30% cotone, 20% poliammide FR, 5% aramide, 1% antistatico, ripstop, ignifugo, antistatico, 260 g\/m\u00b2<\/p>","protected":false},"excerpt":{"rendered":"<p>Handwerkerhose im Damenschnitt f\u00fcr den Einsatz in Bereichen, die einen guten Schutz erfordern, sowie Flexibilit\u00e4t, hohen Komfort und viele L\u00f6sungen f\u00fcr das Tragen von Ausr\u00fcstung. Es handelt sich um eine metallfreie Hose mit Kunststoffdruckkn\u00f6pfen und Reissverschluss. Der Bund ist hinten erh\u00f6ht und an den Seiten mit einem Gummizug versehen, um den Tragekomfort zu verbessern. Die [&hellip;]<\/p>\n","protected":false},"featured_media":660330,"template":"","meta":[],"product_brand":[],"product_cat":[4185],"product_tag":[],"class_list":{"0":"post-660302","1":"product","2":"type-product","3":"status-publish","4":"has-post-thumbnail","6":"product_cat-hosen","7":"pa_brand-blaklaeder","8":"pa_brand-type-workwear","9":"pa_filter-color-gelb","11":"first","12":"instock","13":"sale","14":"taxable","15":"shipping-taxable","16":"purchasable","17":"product-type-variable","18":"add-to-wishlist-before_image"},"exclude_global_add_ons":[],"addons":[],"acf":[],"_links":{"self":[{"href":"https:\/\/shop.kustom.ch\/it\/wp-json\/wp\/v2\/product\/660302"}],"collection":[{"href":"https:\/\/shop.kustom.ch\/it\/wp-json\/wp\/v2\/product"}],"about":[{"href":"https:\/\/shop.kustom.ch\/it\/wp-json\/wp\/v2\/types\/product"}],"wp:featuredmedia":[{"embeddable":true,"href":"https:\/\/shop.kustom.ch\/it\/wp-json\/wp\/v2\/media\/660330"}],"wp:attachment":[{"href":"https:\/\/shop.kustom.ch\/it\/wp-json\/wp\/v2\/media?parent=660302"}],"wp:term":[{"taxonomy":"product_brand","embeddable":true,"href":"https:\/\/shop.kustom.ch\/it\/wp-json\/wp\/v2\/product_brand?post=660302"},{"taxonomy":"product_cat","embeddable":true,"href":"https:\/\/shop.kustom.ch\/it\/wp-json\/wp\/v2\/product_cat?post=660302"},{"taxonomy":"product_tag","embeddable":true,"href":"https:\/\/shop.kustom.ch\/it\/wp-json\/wp\/v2\/product_tag?post=660302"}],"curies":[{"name":"wp","href":"https:\/\/api.w.org\/{rel}","templated":true}]}}