{"id":660189,"date":"2025-04-29T04:55:36","date_gmt":"2025-04-29T03:55:36","guid":{"rendered":"https:\/\/shop.kustom.ch\/?post_type=product&#038;p=660189"},"modified":"2026-03-31T09:07:50","modified_gmt":"2026-03-31T08:07:50","slug":"overall-inhaerent","status":"publish","type":"product","link":"https:\/\/shop.kustom.ch\/it\/prodotto\/overall-inhaerent\/","title":{"rendered":"Complessivamente intrinseco"},"content":{"rendered":"<p>Salopette in materiale morbido e confortevole con elevata durata e propriet\u00e0 oleorepellenti, antisporco e idrorepellenti. Senza metallo, con bottoni in plastica e cerniera bidirezionale. Vita regolabile dall'interno, numerose tasche multifunzionali e dettagli riflettenti in punti accuratamente selezionati, applicati tramite termoapplicazione. Tasche esterne per ginocchiere apribili dall'esterno. Polsini e caviglie regolabili con bottoni a pressione. Testato e approvato per il lavaggio industriale - EN 15797, massimo 50 lavaggi. Certificato secondo le norme EN 1149-5, EN ISO 11611, EN ISO 11612, EN 13034, EN 61482-2.<\/p>\n<p>FUNZIONALIT\u00c0: Senza metallo. Superficie oleorepellente, antisporco e idrorepellente. DETTAGLI: Tasca portadocumenti staccabile per indumenti ignifughi. Etichette di certificazione esterne. Bottoni in plastica. Collo extra alto sul retro. Colletto rialzato. Passanti su entrambi i lati del petto per rilevatore di gas \/ analizzatore di ossigeno \/ microfono. Vita elastica regolabile. TASCHE: Tasche sulle gambe con soffietto, patta con bottone. Tasca sul petto con cerniera e anello a D. Tasche posteriori con soffietto e patta. Tasche esterne per ginocchiere. Tasche laterali. CHIUSURA ANTERIORE: zip nascosta a 2 vie in plastica. REFLEX: nastro riflettente in aree selezionate per una migliore visibilit\u00e0. CHIUSURA: Polsini regolabili con bottoni a pressione. Possibilit\u00e0 di estensione sul fondo gamba, non applicabile alla taglia D. Polsini regolabili con bottoni. ISTRUZIONI DI LAVAGGIO: 60\u00b0 C. Non candeggiare. Non stirare. Non lavare a secco. PRO: adatto all'asciugatura in tamburo. Asciugatrice - bassa. PROPRIET\u00c0 PRINCIPALI: Elettricista. Artigiani. Uomo. EN 1149-5. EN 13034. EN 14004. EN 61482-2. EN ISO 11611. EN ISO 11612. TESSUTO: blu. Tasche per ginocchiere. Senza metallo. Ritardante di fiamma. CERTIFICAZIONE: EN 1149-5. Massimo 50 lavaggi. EN 13034 PB (6). Max. 20 lavaggi. ATPV - 11 cal\/cm\u00b2. ELIM - 10 cal\/cm\u00b2. EN 61482-2, APC 1. max. 50 lavaggi. EN ISO 11611, classe 1 A1+A2. Max. 50 lavaggi. EN ISO 11612 A1, A2, B1, C1, E2, F1. Max. 50 lavaggi<\/p>\n<p>44% modacrilico, 30% cotone, 20% poliammide FR, 5% aramide, 1% antistatico, ripstop, ignifugo, antistatico, 260 g\/m\u00b2<\/p>","protected":false},"excerpt":{"rendered":"<p>Latzhose aus weichem, bequemem Material mit hoher Strapazierf\u00e4higkeit und \u00f6l-, schmutz- und wasserabweisenden Eigenschaften. Metallfrei mit Kunststoffkn\u00f6pfen und Zwei-Wege-Reissverschluss. Von innen verstellbare Taille, mehrere Multifunktionstaschen und reflektierende Details an sorgf\u00e4ltig ausgew\u00e4hlten Stellen, die durch W\u00e4rmeapplikation aufgebracht wurden. Externe Kniepolstertaschen, die sich von aussen \u00f6ffnen lassen. \u00c4rmelb\u00fcndchen und Kn\u00f6chel k\u00f6nnen mit Druckkn\u00f6pfen verstellt werden. Getestet und [&hellip;]<\/p>\n","protected":false},"featured_media":660202,"template":"","meta":[],"product_brand":[],"product_cat":[10454],"product_tag":[],"class_list":{"0":"post-660189","1":"product","2":"type-product","3":"status-publish","4":"has-post-thumbnail","6":"product_cat-overalls","7":"pa_brand-blaklaeder","8":"pa_brand-type-workwear","9":"pa_filter-color-blau","11":"first","12":"instock","13":"sale","14":"taxable","15":"shipping-taxable","16":"purchasable","17":"product-type-variable","18":"add-to-wishlist-before_image"},"exclude_global_add_ons":[],"addons":[],"acf":[],"_links":{"self":[{"href":"https:\/\/shop.kustom.ch\/it\/wp-json\/wp\/v2\/product\/660189"}],"collection":[{"href":"https:\/\/shop.kustom.ch\/it\/wp-json\/wp\/v2\/product"}],"about":[{"href":"https:\/\/shop.kustom.ch\/it\/wp-json\/wp\/v2\/types\/product"}],"wp:featuredmedia":[{"embeddable":true,"href":"https:\/\/shop.kustom.ch\/it\/wp-json\/wp\/v2\/media\/660202"}],"wp:attachment":[{"href":"https:\/\/shop.kustom.ch\/it\/wp-json\/wp\/v2\/media?parent=660189"}],"wp:term":[{"taxonomy":"product_brand","embeddable":true,"href":"https:\/\/shop.kustom.ch\/it\/wp-json\/wp\/v2\/product_brand?post=660189"},{"taxonomy":"product_cat","embeddable":true,"href":"https:\/\/shop.kustom.ch\/it\/wp-json\/wp\/v2\/product_cat?post=660189"},{"taxonomy":"product_tag","embeddable":true,"href":"https:\/\/shop.kustom.ch\/it\/wp-json\/wp\/v2\/product_tag?post=660189"}],"curies":[{"name":"wp","href":"https:\/\/api.w.org\/{rel}","templated":true}]}}