{"id":660136,"date":"2025-04-29T04:55:09","date_gmt":"2025-04-29T03:55:09","guid":{"rendered":"https:\/\/shop.kustom.ch\/?post_type=product&#038;p=660136"},"modified":"2026-03-31T09:06:57","modified_gmt":"2026-03-31T08:06:57","slug":"striker-winterjacke-stretch","status":"publish","type":"product","link":"https:\/\/shop.kustom.ch\/it\/prodotto\/striker-winterjacke-stretch\/","title":{"rendered":"Giacca invernale STRIKER stretch"},"content":{"rendered":"<p>Una giacca invernale comoda e funzionale, realizzata in materiale elasticizzato di alta qualit\u00e0, ideale come secondo\/esterno strato. La giacca antivento e impermeabile con cuciture nastrate \u00e8 isolata termicamente e ha una fodera elasticizzata per un maggiore comfort. Il cappuccio \u00e8 regolabile e staccabile, mentre le cerniere sotto le braccia garantiscono un'ulteriore ventilazione se necessario. Disponibile anche come modello 4707 da donna. Caldamente foderato e completamente antivento e impermeabile con cuciture nastrateTessuto impermeabile privo di PFASCappuccio rimovibile e regolabileFodera interna con cerniera per il trasferimentoCerniere sotto le braccia per una maggiore ventilazioneTasche anteriori con cerniera idrorepellenteTasca per iPad con cerniera e tasca interna apertaTasca da polso con cerniera idrorepellenteOrlo regolabile con cordoncinoPolsini con foro per il polliceDettagli riflettenti neri per una maggiore visibilit\u00e0<\/p>\n<p>FUNZIONALIT\u00c0: Completamente impermeabile con cuciture nastrate. Ventilazione sotto le maniche. DETTAGLI: Cappuccio staccabile e regolabile. Zip nella fodera per facilitare la rifinitura dei tessuti. TASCHE: Tasca sull'avambraccio sinistro con zip idrorepellente. Tasca per iPad con zip e tasca interna \u201caperta\u201d. Tasche anteriori con zip idrorepellente. CHIUSURA ANTERIORE: Cerniera in plastica. REFLEX: Dettagli riflettenti neri per una migliore visibilit\u00e0. CHIUSURA: Polsino interno con foro per il pollice. Vita regolabile con coulisse. ISTRUZIONI DI LAVAGGIO: 40\u00b0 C. Non candeggiare. Non stirare. Non lavare a secco. Non centrifugare. PROPRIET\u00c0 PRINCIPALI: Autista. Tuttofare. Personale di servizio. IT 342. IT 343. TESSUTO: Disponibile per uomo e donna. Uomo. blu. verde. Traspirabilit\u00e0. Stretch. impermeabile. antivento. elasticizzato. Vento \/ umidit\u00e0 \/ freddo. USP: Cappuccio staccabile. Polsini con fori per i pollici. Tasca per iPad con zip. Zip sotto le maniche per una maggiore ventilazione. Dettagli riflettenti neri. Cuciture nastrate. Fodera termoisolante. Antivento e impermeabile. CERTIFICAZIONE: EN 342 insieme all'Art. 1810. EN 343, classe 4.1<\/p>\n<p>Poliammide 83%, elastan 17%, laminato, impermeabile 15000 mm, antivento, traspirante Ret 11.3, elasticizzato, 170 g\/m\u00b2.<\/p>","protected":false},"excerpt":{"rendered":"<p>Eine bequeme und funktionelle Winterjacke aus hochwertigem Stretchmaterial, ideal als zweite\/ausserste Schicht. Die wind- und wasserdichte Jacke mit versiegelten N\u00e4hten ist w\u00e4rmeisoliert und hat ein dehnbares Futter f\u00fcr mehr Komfort. Die Kapuze ist verstellbar und abnehmbar, und Reissverschl\u00fcsse unter den Armen sorgen bei Bedarf f\u00fcr zus\u00e4tzliche Bel\u00fcftung. Auch als Damenmodell 4707 erh\u00e4ltlich. Warm gef\u00fcttert und [&hellip;]<\/p>\n","protected":false},"featured_media":660162,"template":"","meta":[],"product_brand":[],"product_cat":[4186],"product_tag":[],"class_list":{"0":"post-660136","1":"product","2":"type-product","3":"status-publish","4":"has-post-thumbnail","6":"product_cat-jacken","7":"pa_brand-blaklaeder","8":"pa_brand-type-workwear","9":"pa_filter-color-blau","10":"pa_filter-color-gruen","11":"pa_filter-color-schwarz","13":"first","14":"instock","15":"sale","16":"taxable","17":"shipping-taxable","18":"purchasable","19":"product-type-variable","20":"add-to-wishlist-before_image"},"exclude_global_add_ons":[],"addons":[],"acf":[],"_links":{"self":[{"href":"https:\/\/shop.kustom.ch\/it\/wp-json\/wp\/v2\/product\/660136"}],"collection":[{"href":"https:\/\/shop.kustom.ch\/it\/wp-json\/wp\/v2\/product"}],"about":[{"href":"https:\/\/shop.kustom.ch\/it\/wp-json\/wp\/v2\/types\/product"}],"wp:featuredmedia":[{"embeddable":true,"href":"https:\/\/shop.kustom.ch\/it\/wp-json\/wp\/v2\/media\/660162"}],"wp:attachment":[{"href":"https:\/\/shop.kustom.ch\/it\/wp-json\/wp\/v2\/media?parent=660136"}],"wp:term":[{"taxonomy":"product_brand","embeddable":true,"href":"https:\/\/shop.kustom.ch\/it\/wp-json\/wp\/v2\/product_brand?post=660136"},{"taxonomy":"product_cat","embeddable":true,"href":"https:\/\/shop.kustom.ch\/it\/wp-json\/wp\/v2\/product_cat?post=660136"},{"taxonomy":"product_tag","embeddable":true,"href":"https:\/\/shop.kustom.ch\/it\/wp-json\/wp\/v2\/product_tag?post=660136"}],"curies":[{"name":"wp","href":"https:\/\/api.w.org\/{rel}","templated":true}]}}