{"id":660003,"date":"2025-04-29T04:53:47","date_gmt":"2025-04-29T03:53:47","guid":{"rendered":"https:\/\/shop.kustom.ch\/?post_type=product&#038;p=660003"},"modified":"2026-03-31T09:03:19","modified_gmt":"2026-03-31T08:03:19","slug":"shell-jacke-high-vis","status":"publish","type":"product","link":"https:\/\/shop.kustom.ch\/it\/prodotto\/shell-jacke-high-vis\/","title":{"rendered":"Giacca a conchiglia High Vis"},"content":{"rendered":"<p>Resistente giacca high vis con cuciture nastrate e materiale esterno impermeabile e antivento che protegge dal vento, dall'umidit\u00e0 e dalle abrasioni superficiali. La giacca \u00e8 dotata di una sottile fodera in rete e di una zip nascosta sul retro per una maggiore ventilazione quando necessario. Pu\u00f2 essere completata da un cappuccio in tessuto ad alta visibilit\u00e0 con bottoni a pressione (2166 con fodera in rete, 2165 con fodera leggera o 2175 con casco). Disponibile anche nel modello da donna 4761.<\/p>\n<p>FUNZIONALIT\u00c0: Ventilazione sul retro. Materiale antivento e impermeabile con traspirabilit\u00e0, cuciture nastrate. Maniche preformate. DETTAGLI: Anello a D. Stampa del logo sul petto. Cappuccio staccabile e regolabile (venduto separatamente, art. 2165, 2166, 2175). Zip nella fodera per facilitare la rifinitura del tessuto. TASCHE: Tasche sul petto con zip. Tasca interna con zip. Tasche laterali con cerniera. CHIUSURA ANTERIORE: Cerniera in plastica. REFLEX: Strisce riflettenti a trasferimento. Dettagli riflettenti. Materiale riflettente su busto, maniche e spalle. CHIUSURA: Polsini interni con foro per il pollice. Polsini regolabili con chiusura in velcro. Vita regolabile con coulisse. ISTRUZIONI DI LAVAGGIO: Numero di lavaggi: 25. 40\u00b0 C. Non candeggiare. Non stirare. Non lavare a secco. Non centrifugare. PROPRIET\u00c0 PRINCIPALI: Tetto. Autista. Commercianti. Lavoratori stradali ed edili. EN 343. EN ISO 20471. TESSUTO: Disponibile per uomo e donna. Uomo. blu. grigio. Giallo alta visibilit\u00e0. Arancione ad alta visibilit\u00e0. Traspirabilit\u00e0. impermeabile. antivento. Alta visibilit\u00e0. USP: traspirante. Ampie strisce riflettenti. Leggermente foderato. La cerniera nella fodera consente la profilatura. Dorso allungato. Maniche preformate. Antivento e impermeabile. CERTIFICAZIONE: EN 343, classe 4.2. EN ISO 20471 XS-S classe 2, M classe 3. gruppo di certificazione C -&gt;M<\/p>\n<p>100% poliestere, Oxford, rivestito, impermeabile 15.000 mm, antivento, traspirante Ret 8.5, 200g\/m\u00b2<\/p>","protected":false},"excerpt":{"rendered":"<p>Strapazierf\u00e4hige High Vis Shell Jacke mit versiegelten N\u00e4hten und wind- und wasserdichtem Aussenmaterial, das vor Wind, N\u00e4sse und Oberfl\u00e4chenabrieb sch\u00fctzt. Die Jacke hat ein d\u00fcnnes Netzfutter und versteckten Reissverschluss am R\u00fccken, der bei Bedarf f\u00fcr zus\u00e4tzliche Bel\u00fcftung sorgt. Kann mit einer Kapuze aus High Vis Gewebe mit Druckkn\u00f6pfen erg\u00e4nzt werden (2166 mit Netzfutter, 2165 mit [&hellip;]<\/p>\n","protected":false},"featured_media":660045,"template":"","meta":[],"product_brand":[],"product_cat":[4186],"product_tag":[],"class_list":{"0":"post-660003","1":"product","2":"type-product","3":"status-publish","4":"has-post-thumbnail","6":"product_cat-jacken","7":"pa_brand-blaklaeder","8":"pa_brand-type-workwear","9":"pa_filter-color-blau","10":"pa_filter-color-gelb","11":"pa_filter-color-orange","12":"pa_filter-color-rot","13":"pa_filter-color-schwarz","15":"first","16":"instock","17":"sale","18":"taxable","19":"shipping-taxable","20":"purchasable","21":"product-type-variable","22":"add-to-wishlist-before_image"},"exclude_global_add_ons":[],"addons":[],"acf":[],"_links":{"self":[{"href":"https:\/\/shop.kustom.ch\/it\/wp-json\/wp\/v2\/product\/660003"}],"collection":[{"href":"https:\/\/shop.kustom.ch\/it\/wp-json\/wp\/v2\/product"}],"about":[{"href":"https:\/\/shop.kustom.ch\/it\/wp-json\/wp\/v2\/types\/product"}],"wp:featuredmedia":[{"embeddable":true,"href":"https:\/\/shop.kustom.ch\/it\/wp-json\/wp\/v2\/media\/660045"}],"wp:attachment":[{"href":"https:\/\/shop.kustom.ch\/it\/wp-json\/wp\/v2\/media?parent=660003"}],"wp:term":[{"taxonomy":"product_brand","embeddable":true,"href":"https:\/\/shop.kustom.ch\/it\/wp-json\/wp\/v2\/product_brand?post=660003"},{"taxonomy":"product_cat","embeddable":true,"href":"https:\/\/shop.kustom.ch\/it\/wp-json\/wp\/v2\/product_cat?post=660003"},{"taxonomy":"product_tag","embeddable":true,"href":"https:\/\/shop.kustom.ch\/it\/wp-json\/wp\/v2\/product_tag?post=660003"}],"curies":[{"name":"wp","href":"https:\/\/api.w.org\/{rel}","templated":true}]}}