{"id":659958,"date":"2025-04-29T04:53:19","date_gmt":"2025-04-29T03:53:19","guid":{"rendered":"https:\/\/shop.kustom.ch\/?post_type=product&#038;p=659958"},"modified":"2026-03-31T09:02:53","modified_gmt":"2026-03-31T08:02:53","slug":"hybrid-jacke-4","status":"publish","type":"product","link":"https:\/\/shop.kustom.ch\/it\/prodotto\/hybrid-jacke-4\/","title":{"rendered":"Giacca ibrida"},"content":{"rendered":"<p>Questa giacca ibrida multifunzionale potrebbe facilmente diventare la vostra nuova preferita in fatto di comfort, calore e stile. Con una calda zona trapuntata sulla schiena e sul petto, completata da maniche softshell sagomate e da un cappuccio staccabile, questa giacca ibrida \u00e8 un compagno prezioso per il lavoro e il tempo libero. Disponibile anche nel modello 4733 da donna.<\/p>\n<p>FUNZIONALIT\u00c0: Inserti laterali, maniche e cappuccio in materiale antivento e impermeabile, senza cuciture nastrate. Parte superiore del corpo foderata in modo caldo davanti e dietro. DETTAGLI: Cappuccio staccabile e regolabile. Collo foderato in pile. TASCHE: Tasca sul petto con zip. Tasche anteriori con cerniera. CHIUSURA ANTERIORE: Cerniera in plastica. Patta antivento interna. CHIUSURA: Polsini regolabili con chiusura a velcro. Estensione posteriore. Vita regolabile con coulisse. ISTRUZIONI DI LAVAGGIO: 40\u00b0 C. Non candeggiare. Non stirare. Non lavare a secco. Non centrifugare. PROPRIET\u00c0 PRINCIPALI: Autista. Giardiniere. Tuttofare. Magazziniere. Addetto alle pulizie. Addetto ai servizi. TESSUTO: disponibile per uomo e donna. Uomo. blu. Giallo alta visibilit\u00e0. Unita. Vento \/ umidit\u00e0 \/ freddo. USP: materiale softshell a 3 strati. Cappuccio staccabile. Traspirante. Mezza fodera. Schiena allungata. Antivento e impermeabile<\/p>\n<p>92% poliestere, 8% elastan, softshell a 3 strati, impermeabile 11.000 mm, antivento, traspirante Ret 20.0, elasticizzato, 265 g\/m\u00b2<\/p>","protected":false},"excerpt":{"rendered":"<p>Diese multifunktionale Hybrid Jacke k\u00f6nnte leicht dein neuer Favorit werden, wenn es um Komfort, W\u00e4rme und Stil geht. Mit einem warmen, gesteppten R\u00fccken- und Brustbereich, der durch geformte Softshell-\u00c4rmel und eine abnehmbare Kapuze erg\u00e4nzt wird, ist diese Hybrid Jacke ein unsch\u00e4tzbarer Begleiter bei der Arbeit und in der Freizeit. Auch als Damenmodell 4733 erh\u00e4ltlich. FUNKTIONALIT\u00c4T: [&hellip;]<\/p>\n","protected":false},"featured_media":659983,"template":"","meta":[],"product_brand":[],"product_cat":[4186],"product_tag":[],"class_list":{"0":"post-659958","1":"product","2":"type-product","3":"status-publish","4":"has-post-thumbnail","6":"product_cat-jacken","7":"pa_brand-blaklaeder","8":"pa_brand-type-workwear","9":"pa_filter-color-blau","10":"pa_filter-color-gelb","11":"pa_filter-color-grau","12":"pa_filter-color-rot","13":"pa_filter-color-schwarz","15":"first","16":"instock","17":"sale","18":"taxable","19":"shipping-taxable","20":"purchasable","21":"product-type-variable","22":"add-to-wishlist-before_image"},"exclude_global_add_ons":[],"addons":[],"acf":[],"_links":{"self":[{"href":"https:\/\/shop.kustom.ch\/it\/wp-json\/wp\/v2\/product\/659958"}],"collection":[{"href":"https:\/\/shop.kustom.ch\/it\/wp-json\/wp\/v2\/product"}],"about":[{"href":"https:\/\/shop.kustom.ch\/it\/wp-json\/wp\/v2\/types\/product"}],"wp:featuredmedia":[{"embeddable":true,"href":"https:\/\/shop.kustom.ch\/it\/wp-json\/wp\/v2\/media\/659983"}],"wp:attachment":[{"href":"https:\/\/shop.kustom.ch\/it\/wp-json\/wp\/v2\/media?parent=659958"}],"wp:term":[{"taxonomy":"product_brand","embeddable":true,"href":"https:\/\/shop.kustom.ch\/it\/wp-json\/wp\/v2\/product_brand?post=659958"},{"taxonomy":"product_cat","embeddable":true,"href":"https:\/\/shop.kustom.ch\/it\/wp-json\/wp\/v2\/product_cat?post=659958"},{"taxonomy":"product_tag","embeddable":true,"href":"https:\/\/shop.kustom.ch\/it\/wp-json\/wp\/v2\/product_tag?post=659958"}],"curies":[{"name":"wp","href":"https:\/\/api.w.org\/{rel}","templated":true}]}}