{"id":659868,"date":"2025-04-29T04:52:25","date_gmt":"2025-04-29T03:52:25","guid":{"rendered":"https:\/\/shop.kustom.ch\/?post_type=product&#038;p=659868"},"modified":"2026-03-31T09:02:43","modified_gmt":"2026-03-31T08:02:43","slug":"damen-hybrid-jacke-2","status":"publish","type":"product","link":"https:\/\/shop.kustom.ch\/it\/prodotto\/damen-hybrid-jacke-2\/","title":{"rendered":"Giacca ibrida da donna"},"content":{"rendered":"<p>Questa giacca ibrida multifunzionale da donna con zip bidirezionale potrebbe diventare il vostro nuovo capo preferito in fatto di comfort, calore e stile. Con una sezione del petto calda e imbottita, completata da maniche in softshell per una maggiore impermeabilit\u00e0 e da un cappuccio staccabile, questa giacca ibrida \u00e8 un compagno prezioso dentro e fuori dal lavoro. Disponibile anche come modello da uomo 4743.<\/p>\n<p>FUNZIONALIT\u00c0: Inserti laterali, maniche e cappuccio in materiale antivento e impermeabile, senza cuciture nastrate. Parte superiore del corpo foderata sul davanti e sul retro. Taglia donna. DETTAGLI: Cappuccio staccabile e regolabile. Collo foderato in pile. TASCHE: Tasca sul petto con zip. Tasche anteriori con cerniera. CHIUSURA ANTERIORE: zip in plastica a 2 vie. Patta antivento interna. REFLEX: Dettagli riflettenti sulle maniche. Dettagli riflettenti neri. CHIUSURA: Polsini regolabili con chiusura a velcro. Retro allungato. Vita regolabile con coulisse. ISTRUZIONI DI LAVAGGIO: 40\u00b0 C. Non candeggiare. Non stirare. Non lavare a secco. Non centrifugare. PROPRIET\u00c0 PRINCIPALI: Autista. Giardiniere. Tuttofare. Magazziniere. Addetto alle pulizie. Personale di servizio. TESSUTO: Donna. Disponibile per uomo e donna. blu. Giallo alta visibilit\u00e0. nero. Unita. Vento \/ umidit\u00e0 \/ freddo<\/p>\n<p>92% poliestere, 8% elastan, softshell a 3 strati, impermeabile 11.000 mm, antivento, traspirante Ret 20.0, elasticizzato, 265 g\/m\u00b2<\/p>","protected":false},"excerpt":{"rendered":"<p>Diese multifunktionale Damen Hybrid Jacke mit Zwei-Wege-Reissverschluss k\u00f6nnte dein neues Lieblingsst\u00fcck werden, wenn es um Komfort, W\u00e4rme und Stil geht. Mit einer warmen, gepolsterten Brustpartie, die durch Softshell-\u00c4rmel f\u00fcr zus\u00e4tzliche Wasserdichtigkeit erg\u00e4nzt wird, sowie einer abnehmbaren Kapuze ist diese Hybrid Jacke ein unsch\u00e4tzbarer Begleiter in und ausserhalb der Arbeit. Auch als Herrenmodell 4743 erh\u00e4ltlich. FUNKTIONALIT\u00c4T: [&hellip;]<\/p>\n","protected":false},"featured_media":659932,"template":"","meta":[],"product_brand":[],"product_cat":[4186],"product_tag":[],"class_list":{"0":"post-659868","1":"product","2":"type-product","3":"status-publish","4":"has-post-thumbnail","6":"product_cat-jacken","7":"pa_brand-blaklaeder","8":"pa_brand-type-workwear","9":"pa_filter-color-blau","10":"pa_filter-color-gelb","11":"pa_filter-color-rot","12":"pa_filter-color-schwarz","14":"first","15":"instock","16":"sale","17":"taxable","18":"shipping-taxable","19":"purchasable","20":"product-type-variable","21":"add-to-wishlist-before_image"},"exclude_global_add_ons":[],"addons":[],"acf":[],"_links":{"self":[{"href":"https:\/\/shop.kustom.ch\/it\/wp-json\/wp\/v2\/product\/659868"}],"collection":[{"href":"https:\/\/shop.kustom.ch\/it\/wp-json\/wp\/v2\/product"}],"about":[{"href":"https:\/\/shop.kustom.ch\/it\/wp-json\/wp\/v2\/types\/product"}],"wp:featuredmedia":[{"embeddable":true,"href":"https:\/\/shop.kustom.ch\/it\/wp-json\/wp\/v2\/media\/659932"}],"wp:attachment":[{"href":"https:\/\/shop.kustom.ch\/it\/wp-json\/wp\/v2\/media?parent=659868"}],"wp:term":[{"taxonomy":"product_brand","embeddable":true,"href":"https:\/\/shop.kustom.ch\/it\/wp-json\/wp\/v2\/product_brand?post=659868"},{"taxonomy":"product_cat","embeddable":true,"href":"https:\/\/shop.kustom.ch\/it\/wp-json\/wp\/v2\/product_cat?post=659868"},{"taxonomy":"product_tag","embeddable":true,"href":"https:\/\/shop.kustom.ch\/it\/wp-json\/wp\/v2\/product_tag?post=659868"}],"curies":[{"name":"wp","href":"https:\/\/api.w.org\/{rel}","templated":true}]}}