{"id":659867,"date":"2025-04-29T04:52:25","date_gmt":"2025-04-29T03:52:25","guid":{"rendered":"https:\/\/shop.kustom.ch\/?post_type=product&#038;p=659867"},"modified":"2026-03-31T09:02:03","modified_gmt":"2026-03-31T08:02:03","slug":"striker-damen-shell-jacke-stretch","status":"publish","type":"product","link":"https:\/\/shop.kustom.ch\/it\/prodotto\/striker-damen-shell-jacke-stretch\/","title":{"rendered":"Giacca shell STRIKER donna elasticizzata"},"content":{"rendered":"<p>Una comoda giacca shell in materiale elasticizzato di alta qualit\u00e0, ideale come terzo strato o strato esterno. La giacca \u00e8 antivento e impermeabile, ha cuciture nastrate e un cappuccio fisso. Il materiale ha una struttura a tre strati e offre una combinazione ottimale di vento e impermeabilit\u00e0 unita a un'elevata traspirabilit\u00e0. Le cerniere sotto le ascelle garantiscono un'ulteriore ventilazione quando necessario e la cerniera anteriore con patta antitempesta offre un'ulteriore protezione dalle intemperie. Le ampie tasche con cerniera offrono molto spazio per riporre anche documenti di grandi dimensioni. Disponibile anche come modello da uomo 4980. Durevole tessuto impermeabile 4-way stretchPFAS-freeChiusure lampo idrorepellentiChiusure lampo sotto le ascelle per una maggiore ventilazioneCuciture morbide e saldate a ultrasuoniTasche spaziose che offrono ampio spazio per riporre i documentiDettagli riflettentiTasca da polso con zip idrorepellenteCertificato EN 343 classe 4.4<\/p>\n<p>FUNZIONALIT\u00c0: 4 vie elasticizzate. Completamente impermeabile con cuciture nastrate e cerniere impermeabili. Ventilazione sotto le maniche. Taglia donna. DETTAGLI: Ventilazione con zip sotto le ascelle. Cappuccio fisso e regolabile. Cuciture nastrate. TASCHE: Tasca sull'avambraccio sinistro con zip idrorepellente. 2 tasche interne, una con zip e una aperta, in rete elastica. Ampie tasche sul petto con zip idrorepellente. CHIUSURA ANTERIORE: zip in plastica a 2 vie. Zip frontale idrorepellente. REFLEX: Dettagli riflettenti sulle maniche. Dettagli riflettenti neri per una migliore visibilit\u00e0. CHIUSURA: Polsini regolabili con chiusura a velcro. Vita regolabile con coulisse. ISTRUZIONI DI LAVAGGIO: 40\u00b0 C. Non candeggiare. Non stirare. Non lavare a secco. Non centrifugare. PROPRIET\u00c0 PRINCIPALI: Autista. Tuttofare. Personale di servizio. EN 343. TESSUTO: Donna. Disponibile per uomo e donna. blu. verde. Stretch. impermeabile. antivento. elasticizzato. Vento \/ umidit\u00e0 \/ freddo. USP: materiale softshell a 3 strati. Stretch a 4 vie. Traspirante. Tasche spaziose. Zip sotto le maniche per una maggiore ventilazione. Dettagli riflettenti neri. Cuciture nastrate. Antivento e impermeabile. CERTIFICAZIONE: EN 343, classe 4.4<\/p>\n<p>Poliammide 83%, elastan 17%, elasticizzato a 4 vie, tessuto a 3 strati, laminato, impermeabile 15000mm, antivento, traspirante Ret 14.6, 190 g\/m\u00b2<\/p>","protected":false},"excerpt":{"rendered":"<p>Eine bequeme Shell-Jacke aus hochwertigem Stretchmaterial, ideal als dritte oder \u00e4ussere Schicht. Die Jacke ist wind- und wasserdicht, hat versiegelte N\u00e4hte und eine feste Kapuze. Das Material ist dreilagig aufgebaut und bietet die optimale Kombination aus Wind- und Wasserdichtheit bei gleichzeitig hoher Atmungsaktivit\u00e4t des Materials. Unterarmreissverschl\u00fcsse sorgen bei Bedarf f\u00fcr zus\u00e4tzliche Bel\u00fcftung, und der Frontverschluss [&hellip;]<\/p>\n","protected":false},"featured_media":659900,"template":"","meta":[],"product_brand":[],"product_cat":[4186],"product_tag":[],"class_list":{"0":"post-659867","1":"product","2":"type-product","3":"status-publish","4":"has-post-thumbnail","6":"product_cat-jacken","7":"pa_brand-blaklaeder","8":"pa_brand-type-workwear","9":"pa_filter-color-blau","10":"pa_filter-color-gruen","11":"pa_filter-color-schwarz","13":"first","14":"instock","15":"sale","16":"taxable","17":"shipping-taxable","18":"purchasable","19":"product-type-variable","20":"add-to-wishlist-before_image"},"exclude_global_add_ons":[],"addons":[],"acf":[],"_links":{"self":[{"href":"https:\/\/shop.kustom.ch\/it\/wp-json\/wp\/v2\/product\/659867"}],"collection":[{"href":"https:\/\/shop.kustom.ch\/it\/wp-json\/wp\/v2\/product"}],"about":[{"href":"https:\/\/shop.kustom.ch\/it\/wp-json\/wp\/v2\/types\/product"}],"wp:featuredmedia":[{"embeddable":true,"href":"https:\/\/shop.kustom.ch\/it\/wp-json\/wp\/v2\/media\/659900"}],"wp:attachment":[{"href":"https:\/\/shop.kustom.ch\/it\/wp-json\/wp\/v2\/media?parent=659867"}],"wp:term":[{"taxonomy":"product_brand","embeddable":true,"href":"https:\/\/shop.kustom.ch\/it\/wp-json\/wp\/v2\/product_brand?post=659867"},{"taxonomy":"product_cat","embeddable":true,"href":"https:\/\/shop.kustom.ch\/it\/wp-json\/wp\/v2\/product_cat?post=659867"},{"taxonomy":"product_tag","embeddable":true,"href":"https:\/\/shop.kustom.ch\/it\/wp-json\/wp\/v2\/product_tag?post=659867"}],"curies":[{"name":"wp","href":"https:\/\/api.w.org\/{rel}","templated":true}]}}