{"id":659793,"date":"2025-04-29T04:51:31","date_gmt":"2025-04-29T03:51:31","guid":{"rendered":"https:\/\/shop.kustom.ch\/?post_type=product&#038;p=659793"},"modified":"2026-03-31T09:01:20","modified_gmt":"2026-03-31T08:01:20","slug":"shell-jacke-stretch","status":"publish","type":"product","link":"https:\/\/shop.kustom.ch\/it\/prodotto\/shell-jacke-stretch\/","title":{"rendered":"Giacca in shell stretch"},"content":{"rendered":"<p>Giacca shell antivento e impermeabile con cuciture nastrate che offre una protezione totale dagli elementi quando necessario. La giacca \u00e8 dotata di una sottile fodera in rete ed \u00e8 realizzata in tessuto elasticizzato a 4 vie incredibilmente morbido ed elastico. Disponibile anche nella versione da donna 4403.<\/p>\n<p>FUNZIONALIT\u00c0: 4 vie elasticizzate. Materiale antivento e impermeabile con traspirabilit\u00e0, cuciture nastrate. DETTAGLI: Cappuccio staccabile con fodera in rete. Zip nella fodera per facilitare la rifinitura dei tessuti. TASCHE: Tasca sul petto con zip. Tasche anteriori, una con anello a D. Tasche anteriori con cerniera. CHIUSURA ANTERIORE: Cerniera in plastica. Patta antivento con chiusura a velcro, maniglia in Hypalon con trasferimento riflettente. REFLEX: materiale riflettente sulle maniche. CHIUSURA: Polsini interni con foro per il pollice. Polsini regolabili. Dorso allungato. Vita regolabile con coulisse. ISTRUZIONI DI LAVAGGIO: 40\u00b0 C. Non candeggiare. Non stirare. Non lavare a secco. Non centrifugare. PROPRIET\u00c0 PRINCIPALI: Pavimentazione. Tettoia. Autisti. Tuttofare. Imbianchino. Muratore \/ piastrellista. EN 343. TESSUTO: disponibile per uomo e donna. Uomo. blu. Giallo alta visibilit\u00e0. nero. Traspirabilit\u00e0. Stretch. impermeabile. antivento. Unita. Vento \/ umidit\u00e0 \/ freddo. USP: stretch a 4 vie. Cappuccio staccabile. Traspirante. Leggermente foderato. La zip nella fodera consente di profilare il capo. Schiena allungata. Cuciture nastrate. Polsini regolabili con fori per i pollici. Antivento e impermeabile. CERTIFICAZIONE: EN 343, classe 4.4, non certificata High Vis.<\/p>\n<p>Poliammide 83%, elastan 17%, laminato, impermeabile 15000 mm, antivento, traspirante Ret 11.3, elasticizzato, 170 g\/m\u00b2.<\/p>","protected":false},"excerpt":{"rendered":"<p>Wind- und wasserdichte Shell Jacke mit versiegelten N\u00e4hten, die bei Bedarf vollen Schutz vor den Elementen bietet. Die Jacke hat ein d\u00fcnnes Netzfutter und ist aus fantastisch weichem und geschmeidigem 4-Wege-Stretch gefertigt. Auch in der Damenvariante 4403 erh\u00e4ltlich. FUNKTIONALIT\u00c4T: 4-Wege-Stretch. Wind- &amp; wasserdichtes Material mit Atmungsaktivit\u00e4t, verschweisste N\u00e4hte. DETAILS: Abnehmbare Kapuze mit Meshfutter. Reissverschluss im [&hellip;]<\/p>\n","protected":false},"featured_media":659820,"template":"","meta":[],"product_brand":[],"product_cat":[4186],"product_tag":[],"class_list":{"0":"post-659793","1":"product","2":"type-product","3":"status-publish","4":"has-post-thumbnail","6":"product_cat-jacken","7":"pa_brand-blaklaeder","8":"pa_brand-type-workwear","9":"pa_filter-color-blau","10":"pa_filter-color-gelb","11":"pa_filter-color-rot","12":"pa_filter-color-schwarz","14":"first","15":"instock","16":"sale","17":"taxable","18":"shipping-taxable","19":"purchasable","20":"product-type-variable","21":"add-to-wishlist-before_image"},"exclude_global_add_ons":[],"addons":[],"acf":[],"_links":{"self":[{"href":"https:\/\/shop.kustom.ch\/it\/wp-json\/wp\/v2\/product\/659793"}],"collection":[{"href":"https:\/\/shop.kustom.ch\/it\/wp-json\/wp\/v2\/product"}],"about":[{"href":"https:\/\/shop.kustom.ch\/it\/wp-json\/wp\/v2\/types\/product"}],"wp:featuredmedia":[{"embeddable":true,"href":"https:\/\/shop.kustom.ch\/it\/wp-json\/wp\/v2\/media\/659820"}],"wp:attachment":[{"href":"https:\/\/shop.kustom.ch\/it\/wp-json\/wp\/v2\/media?parent=659793"}],"wp:term":[{"taxonomy":"product_brand","embeddable":true,"href":"https:\/\/shop.kustom.ch\/it\/wp-json\/wp\/v2\/product_brand?post=659793"},{"taxonomy":"product_cat","embeddable":true,"href":"https:\/\/shop.kustom.ch\/it\/wp-json\/wp\/v2\/product_cat?post=659793"},{"taxonomy":"product_tag","embeddable":true,"href":"https:\/\/shop.kustom.ch\/it\/wp-json\/wp\/v2\/product_tag?post=659793"}],"curies":[{"name":"wp","href":"https:\/\/api.w.org\/{rel}","templated":true}]}}