{"id":659752,"date":"2025-04-29T04:51:05","date_gmt":"2025-04-29T03:51:05","guid":{"rendered":"https:\/\/shop.kustom.ch\/?post_type=product&#038;p=659752"},"modified":"2026-03-31T09:00:13","modified_gmt":"2026-03-31T08:00:13","slug":"apc-2-multinorm-jacke-inhaerent","status":"publish","type":"product","link":"https:\/\/shop.kustom.ch\/it\/prodotto\/apc-2-multinorm-jacke-inhaerent\/","title":{"rendered":"APC 2 Giacca Multinorm Inerente"},"content":{"rendered":"<p>Giacca in materiale morbido, elastico e resistente con una sottile fodera interna. Questa combinazione fa s\u00ec che la giacca sia approvata per l'APC 2, la classe pi\u00f9 alta per la protezione dall'arco elettrico. Soluzioni intelligenti per le tasche, come le doppie tasche sul petto con cerniere coperte. \u00c8 un indumento privo di metalli con componenti in plastica. Certificato secondo le norme EN ISO 20471, EN 1149-5, EN ISO 11611, EN ISO 11612, EN 61482-2 (APC 2), EN 13034.<\/p>\n<p>FUNZIONALIT\u00c0: Senza metallo. Superficie oleorepellente, antisporco e idrorepellente. DETTAGLI: Etichette di certificazione esterne. Bottoni in plastica. Collo alto con cerniera nascosta. Passanti su entrambi i lati del petto per rilevatore di gas \/ analizzatore di ossigeno \/ microfono. Spallacci in colore a contrasto. TASCHE: Tasche sul petto con cerniera e anello a D. Tasca interna con chiusura a velcro. Tasche anteriori con patta e bottone a pressione. CHIUSURA ANTERIORE: Zip nascosta in plastica rinforzata. REFLEX: strisce riflettenti ignifughe con doppie cuciture. CHIUSURA: Polsini regolabili con bottoni a pressione. Estensione posteriore. Vita regolabile con chiusura a velcro. ISTRUZIONI DI LAVAGGIO: 60\u00b0 C. Non candeggiare. Non stirare. Non lavare a secco. Asciugare in asciugatrice a bassa temperatura. PROPRIET\u00c0 PRINCIPALI: Elettricista. Tuttofare. Personale di servizio. EN 1149-5. EN 13034. EN 61482-2. EN ISO 11611. EN ISO 11612. EN ISO 20471. TESSUTO: Uomo. blu. Giallo alta visibilit\u00e0. Senza metallo. Ritardante di fiamma. CERTIFICAZIONE: EN 1149-5. max. 50 lavaggi. EN 13034 PB (6). Max. 20 lavaggi. ATPV - 26 cal\/cm\u00b2. ELIM - 23 cal\/cm\u00b2. EN 61482-2, APC 2. Max. 50 lavaggi. EN ISO 11611, classe 1 A1+A2. Max. 50 lavaggi. EN ISO 11612 A1, A2, B1, C1, E2, F1. Massimo 50 lavaggi. EN ISO 20471 XS-S classe 2, M classe 3. Max. 50 lavaggi. Gruppo di certificazione B -&gt;S<\/p>\n<p>44% modacrilico, 30% cotone, 20% poliammide FR, 5% aramide, 1% antistatico, ripstop, ignifugo, antistatico, 260 g\/m\u00b2<\/p>","protected":false},"excerpt":{"rendered":"<p>Jacke aus weichem, geschmeidigem und strapazierf\u00e4higem Material mit d\u00fcnnem Innenfutter. Diese Kombination bedeutet, dass die Jacke f\u00fcr APC 2, die h\u00f6here Klasse f\u00fcr St\u00f6rlichtbogenschutz, zugelassen ist. Intelligente Taschenl\u00f6sungen wie doppelte Brusttaschen mit abgedeckten Reissverschl\u00fcssen. Es handelt sich um ein metallfreies Kleidungsst\u00fcck mit Kunststoffkomponenten. Zertifiziert nach EN ISO 20471, EN 1149-5, EN ISO 11611, EN ISO [&hellip;]<\/p>\n","protected":false},"featured_media":659811,"template":"","meta":[],"product_brand":[],"product_cat":[4186],"product_tag":[],"class_list":{"0":"post-659752","1":"product","2":"type-product","3":"status-publish","4":"has-post-thumbnail","6":"product_cat-jacken","7":"pa_brand-blaklaeder","8":"pa_brand-type-workwear","9":"pa_filter-color-blau","10":"pa_filter-color-gelb","12":"first","13":"instock","14":"sale","15":"taxable","16":"shipping-taxable","17":"purchasable","18":"product-type-variable","19":"add-to-wishlist-before_image"},"exclude_global_add_ons":[],"addons":[],"acf":[],"_links":{"self":[{"href":"https:\/\/shop.kustom.ch\/it\/wp-json\/wp\/v2\/product\/659752"}],"collection":[{"href":"https:\/\/shop.kustom.ch\/it\/wp-json\/wp\/v2\/product"}],"about":[{"href":"https:\/\/shop.kustom.ch\/it\/wp-json\/wp\/v2\/types\/product"}],"wp:featuredmedia":[{"embeddable":true,"href":"https:\/\/shop.kustom.ch\/it\/wp-json\/wp\/v2\/media\/659811"}],"wp:attachment":[{"href":"https:\/\/shop.kustom.ch\/it\/wp-json\/wp\/v2\/media?parent=659752"}],"wp:term":[{"taxonomy":"product_brand","embeddable":true,"href":"https:\/\/shop.kustom.ch\/it\/wp-json\/wp\/v2\/product_brand?post=659752"},{"taxonomy":"product_cat","embeddable":true,"href":"https:\/\/shop.kustom.ch\/it\/wp-json\/wp\/v2\/product_cat?post=659752"},{"taxonomy":"product_tag","embeddable":true,"href":"https:\/\/shop.kustom.ch\/it\/wp-json\/wp\/v2\/product_tag?post=659752"}],"curies":[{"name":"wp","href":"https:\/\/api.w.org\/{rel}","templated":true}]}}