{"id":659751,"date":"2025-04-29T04:51:05","date_gmt":"2025-04-29T03:51:05","guid":{"rendered":"https:\/\/shop.kustom.ch\/?post_type=product&#038;p=659751"},"modified":"2026-03-31T09:00:12","modified_gmt":"2026-03-31T08:00:12","slug":"apc-2-jacke-inhaerent","status":"publish","type":"product","link":"https:\/\/shop.kustom.ch\/it\/prodotto\/apc-2-jacke-inhaerent\/","title":{"rendered":"APC 2 Giacca inerente"},"content":{"rendered":"<p>Giacca in materiale morbido, elastico e resistente con una sottile fodera interna. Questa combinazione fa s\u00ec che la giacca sia approvata per l'APC 2, la classe pi\u00f9 alta per la protezione dall'arco elettrico. Tasca nascosta sul petto con cerniera, due tasche anteriori con pattina e passanti sul carr\u00e9 per microfono, ossimetro o altre attrezzature tecniche. Dettagli riflettenti applicati a caldo per una migliore visibilit\u00e0. La giacca \u00e8 priva di metalli e presenta bottoni a pressione e cerniere in plastica. Certificato secondo le norme EN 1149-5, EN ISO 11611, EN ISO 11612, EN 61482-2 (APC 2), EN 13034.<\/p>\n<p>FUNZIONALIT\u00c0: Senza metallo. Superficie oleorepellente, antisporco e idrorepellente. DETTAGLI: Etichette di certificazione esterne. Bottoni a pressione in plastica. Colletto extra alto sul retro. Colletto rialzato. Passanti su entrambi i lati del petto per rilevatore di gas \/ analizzatore di ossigeno \/ microfono. TASCHE: Tasca sul petto con zip e anello a D. Tasche anteriori con patta e bottone a pressione. CHIUSURA ANTERIORE: Cerniera nascosta in plastica rinforzata. REFLEX: nastro riflettente in aree selezionate per una migliore visibilit\u00e0. CHIUSURA: Polsini regolabili con bottoni a pressione. Retro allungato. Vita regolabile con bottoni a pressione. ISTRUZIONI DI LAVAGGIO: 60\u00b0 C. Non candeggiare. Non stirare. Non lavare a secco. Asciugare in asciugatrice a bassa temperatura. PROPRIET\u00c0 PRINCIPALI: Elettricista. Artigiano. EN 1149-5. EN 13034. EN 61482-2. EN ISO 11611. EN ISO 11612. TESSUTO: blu. Senza metallo. Ritardante di fiamma. CERTIFICAZIONE: EN 1149-5. max. 50 lavaggi. EN 13034 PB (6). Max. 20 lavaggi. ATPV - 26 cal\/cm\u00b2. ELIM - 23 cal\/cm\u00b2. EN 61482-2, APC 2. Max. 50 lavaggi. EN ISO 11611, classe 1 A1+A2. Max. 50 lavaggi. EN ISO 11612 A1, A2, B1, C1, E2, F1. Max. 50 lavaggi<\/p>\n<p>44% modacrilico, 30% cotone, 20% poliammide FR, 5% aramide, 1% antistatico, ripstop, ignifugo, antistatico, 260 g\/m\u00b2<\/p>","protected":false},"excerpt":{"rendered":"<p>Jacke aus weichem, geschmeidigem und strapazierf\u00e4higem Material mit d\u00fcnnem Innenfutter. Diese Kombination bedeutet, dass die Jacke f\u00fcr APC 2, die h\u00f6here Klasse f\u00fcr St\u00f6rlichtbogenschutz, zugelassen ist. Versteckte Brusttasche mit Reissverschluss, zwei Vordertaschen mit Klappen und Schlaufen an der Passe f\u00fcr ein Mikrofon, Oximeter oder andere technische Ger\u00e4te. Mit W\u00e4rmeapplikation aufgebrachte reflektierende Details f\u00fcr bessere Sichtbarkeit. [&hellip;]<\/p>\n","protected":false},"featured_media":659802,"template":"","meta":[],"product_brand":[],"product_cat":[4186],"product_tag":[],"class_list":{"0":"post-659751","1":"product","2":"type-product","3":"status-publish","4":"has-post-thumbnail","6":"product_cat-jacken","7":"pa_brand-blaklaeder","8":"pa_brand-type-workwear","9":"pa_filter-color-blau","11":"first","12":"instock","13":"sale","14":"taxable","15":"shipping-taxable","16":"purchasable","17":"product-type-variable","18":"add-to-wishlist-before_image"},"exclude_global_add_ons":[],"addons":[],"acf":[],"_links":{"self":[{"href":"https:\/\/shop.kustom.ch\/it\/wp-json\/wp\/v2\/product\/659751"}],"collection":[{"href":"https:\/\/shop.kustom.ch\/it\/wp-json\/wp\/v2\/product"}],"about":[{"href":"https:\/\/shop.kustom.ch\/it\/wp-json\/wp\/v2\/types\/product"}],"wp:featuredmedia":[{"embeddable":true,"href":"https:\/\/shop.kustom.ch\/it\/wp-json\/wp\/v2\/media\/659802"}],"wp:attachment":[{"href":"https:\/\/shop.kustom.ch\/it\/wp-json\/wp\/v2\/media?parent=659751"}],"wp:term":[{"taxonomy":"product_brand","embeddable":true,"href":"https:\/\/shop.kustom.ch\/it\/wp-json\/wp\/v2\/product_brand?post=659751"},{"taxonomy":"product_cat","embeddable":true,"href":"https:\/\/shop.kustom.ch\/it\/wp-json\/wp\/v2\/product_cat?post=659751"},{"taxonomy":"product_tag","embeddable":true,"href":"https:\/\/shop.kustom.ch\/it\/wp-json\/wp\/v2\/product_tag?post=659751"}],"curies":[{"name":"wp","href":"https:\/\/api.w.org\/{rel}","templated":true}]}}