{"id":659750,"date":"2025-04-29T04:51:05","date_gmt":"2025-04-29T03:51:05","guid":{"rendered":"https:\/\/shop.kustom.ch\/?post_type=product&#038;p=659750"},"modified":"2026-03-31T09:00:09","modified_gmt":"2026-03-31T08:00:09","slug":"ueberhemd-inhaerent","status":"publish","type":"product","link":"https:\/\/shop.kustom.ch\/it\/prodotto\/ueberhemd-inhaerent\/","title":{"rendered":"Camicia da viaggio inerente"},"content":{"rendered":"<p>Una camicia da lavoro con una visibilit\u00e0 migliorata, morbida e idrorepellente, caratterizzata da un elevato comfort e da una lunga durata. Questo capo \u00e8 un incrocio funzionale tra una giacca industriale tradizionale e una camicia moderna. \u00c8 completamente privo di metallo, ha bottoni a pressione in plastica e una zip bidirezionale in plastica. Tasche sul petto coperte e applicate con ampio spazio per cellulare, blocco note e altri oggetti. Sul lato sinistro \u00e8 presente anche un passante esterno per una penna o per gli occhiali, ad esempio. Sopra ogni tasca sul petto sono presenti supporti per ossimetri, microfoni o altre attrezzature tecniche. Collo alto sul retro, con bottoni a pressione sul davanti. Maniche precurvate e polsini regolabili con bottoni a pressione. Orlo posteriore allungato per un maggiore comfort. Dettagli riflettenti su spalle, schiena e parte inferiore delle maniche applicati a caldo. Testato e approvato per il lavaggio industriale - EN 15797, massimo 50 lavaggi. Certificato secondo le norme EN 1149-5, EN ISO 11611, EN 13034, EN ISO 11612, EN 61482-2.<\/p>\n<p>FUNZIONALIT\u00c0: Senza metallo. Superficie oleorepellente, antisporco e idrorepellente. DETTAGLI: Etichette di certificazione esterne. Bottoni in plastica. Collo extra alto sul retro. Colletto rialzato. Passanti su entrambi i lati del petto per rilevatore di gas \/ analizzatore di ossigeno \/ microfono. TASCHE: Tasche sul petto con soffietto e patta. CHIUSURA ANTERIORE: Zip nascosta a 2 vie in plastica. REFLEX: nastro riflettente in aree selezionate per una migliore visibilit\u00e0. CHIUSURA: Polsini regolabili con bottoni a pressione. Dorso allungato. ISTRUZIONI DI LAVAGGIO: 60\u00b0 C. Non candeggiare. Non stirare. Non lavare a secco. PRO: adatto all'asciugatura in tamburo. Asciugatrice - bassa. PROPRIET\u00c0 PRINCIPALI: Elettricista. Artigiani. EN 1149-5. EN 13034. EN 61482-2. EN ISO 11611. EN ISO 11612. TESSUTO: Disponibile per uomo e donna. Uomo. Giallo alta visibilit\u00e0. nero. Senza metallo. Ritardante di fiamma. USP: propriet\u00e0 antistatiche. Intrinsecamente ritardante di fiamma. Senza metallo e poliestere. Repellente agli oli e allo sporco. Dettagli riflettenti. Dorso allungato. Idrorepellente. Materiale antistatico. Intrinsecamente ignifugo. Senza metallo. Dettagli riflettenti. Ripstop. CERTIFICAZIONE: EN 1149-5. max. 50 lavaggi. EN 13034 PB (6). Max. 20 lavaggi. ATPV - 11 cal\/cm\u00b2. ELIM - 10 cal\/cm\u00b2. EN 61482-2, APC 1. max. 50 lavaggi. EN ISO 11611, classe 1 A1+A2. Max. 50 lavaggi. EN ISO 11612 A1, A2, B1, C1, E2, F1. Max. 50 lavaggi<\/p>\n<p>44% modacrilico, 30% cotone, 20% poliammide FR, 5% aramide, 1% antistatico, ripstop, ignifugo, antistatico, 260 g\/m\u00b2<\/p>","protected":false},"excerpt":{"rendered":"<p>Ein \u00f6l-, schmutz- und wasserabweisendes \u00dcberhemd mit verbesserter Sichtbarkeit in einer weichen, geschmeidigen Qualit\u00e4t, die sich durch hohen Tragekomfort und Strapazierf\u00e4higkeit auszeichnet. Dieses Kleidungsst\u00fcck ist eine funktionelle Kreuzung aus traditioneller Industriejacke und modernem Hemd. Es ist v\u00f6llig metallfrei, hat Kunststoffdruckkn\u00f6pfe und einen Zweiwege-Reissverschluss aus Kunststoff. Abgedeckte, aufgesetzte Brusttaschen mit viel Platz f\u00fcr Mobiltelefon, Notizblock und [&hellip;]<\/p>\n","protected":false},"featured_media":659792,"template":"","meta":[],"product_brand":[],"product_cat":[9874],"product_tag":[],"class_list":{"0":"post-659750","1":"product","2":"type-product","3":"status-publish","4":"has-post-thumbnail","6":"product_cat-hemden","7":"pa_brand-blaklaeder","8":"pa_brand-type-workwear","9":"pa_filter-color-gelb","11":"first","12":"instock","13":"sale","14":"taxable","15":"shipping-taxable","16":"purchasable","17":"product-type-variable","18":"add-to-wishlist-before_image"},"exclude_global_add_ons":[],"addons":[],"acf":[],"_links":{"self":[{"href":"https:\/\/shop.kustom.ch\/it\/wp-json\/wp\/v2\/product\/659750"}],"collection":[{"href":"https:\/\/shop.kustom.ch\/it\/wp-json\/wp\/v2\/product"}],"about":[{"href":"https:\/\/shop.kustom.ch\/it\/wp-json\/wp\/v2\/types\/product"}],"wp:featuredmedia":[{"embeddable":true,"href":"https:\/\/shop.kustom.ch\/it\/wp-json\/wp\/v2\/media\/659792"}],"wp:attachment":[{"href":"https:\/\/shop.kustom.ch\/it\/wp-json\/wp\/v2\/media?parent=659750"}],"wp:term":[{"taxonomy":"product_brand","embeddable":true,"href":"https:\/\/shop.kustom.ch\/it\/wp-json\/wp\/v2\/product_brand?post=659750"},{"taxonomy":"product_cat","embeddable":true,"href":"https:\/\/shop.kustom.ch\/it\/wp-json\/wp\/v2\/product_cat?post=659750"},{"taxonomy":"product_tag","embeddable":true,"href":"https:\/\/shop.kustom.ch\/it\/wp-json\/wp\/v2\/product_tag?post=659750"}],"curies":[{"name":"wp","href":"https:\/\/api.w.org\/{rel}","templated":true}]}}