{"id":659749,"date":"2025-04-29T04:51:05","date_gmt":"2025-04-29T03:51:05","guid":{"rendered":"https:\/\/shop.kustom.ch\/?post_type=product&#038;p=659749"},"modified":"2026-03-31T09:00:01","modified_gmt":"2026-03-31T08:00:01","slug":"jacke-inhaerent","status":"publish","type":"product","link":"https:\/\/shop.kustom.ch\/it\/prodotto\/jacke-inhaerent\/","title":{"rendered":"Giacca inerente"},"content":{"rendered":"<p>Giacca industriale priva di metalli, di qualit\u00e0 morbida, elastica e confortevole. Estremamente resistente, repellente all'olio, allo sporco e all'acqua. Tasca nascosta sul petto con cerniera, due tasche anteriori con pattina e passanti sul carr\u00e9 per microfono, ossimetro o altre attrezzature tecniche. Dorso allungato e regolabile, larghezza del polsino regolabile con bottoni a pressione. Collo alto per una maggiore protezione. Dettagli riflettenti su spalle, schiena e avambracci applicati con trasferimento termico. Testato e approvato per il lavaggio industriale - EN 15797, massimo 50 lavaggi. Certificato secondo le norme EN 1149-5, EN ISO 11611, EN ISO 11612, EN 61482-2 e EN 13034.<\/p>\n<p>FUNZIONALIT\u00c0: Senza metallo. Superficie oleorepellente, antisporco e idrorepellente. DETTAGLI: Etichette di certificazione esterne. Bottoni in plastica. Collo extra alto sul retro. Colletto rialzato. Passanti su entrambi i lati del petto per rilevatore di gas \/ analizzatore di ossigeno \/ microfono. TASCHE: Tasca sul petto con cerniera e anello a D. Tasche anteriori oblique. CHIUSURA ANTERIORE: Chiusura anteriore con bottoni a pressione in plastica nascosti. Zip nascosta in plastica rinforzata. REFLEX: nastro riflettente in aree selezionate per una migliore visibilit\u00e0. CHIUSURA: polsini regolabili con bottoni a pressione. Retro allungato. Vita regolabile con bottoni a pressione. ISTRUZIONI DI LAVAGGIO: 60\u00b0 C. Non candeggiare. Non stirare. Non lavare a secco. PRO: adatto all'asciugatura in tamburo. Asciugatrice - bassa. PROPRIET\u00c0 PRINCIPALI: Elettricista. Artigiani. EN 1149-5. EN 13034. EN 61482-2. EN ISO 11611. EN ISO 11612. TESSUTO: Disponibile per uomo e donna. Uomo. blu. Senza metallo. Ritardante di fiamma. USP: propriet\u00e0 antistatiche. Intrinsecamente ritardante di fiamma. Senza metallo e poliestere. Repellente agli oli e allo sporco. Dettagli riflettenti. Tessuto Ripstop. Robusta cerniera unidirezionale in plastica nascosta. Dorso allungato. Polsini regolabili. Idrorepellente. CERTIFICAZIONE: EN 1149-5. max. 50 lavaggi. EN 13034 PB (6). Max. 20 lavaggi. ATPV - 11 cal\/cm\u00b2. ELIM - 10 cal\/cm\u00b2. EN 61482-2, APC 1. max. 50 lavaggi. EN ISO 11611, classe 1 A1+A2. Max. 50 lavaggi. EN ISO 11612 A1, A2, B1, C1, E2, F1. Max. 50 lavaggi<\/p>\n<p>44% modacrilico, 30% cotone, 20% poliammide FR, 5% aramide, 1% antistatico, ripstop, ignifugo, antistatico, 260 g\/m\u00b2<\/p>","protected":false},"excerpt":{"rendered":"<p>Eine metallfreie Industriejacke in weicher, geschmeidiger und komfortabler Qualit\u00e4t. \u00c4usserst strapazierf\u00e4hig, \u00f6l-, schmutz- und wasserabweisend. Versteckte Brusttasche mit Reissverschluss, zwei Vordertaschen mit Klappen und Schlaufen an der Passe f\u00fcr Mikrofon, Oximeter oder andere technische Ger\u00e4te. Verl\u00e4ngerter, verstellbarer R\u00fccken, auch die Manschettenweite ist mit Druckkn\u00f6pfen verstellbar. Hoher Kragen f\u00fcr mehr Schutz. Reflektierende Details an den Schultern, [&hellip;]<\/p>\n","protected":false},"featured_media":659783,"template":"","meta":[],"product_brand":[],"product_cat":[4186],"product_tag":[],"class_list":{"0":"post-659749","1":"product","2":"type-product","3":"status-publish","4":"has-post-thumbnail","6":"product_cat-jacken","7":"pa_brand-blaklaeder","8":"pa_brand-type-workwear","9":"pa_filter-color-blau","11":"first","12":"instock","13":"sale","14":"taxable","15":"shipping-taxable","16":"purchasable","17":"product-type-variable","18":"add-to-wishlist-before_image"},"exclude_global_add_ons":[],"addons":[],"acf":[],"_links":{"self":[{"href":"https:\/\/shop.kustom.ch\/it\/wp-json\/wp\/v2\/product\/659749"}],"collection":[{"href":"https:\/\/shop.kustom.ch\/it\/wp-json\/wp\/v2\/product"}],"about":[{"href":"https:\/\/shop.kustom.ch\/it\/wp-json\/wp\/v2\/types\/product"}],"wp:featuredmedia":[{"embeddable":true,"href":"https:\/\/shop.kustom.ch\/it\/wp-json\/wp\/v2\/media\/659783"}],"wp:attachment":[{"href":"https:\/\/shop.kustom.ch\/it\/wp-json\/wp\/v2\/media?parent=659749"}],"wp:term":[{"taxonomy":"product_brand","embeddable":true,"href":"https:\/\/shop.kustom.ch\/it\/wp-json\/wp\/v2\/product_brand?post=659749"},{"taxonomy":"product_cat","embeddable":true,"href":"https:\/\/shop.kustom.ch\/it\/wp-json\/wp\/v2\/product_cat?post=659749"},{"taxonomy":"product_tag","embeddable":true,"href":"https:\/\/shop.kustom.ch\/it\/wp-json\/wp\/v2\/product_tag?post=659749"}],"curies":[{"name":"wp","href":"https:\/\/api.w.org\/{rel}","templated":true}]}}