{"id":659707,"date":"2025-04-29T04:50:37","date_gmt":"2025-04-29T03:50:37","guid":{"rendered":"https:\/\/shop.kustom.ch\/?post_type=product&#038;p=659707"},"modified":"2026-03-31T08:59:56","modified_gmt":"2026-03-31T07:59:56","slug":"damen-shell-jacke-stretch","status":"publish","type":"product","link":"https:\/\/shop.kustom.ch\/it\/prodotto\/damen-shell-jacke-stretch\/","title":{"rendered":"Giacca a conchiglia da donna elasticizzata"},"content":{"rendered":"<p>Giacca shell antivento e impermeabile con cuciture nastrate che offre una protezione totale dagli elementi quando necessario. Questa giacca da donna con cerniera bidirezionale e fodera in rete sottile \u00e8 realizzata in tessuto elasticizzato a 4 vie incredibilmente morbido ed elastico. Disponibile anche come modello da uomo 4483.<\/p>\n<p>FUNZIONALIT\u00c0: 4 vie elasticizzate. Materiale antivento e impermeabile con traspirabilit\u00e0, cuciture nastrate. DETTAGLI: Cappuccio staccabile con fodera in rete. Zip nella fodera per facilitare la rifinitura dei tessuti. TASCHE: Tasca sul petto con zip. Tasche anteriori, una con anello a D. Tasche anteriori con cerniera. CHIUSURA ANTERIORE: cerniera in plastica a 2 vie. Patta antivento con chiusura a velcro, maniglia in Hypalon con trasferimento riflettente. REFLEX: materiale riflettente sulle maniche. CHIUSURA: Polsini interni con foro per il pollice. Polsini regolabili. Dorso allungato. Vita regolabile con coulisse. ISTRUZIONI DI LAVAGGIO: 40\u00b0 C. Non candeggiare. Non stirare. Non lavare a secco. Non centrifugare. PROPRIET\u00c0 PRINCIPALI: Pavimentazione. Tettoia. Autisti. Tuttofare. Imbianchino. Muratore \/ piastrellista. EN 343. TESSUTO: Donna. Disponibile per uomo e donna. blu. Giallo alta visibilit\u00e0. Traspirabilit\u00e0. Stretch. impermeabile. antivento. Unita. Vento \/ bagnato \/ freddo. USP: stretch a 4 vie. Cappuccio staccabile. Traspirante. Leggermente foderato. Dettagli riflettenti. Zip nella fodera per la profilazione. Schiena allungata. Polsini regolabili. Antivento e impermeabile. Zip in plastica a due vie. CERTIFICAZIONE: EN 343, classe 4.1, non certificato High Vis.<\/p>\n<p>Poliammide 83%, elastan 17%, laminato, impermeabile 15000 mm, antivento, traspirante Ret 11.3, elasticizzato, 170 g\/m\u00b2.<\/p>","protected":false},"excerpt":{"rendered":"<p>Wind- und wasserdichte Shell Jacke mit versiegelten N\u00e4hten, die bei Bedarf vollen Schutz vor den Elementen bietet. Diese Jacke f\u00fcr Frauen mit Zwei-Wege-Reissverschluss und d\u00fcnnem Netzfutter ist aus fantastisch weichem und geschmeidigem 4-Wege-Stretch gefertigt. Auch als Herrenmodell 4483 erh\u00e4ltlich. FUNKTIONALIT\u00c4T: 4-Wege-Stretch. Wind- &amp; wasserdichtes Material mit Atmungsaktivit\u00e4t, verschweisste N\u00e4hte. DETAILS: Abnehmbare Kapuze mit Meshfutter. Reissverschluss [&hellip;]<\/p>\n","protected":false},"featured_media":659739,"template":"","meta":[],"product_brand":[],"product_cat":[4186],"product_tag":[],"class_list":{"0":"post-659707","1":"product","2":"type-product","3":"status-publish","4":"has-post-thumbnail","6":"product_cat-jacken","7":"pa_brand-blaklaeder","8":"pa_brand-type-workwear","9":"pa_filter-color-blau","10":"pa_filter-color-gelb","11":"pa_filter-color-rot","12":"pa_filter-color-schwarz","14":"first","15":"instock","16":"sale","17":"taxable","18":"shipping-taxable","19":"purchasable","20":"product-type-variable","21":"add-to-wishlist-before_image"},"exclude_global_add_ons":[],"addons":[],"acf":[],"_links":{"self":[{"href":"https:\/\/shop.kustom.ch\/it\/wp-json\/wp\/v2\/product\/659707"}],"collection":[{"href":"https:\/\/shop.kustom.ch\/it\/wp-json\/wp\/v2\/product"}],"about":[{"href":"https:\/\/shop.kustom.ch\/it\/wp-json\/wp\/v2\/types\/product"}],"wp:featuredmedia":[{"embeddable":true,"href":"https:\/\/shop.kustom.ch\/it\/wp-json\/wp\/v2\/media\/659739"}],"wp:attachment":[{"href":"https:\/\/shop.kustom.ch\/it\/wp-json\/wp\/v2\/media?parent=659707"}],"wp:term":[{"taxonomy":"product_brand","embeddable":true,"href":"https:\/\/shop.kustom.ch\/it\/wp-json\/wp\/v2\/product_brand?post=659707"},{"taxonomy":"product_cat","embeddable":true,"href":"https:\/\/shop.kustom.ch\/it\/wp-json\/wp\/v2\/product_cat?post=659707"},{"taxonomy":"product_tag","embeddable":true,"href":"https:\/\/shop.kustom.ch\/it\/wp-json\/wp\/v2\/product_tag?post=659707"}],"curies":[{"name":"wp","href":"https:\/\/api.w.org\/{rel}","templated":true}]}}