{"id":659662,"date":"2025-04-29T04:50:08","date_gmt":"2025-04-29T03:50:08","guid":{"rendered":"https:\/\/shop.kustom.ch\/?post_type=product&#038;p=659662"},"modified":"2026-03-31T08:59:55","modified_gmt":"2026-03-31T07:59:55","slug":"leichte-gefuetterte-damen-softshell-winterjacke-high-vis","status":"publish","type":"product","link":"https:\/\/shop.kustom.ch\/it\/prodotto\/leichte-gefuetterte-damen-softshell-winterjacke-high-vis\/","title":{"rendered":"Giacca invernale softshell leggera e foderata da donna High Vis"},"content":{"rendered":"<p>Giacca invernale softshell da donna leggermente foderata e con cerniera bidirezionale, realizzata con un materiale che la rende estremamente morbida, elastica e confortevole. La giacca \u00e8 bicolore e offre visibilit\u00e0 e sicurezza ottimali quando ne avete pi\u00f9 bisogno. Il design di questa giacca ad alta visibilit\u00e0 \u00e8 leggero ed elastico, pur offrendo la durata di un buon abbigliamento da lavoro. Il materiale \u00e8 impermeabile e antivento e ha un'eccellente traspirabilit\u00e0. Una pattina sopra la zip aumenta l'impermeabilit\u00e0 al vento e la giacca \u00e8 dotata di un cappuccio staccabile. Disponibile anche nella versione da uomo 4400.<\/p>\n<p>FUNZIONALIT\u00c0: elasticizzato a 2 vie. Toppe di colore scuro nelle zone esposte allo sporco. Antivento e impermeabile, cuciture non sigillate, traspirante. Taglia donna. DETTAGLI: anello a D. Cappuccio staccabile e regolabile con fodera in rete. Collo alto. Spallacci in colore a contrasto. Buone superfici per il finissaggio. Zip nella fodera per facilitare il finissaggio dei tessuti. TASCHE: Tasca sul petto con cerniera e anello a D. Tasca Napoleone all'interno della patta antivento. Tasche anteriori con cerniera. CHIUSURA ANTERIORE: Robusta cerniera a 2 vie in plastica. Patta antivento con chiusura a velcro. REFLEX: strisce riflettenti a trasferimento larghe 50 mm. Dettagli riflettenti. Strisce riflettenti su corpo e maniche. CHIUSURA: polsini regolabili con chiusura in velcro. Dorso allungato. Vita regolabile con coulisse. ISTRUZIONI DI LAVAGGIO: Numero di lavaggi: 25. 40\u00b0 C. Non candeggiare. Non stirare. Non lavare a secco. Non centrifugare. PROPRIET\u00c0 PRINCIPALI: Autista. Giardiniere. Tuttofare. Idraulico. Lavoratori stradali ed edili. EN 342. EN ISO 20471. TESSUTO: Donna. Disponibile per uomo e donna. blu. Giallo alta visibilit\u00e0. Arancione ad alta visibilit\u00e0. Rosso a vista. Traspirabilit\u00e0. idrorepellente. antivento. elasticizzato. Alta visibilit\u00e0. USP: materiale softshell a 3 strati. Traspirante. Ampie strisce riflettenti. Leggermente foderato. Tasca Napoleone. Dettagli riflettenti. La cerniera nella fodera consente la profilatura. Dorso allungato. Polsini regolabili. Antivento e impermeabile. CERTIFICAZIONE: EN 342 insieme a 7118. EN ISO 20471, classe 2. gruppo di certificazione C<\/p>\n<p>92% poliestere, 8% elastan, softshell a 3 strati, impermeabile 11.000 mm, antivento, traspirante Ret 20.0, elasticizzato, 265 g\/m\u00b2<\/p>","protected":false},"excerpt":{"rendered":"<p>Leicht gef\u00fctterte Softshell Winterjacke f\u00fcr Damen mit Zwei-Wege-Reissverschluss aus einem Material, das sie extrem weich, geschmeidig und bequem macht. Die Jacke ist zweifarbig und bietet optimale Sichtbarkeit und Sicherheit, wenn man sie am meisten braucht. Das Design dieser Warnschutzjacke ist leicht und stretchig und bietet gleichzeitig die Strapazierf\u00e4higkeit einer guten Arbeitskleidung. Das Material ist wasser- [&hellip;]<\/p>\n","protected":false},"featured_media":659706,"template":"","meta":[],"product_brand":[],"product_cat":[4186],"product_tag":[],"class_list":{"0":"post-659662","1":"product","2":"type-product","3":"status-publish","4":"has-post-thumbnail","6":"product_cat-jacken","7":"pa_brand-blaklaeder","8":"pa_brand-type-workwear","9":"pa_filter-color-blau","10":"pa_filter-color-gelb","11":"pa_filter-color-orange","12":"pa_filter-color-rot","13":"pa_filter-color-schwarz","15":"first","16":"instock","17":"sale","18":"taxable","19":"shipping-taxable","20":"purchasable","21":"product-type-variable","22":"add-to-wishlist-before_image"},"exclude_global_add_ons":[],"addons":[],"acf":[],"_links":{"self":[{"href":"https:\/\/shop.kustom.ch\/it\/wp-json\/wp\/v2\/product\/659662"}],"collection":[{"href":"https:\/\/shop.kustom.ch\/it\/wp-json\/wp\/v2\/product"}],"about":[{"href":"https:\/\/shop.kustom.ch\/it\/wp-json\/wp\/v2\/types\/product"}],"wp:featuredmedia":[{"embeddable":true,"href":"https:\/\/shop.kustom.ch\/it\/wp-json\/wp\/v2\/media\/659706"}],"wp:attachment":[{"href":"https:\/\/shop.kustom.ch\/it\/wp-json\/wp\/v2\/media?parent=659662"}],"wp:term":[{"taxonomy":"product_brand","embeddable":true,"href":"https:\/\/shop.kustom.ch\/it\/wp-json\/wp\/v2\/product_brand?post=659662"},{"taxonomy":"product_cat","embeddable":true,"href":"https:\/\/shop.kustom.ch\/it\/wp-json\/wp\/v2\/product_cat?post=659662"},{"taxonomy":"product_tag","embeddable":true,"href":"https:\/\/shop.kustom.ch\/it\/wp-json\/wp\/v2\/product_tag?post=659662"}],"curies":[{"name":"wp","href":"https:\/\/api.w.org\/{rel}","templated":true}]}}