{"id":659626,"date":"2025-04-29T04:49:39","date_gmt":"2025-04-29T03:49:39","guid":{"rendered":"https:\/\/shop.kustom.ch\/?post_type=product&#038;p=659626"},"modified":"2026-03-31T08:59:10","modified_gmt":"2026-03-31T07:59:10","slug":"damen-ueberhemd-inhaerent","status":"publish","type":"product","link":"https:\/\/shop.kustom.ch\/it\/prodotto\/damen-ueberhemd-inhaerent\/","title":{"rendered":"Camicia da donna Inherent"},"content":{"rendered":"<p>Una camicia da lavoro con una visibilit\u00e0 migliorata, morbida ed elastica, che si distingue per l'elevato comfort e la durata nel tempo. Adatto alle donne, questo capo \u00e8 un mix funzionale di giacca industriale tradizionale e camicia moderna. Completamente privo di metallo, \u00e8 dotato di bottoni a pressione in plastica e di una cerniera bidirezionale in plastica. Tasche sul petto coperte e applicate con ampio spazio per cellulare, blocco note e altri utensili. Un supporto esterno per penna o occhiali, ad esempio, sul lato sinistro. Sopra ogni tasca sul petto si trovano i supporti per l'ossimetro, il microfono o altre apparecchiature tecniche. Il colletto \u00e8 dotato di bottoni a pressione sul davanti per una maggiore protezione in caso di necessit\u00e0. Maniche e polsini preformati regolabili su due diverse larghezze con bottoni a pressione. Orlo posteriore allungato per un maggiore comfort. Dettagli riflettenti applicati a caldo su spalle, schiena e parte inferiore delle maniche. Testato e approvato per il lavaggio industriale - EN 15797, massimo 50 lavaggi. Certificato secondo le norme EN 1149-5, EN ISO 11611, EN 13034, EN ISO 11612, EN 61482-2.<\/p>\n<p>FUNZIONALIT\u00c0: Senza metallo. Superficie oleorepellente, antisporco e idrorepellente. DETTAGLI: Etichette di certificazione esterne. Collo extra alto sul retro. Colletto rialzato. Passanti su entrambi i lati del petto per rilevatore di gas \/ analizzatore di ossigeno \/ microfono. TASCHE: Tasche sul petto con soffietto e patta. CHIUSURA ANTERIORE: Zip nascosta a 2 vie in plastica. REFLEX: nastro riflettente in aree selezionate per una migliore visibilit\u00e0. CHIUSURA: Polsini regolabili con bottoni a pressione. Dorso allungato. ISTRUZIONI DI LAVAGGIO: 60\u00b0 C. Non candeggiare. Non stirare. Non lavare a secco. PRO: adatto all'asciugatura in tamburo. Asciugatrice - bassa. PROPRIET\u00c0 PRINCIPALI: Elettricista. Artigiani. EN 1149-5. EN 13034. EN 61482-2. EN ISO 11611. EN ISO 11612. TESSUTO: Donna. Disponibile per uomo e donna. Giallo alta visibilit\u00e0. nero. Senza metallo. Ritardante di fiamma. LAVAGGIO: lavaggio industriale EN ISO 15797. CERTIFICAZIONE: EN 1149-5. max. 50 lavaggi. EN 13034 PB (6). Max. 20 lavaggi. ATPV - 11 cal\/cm\u00b2. ELIM - 10 cal\/cm\u00b2. EN 61482-2, APC 1. max. 50 lavaggi. EN ISO 11611, classe 1 A1+A2. Max. 50 lavaggi. EN ISO 11612 A1, A2, B1, C1, E2, F1. Max. 50 lavaggi<\/p>\n<p>44% modacrilico, 30% cotone, 20% poliammide FR, 5% aramide, 1% antistatico, ripstop, ignifugo, antistatico, 260 g\/m\u00b2<\/p>","protected":false},"excerpt":{"rendered":"<p>Ein \u00f6l-, schmutz- und wasserabweisendes \u00dcberhemd mit verbesserter Sichtbarkeit in einer weichen, geschmeidigen Qualit\u00e4t, die sich durch hohen Tragekomfort und Strapazierf\u00e4higkeit auszeichnet. Dieses f\u00fcr Damen geeignete Kleidungsst\u00fcck ist eine funktionelle Mischung aus traditioneller Industriejacke und modernem Hemd. Es ist komplett metallfrei und verf\u00fcgt \u00fcber Kunststoffdruckkn\u00f6pfe und einen Zwei-Wege-Reissverschluss aus Kunststoff. Abgedeckte, aufgesetzte Brusttaschen mit viel [&hellip;]<\/p>\n","protected":false},"featured_media":659661,"template":"","meta":[],"product_brand":[],"product_cat":[4186],"product_tag":[],"class_list":{"0":"post-659626","1":"product","2":"type-product","3":"status-publish","4":"has-post-thumbnail","6":"product_cat-jacken","7":"pa_brand-blaklaeder","8":"pa_brand-type-workwear","9":"pa_filter-color-gelb","11":"first","12":"instock","13":"sale","14":"taxable","15":"shipping-taxable","16":"purchasable","17":"product-type-variable","18":"add-to-wishlist-before_image"},"exclude_global_add_ons":[],"addons":[],"acf":[],"_links":{"self":[{"href":"https:\/\/shop.kustom.ch\/it\/wp-json\/wp\/v2\/product\/659626"}],"collection":[{"href":"https:\/\/shop.kustom.ch\/it\/wp-json\/wp\/v2\/product"}],"about":[{"href":"https:\/\/shop.kustom.ch\/it\/wp-json\/wp\/v2\/types\/product"}],"wp:featuredmedia":[{"embeddable":true,"href":"https:\/\/shop.kustom.ch\/it\/wp-json\/wp\/v2\/media\/659661"}],"wp:attachment":[{"href":"https:\/\/shop.kustom.ch\/it\/wp-json\/wp\/v2\/media?parent=659626"}],"wp:term":[{"taxonomy":"product_brand","embeddable":true,"href":"https:\/\/shop.kustom.ch\/it\/wp-json\/wp\/v2\/product_brand?post=659626"},{"taxonomy":"product_cat","embeddable":true,"href":"https:\/\/shop.kustom.ch\/it\/wp-json\/wp\/v2\/product_cat?post=659626"},{"taxonomy":"product_tag","embeddable":true,"href":"https:\/\/shop.kustom.ch\/it\/wp-json\/wp\/v2\/product_tag?post=659626"}],"curies":[{"name":"wp","href":"https:\/\/api.w.org\/{rel}","templated":true}]}}