{"id":659590,"date":"2025-04-29T04:49:11","date_gmt":"2025-04-29T03:49:11","guid":{"rendered":"https:\/\/shop.kustom.ch\/?post_type=product&#038;p=659590"},"modified":"2026-03-31T08:59:08","modified_gmt":"2026-03-31T07:59:08","slug":"damenjacke-inhaerent","status":"publish","type":"product","link":"https:\/\/shop.kustom.ch\/it\/prodotto\/damenjacke-inhaerent\/","title":{"rendered":"Giacca da donna Inherent"},"content":{"rendered":"<p>Giacca industriale da donna di qualit\u00e0 morbida, elastica, confortevole e molto resistente. La giacca, priva di metallo (bottoni in plastica e cerniere coperte), ha propriet\u00e0 oleorepellenti, antisporco e idrorepellenti. Tasca nascosta sul petto con cerniera, due tasche anteriori con pattina e bottoni a pressione e passanti per microfono, ossimetro o altre attrezzature tecniche. Dorso allungato e regolabile in larghezza; anche la larghezza del polsino pu\u00f2 essere regolata con bottoni a pressione. Il colletto pu\u00f2 essere chiuso con due bottoni a pressione per fornire ulteriore protezione. Dettagli riflettenti su spalle, schiena e avambracci applicati a caldo. Testato e approvato per il lavaggio industriale - EN 15797, massimo 50 lavaggi. Certificato secondo le norme EN 1149-5, EN ISO 11611, EN ISO 11612, EN 61482-2 e EN 13034.<\/p>\n<p>FUNZIONALIT\u00c0: Senza metallo. Superficie oleorepellente, antisporco e idrorepellente. DETTAGLI: Etichette di certificazione esterne. Bottoni in plastica. Collo extra alto sul retro. Colletto rialzato. Passanti su entrambi i lati del petto per rilevatore di gas \/ analizzatore di ossigeno \/ microfono. TASCHE: Tasca sul petto con cerniera e anello a D. Tasche anteriori con patta e bottone a pressione. CHIUSURA ANTERIORE: zip nascosta a 2 vie in plastica. Protezione dal vento con chiusura a bottone. REFLEX: nastro riflettente in aree selezionate per una migliore visibilit\u00e0. CHIUSURA: Polsini regolabili con bottoni a pressione. Retro allungato. Vita regolabile con bottoni a pressione. ISTRUZIONI DI LAVAGGIO: 60\u00b0 C. Non candeggiare. Non stirare. Non lavare a secco. PRO: adatto all'asciugatura in tamburo. Asciugatrice - bassa. PROPRIET\u00c0 PRINCIPALI: Elettricista. Artigiani. EN 1149-5. EN 13034. EN 61482-2. EN ISO 11611. EN ISO 11612. TESSUTO: Donna. Disponibile per uomo e donna. blu. Senza metallo. Ritardante di fiamma. LAVAGGIO: lavaggio industriale EN ISO 15797. CERTIFICAZIONE: EN 1149-5. max. 50 lavaggi. EN 13034 PB (6). Max. 20 lavaggi. ATPV - 11 cal\/cm\u00b2. ELIM - 10 cal\/cm\u00b2. EN 61482-2, APC 1. max. 50 lavaggi. EN ISO 11611, classe 1 A1+A2. Max. 50 lavaggi. EN ISO 11612 A1, A2, B1, C1, E2, F1. Max. 50 lavaggi<\/p>\n<p>44% modacrilico, 30% cotone, 20% poliammide FR, 5% aramide, 1% antistatico, ripstop, ignifugo, antistatico, 260 g\/m\u00b2<\/p>","protected":false},"excerpt":{"rendered":"<p>Eine Damen-Industriejacke in weicher, geschmeidiger, komfortabler und sehr strapazierf\u00e4higer Qualit\u00e4t. Die metallfreie (Kn\u00f6pfe und abgedeckte Reissverschl\u00fcsse aus Kunststoff) Jacke hat \u00f6l-, schmutz- und wasserabweisende Eigenschaften. Verdeckte Brusttasche mit Reissverschluss, zwei Vordertaschen mit Patten und Druckkn\u00f6pfen sowie Schlaufen f\u00fcr Mikrofon, Oximeter oder andere technische Ger\u00e4te. Verl\u00e4ngerter, weitenverstellbarer R\u00fccken, auch die Manschettenweite ist mit Druckkn\u00f6pfen verstellbar. Der [&hellip;]<\/p>\n","protected":false},"featured_media":659653,"template":"","meta":[],"product_brand":[],"product_cat":[4186],"product_tag":[],"class_list":{"0":"post-659590","1":"product","2":"type-product","3":"status-publish","4":"has-post-thumbnail","6":"product_cat-jacken","7":"pa_brand-blaklaeder","8":"pa_brand-type-workwear","9":"pa_filter-color-blau","11":"first","12":"instock","13":"sale","14":"taxable","15":"shipping-taxable","16":"purchasable","17":"product-type-variable","18":"add-to-wishlist-before_image"},"exclude_global_add_ons":[],"addons":[],"acf":[],"_links":{"self":[{"href":"https:\/\/shop.kustom.ch\/it\/wp-json\/wp\/v2\/product\/659590"}],"collection":[{"href":"https:\/\/shop.kustom.ch\/it\/wp-json\/wp\/v2\/product"}],"about":[{"href":"https:\/\/shop.kustom.ch\/it\/wp-json\/wp\/v2\/types\/product"}],"wp:featuredmedia":[{"embeddable":true,"href":"https:\/\/shop.kustom.ch\/it\/wp-json\/wp\/v2\/media\/659653"}],"wp:attachment":[{"href":"https:\/\/shop.kustom.ch\/it\/wp-json\/wp\/v2\/media?parent=659590"}],"wp:term":[{"taxonomy":"product_brand","embeddable":true,"href":"https:\/\/shop.kustom.ch\/it\/wp-json\/wp\/v2\/product_brand?post=659590"},{"taxonomy":"product_cat","embeddable":true,"href":"https:\/\/shop.kustom.ch\/it\/wp-json\/wp\/v2\/product_cat?post=659590"},{"taxonomy":"product_tag","embeddable":true,"href":"https:\/\/shop.kustom.ch\/it\/wp-json\/wp\/v2\/product_tag?post=659590"}],"curies":[{"name":"wp","href":"https:\/\/api.w.org\/{rel}","templated":true}]}}