{"id":659507,"date":"2025-04-29T04:48:17","date_gmt":"2025-04-29T03:48:17","guid":{"rendered":"https:\/\/shop.kustom.ch\/?post_type=product&#038;p=659507"},"modified":"2026-03-31T08:56:14","modified_gmt":"2026-03-31T07:56:14","slug":"sweatshirt-mit-durchgehendem-reissverschluss","status":"publish","type":"product","link":"https:\/\/shop.kustom.ch\/it\/prodotto\/sweatshirt-mit-durchgehendem-reissverschluss\/","title":{"rendered":"Felpa con zip a tutta lunghezza"},"content":{"rendered":"<p>Un'elegante felpa adatta sia al lavoro che al tempo libero. La felpa presenta sottili dettagli riflettenti, una coulisse sull'orlo e offre eccellenti opportunit\u00e0 di personalizzazione con il vostro logo. Disponibile anche come modello da donna 3549.<\/p>\n<p>FUNZIONALIT\u00c0: Vestibilit\u00e0 slim. DETTAGLI: Collo alto con zip. TASCHE: Tasca sul petto con zip. Tasche anteriori con cerniera. CHIUSURA ANTERIORE: Zip in plastica. Patta antivento interna. REFLEX: Strisce riflettenti non certificate. Dettagli riflettenti. CHIUSURA: Fascia elastica sull'orlo inferiore. ISTRUZIONI DI LAVAGGIO: 40\u00b0 C. Non candeggiare. Non stirare. Non lavare a secco. Non centrifugare. PROPRIET\u00c0 PRINCIPALI: Autista. Giardiniere. Tuttofare. Magazziniere. Personale di servizio. Disponibile per uomini e donne. Uomo. TESSUTO: disponibile per uomo e donna. Uomo. nero. Profilo. USP: vestibilit\u00e0 aderente. Dettagli riflettenti. Interno morbido e spazzolato<\/p>\n<p>100% poliestere, pile piqu\u00e9, spazzolato su un lato, 260 g\/m\u00b2<\/p>","protected":false},"excerpt":{"rendered":"<p>Ein elegantes Sweatshirt, das sich sowohl f\u00fcr die Arbeit als auch f\u00fcr die Freizeit eignet. Das Sweatshirt hat dezente reflektierende Details, einen Kordelzug am Saum und bietet hervorragende M\u00f6glichkeiten zur Veredelung mit Ihrem Logo. Auch als Damenmodell 3549 erh\u00e4ltlich. FUNKTIONALIT\u00c4T: Slim Fit. DETAILS: Hoher Kragen mit Reissverschluss. TASCHEN: Brusttasche mit Reissverschluss. Vordertaschen mit Reissverschl\u00fcssen. FRONTVERSCHLUSS: [&hellip;]<\/p>\n","protected":false},"featured_media":659558,"template":"","meta":[],"product_brand":[],"product_cat":[4184],"product_tag":[],"class_list":{"0":"post-659507","1":"product","2":"type-product","3":"status-publish","4":"has-post-thumbnail","6":"product_cat-hoodies-pullover","7":"pa_brand-blaklaeder","8":"pa_brand-type-workwear","9":"pa_filter-color-gruen","10":"pa_filter-color-rot","11":"pa_filter-color-schwarz","13":"first","14":"instock","15":"sale","16":"taxable","17":"shipping-taxable","18":"purchasable","19":"product-type-variable","20":"add-to-wishlist-before_image"},"exclude_global_add_ons":[],"addons":[],"acf":[],"_links":{"self":[{"href":"https:\/\/shop.kustom.ch\/it\/wp-json\/wp\/v2\/product\/659507"}],"collection":[{"href":"https:\/\/shop.kustom.ch\/it\/wp-json\/wp\/v2\/product"}],"about":[{"href":"https:\/\/shop.kustom.ch\/it\/wp-json\/wp\/v2\/types\/product"}],"wp:featuredmedia":[{"embeddable":true,"href":"https:\/\/shop.kustom.ch\/it\/wp-json\/wp\/v2\/media\/659558"}],"wp:attachment":[{"href":"https:\/\/shop.kustom.ch\/it\/wp-json\/wp\/v2\/media?parent=659507"}],"wp:term":[{"taxonomy":"product_brand","embeddable":true,"href":"https:\/\/shop.kustom.ch\/it\/wp-json\/wp\/v2\/product_brand?post=659507"},{"taxonomy":"product_cat","embeddable":true,"href":"https:\/\/shop.kustom.ch\/it\/wp-json\/wp\/v2\/product_cat?post=659507"},{"taxonomy":"product_tag","embeddable":true,"href":"https:\/\/shop.kustom.ch\/it\/wp-json\/wp\/v2\/product_tag?post=659507"}],"curies":[{"name":"wp","href":"https:\/\/api.w.org\/{rel}","templated":true}]}}