{"id":659427,"date":"2025-04-29T04:47:19","date_gmt":"2025-04-29T03:47:19","guid":{"rendered":"https:\/\/shop.kustom.ch\/?post_type=product&#038;p=659427"},"modified":"2026-03-31T08:53:55","modified_gmt":"2026-03-31T07:53:55","slug":"damen-langarm-shirt-multinorm","status":"publish","type":"product","link":"https:\/\/shop.kustom.ch\/it\/prodotto\/damen-langarm-shirt-multinorm\/","title":{"rendered":"Camicia da donna a maniche lunghe Multinorm"},"content":{"rendered":"<p>T-shirt a maniche lunghe ad alta visibilit\u00e0 con protezione antifiamma e strisce diagonali riflettenti. Vestibilit\u00e0 femminile, scollo rotondo, cuciture rinforzate su spalle e collo. Certificata secondo le norme EN ISO 20471, EN 1149-5, EN ISO 11612.<\/p>\n<p>DETTAGLI: Etichette esterne di certificazione. Collo rotondo. REFLEX: Strisce riflettenti a trasferimento ignifugo interrotto. CHIUSURA: Polsini con risvolto. ISTRUZIONI DI LAVAGGIO: 40\u00b0 C. Non candeggiare. Non stirare. Non lavare a secco. Non centrifugare. PROPRIET\u00c0 PRINCIPALI: Elettricista. Artigiano. Addetti al servizio. EN 1149-5. EN 61482-2. EN ISO 11612. EN ISO 20471. TESSUTO: Donna. Giallo alta visibilit\u00e0. Ritardante di fiamma. CERTIFICAZIONE: EN 1149-5. EN ISO 11612 A1, B1, C1, E1, F1. EN ISO 20471 XS-M classe 2, L -&gt; classe 3. gruppo di certificazione C -&gt;L. ATPV - 13,1 cal\/cm\u00b2. ELIM - 12,2 cal\/cm\u00b2. IEC 61482-2, APC 1<\/p>\n<p>48% modacrilico, 42% cotone, 5% aramide, 3% poliammide, 2% fibra antistatica, interlock, ignifugo, antistatico, 250 g\/m\u00b2<\/p>","protected":false},"excerpt":{"rendered":"<p>Lang\u00e4rmeliges High-Vis T-Shirt mit Flammschutz und diagonalen Reflexstreifen. Weibliche Passform, Rundhalsausschnitt, verst\u00e4rkte N\u00e4hte an den Schultern und im Nacken. Zertifiziert nach EN ISO 20471, EN 1149-5, EN ISO 11612. DETAILS: Aussenliegende Zertifizierungsetiketten. Rundhals. REFLEX: Unterbrochene flammhemmende Transfer-Reflexstreifen. ABSCHLUSS: Armabschluss mit B\u00fcndchen. WASCHANLEITUNG: 40\u00b0 C. Nicht bleichen. Nicht b\u00fcgeln. Nicht chemisch reinigen. Nicht schleudern. HAUPTEIGENSCHAFTEN: Elektriker. [&hellip;]<\/p>\n","protected":false},"featured_media":659454,"template":"","meta":[],"product_brand":[],"product_cat":[4201],"product_tag":[],"class_list":{"0":"post-659427","1":"product","2":"type-product","3":"status-publish","4":"has-post-thumbnail","6":"product_cat-t-shirts","7":"pa_brand-blaklaeder","8":"pa_brand-type-workwear","9":"pa_filter-color-gelb","11":"first","12":"instock","13":"sale","14":"taxable","15":"shipping-taxable","16":"purchasable","17":"product-type-variable","18":"add-to-wishlist-before_image"},"exclude_global_add_ons":[],"addons":[],"acf":[],"_links":{"self":[{"href":"https:\/\/shop.kustom.ch\/it\/wp-json\/wp\/v2\/product\/659427"}],"collection":[{"href":"https:\/\/shop.kustom.ch\/it\/wp-json\/wp\/v2\/product"}],"about":[{"href":"https:\/\/shop.kustom.ch\/it\/wp-json\/wp\/v2\/types\/product"}],"wp:featuredmedia":[{"embeddable":true,"href":"https:\/\/shop.kustom.ch\/it\/wp-json\/wp\/v2\/media\/659454"}],"wp:attachment":[{"href":"https:\/\/shop.kustom.ch\/it\/wp-json\/wp\/v2\/media?parent=659427"}],"wp:term":[{"taxonomy":"product_brand","embeddable":true,"href":"https:\/\/shop.kustom.ch\/it\/wp-json\/wp\/v2\/product_brand?post=659427"},{"taxonomy":"product_cat","embeddable":true,"href":"https:\/\/shop.kustom.ch\/it\/wp-json\/wp\/v2\/product_cat?post=659427"},{"taxonomy":"product_tag","embeddable":true,"href":"https:\/\/shop.kustom.ch\/it\/wp-json\/wp\/v2\/product_tag?post=659427"}],"curies":[{"name":"wp","href":"https:\/\/api.w.org\/{rel}","templated":true}]}}