{"id":659383,"date":"2025-04-29T04:46:53","date_gmt":"2025-04-29T03:46:53","guid":{"rendered":"https:\/\/shop.kustom.ch\/?post_type=product&#038;p=659383"},"modified":"2026-03-31T08:53:54","modified_gmt":"2026-03-31T07:53:54","slug":"flammhemmendes-damen-shirt-langarm","status":"publish","type":"product","link":"https:\/\/shop.kustom.ch\/it\/prodotto\/flammhemmendes-damen-shirt-langarm\/","title":{"rendered":"Camicia da donna a maniche lunghe ignifuga"},"content":{"rendered":"<p>T-shirt a maniche lunghe, ignifuga, di qualit\u00e0 sottile e molto confortevole. Vestibilit\u00e0 femminile, scollo rotondo, cuciture rinforzate su spalle e collo e polsini a coste. Omologata per il lavaggio a 60\u00b0C. Certificata secondo le norme EN 1149-5, EN ISO 11612, EN 61482-2.<\/p>\n<p>DETTAGLI: Etichette esterne di certificazione. Collo rotondo. CHIUSURA: Polsini con risvolto. ISTRUZIONI DI LAVAGGIO: 60\u00b0 C. Non candeggiare. Non stirare. Non lavare a secco. Asciugare a tamburo - basso. PROPRIET\u00c0 PRINCIPALI: Elettricista. Tuttofare. Personale di servizio. EN 1149-5. EN 61482-2. EN ISO 11612. TESSUTO: Donna. blu. Ritardante di fiamma. CERTIFICAZIONE: EN 1149-5. ATPV- 6,0cal\/cm\u00b2. ELIM- 4,9cal\/cm\u00b2. EN 61482-2, APC 1. EN ISO 11612 A1,A2,B1,C1,F1<\/p>\n<p>60% modacrilico, 39% cotone, 1% fibra antistatica, single jersey, ignifugo, antistatico 210g\/m\u00b2<\/p>","protected":false},"excerpt":{"rendered":"<p>Lang\u00e4rmeliges, flammhemmendes T-Shirt in einer d\u00fcnnen Qualit\u00e4t, die sehr bequem ist. Weibliche Passform, Rundhalsausschnitt, verst\u00e4rkte N\u00e4hte an den Schultern und im Nacken sowie Rippenb\u00fcndchen. Zugelassen zum Waschen bei 60\u00b0C. Zertifiziert nach EN 1149-5, EN ISO 11612, EN 61482-2. DETAILS: Aussenliegende Zertifizierungsetiketten. Rundhals. ABSCHLUSS: Armabschluss mit B\u00fcndchen. WASCHANLEITUNG: 60\u00b0 C. Nicht bleichen. Nicht b\u00fcgeln. Nicht chemisch [&hellip;]<\/p>\n","protected":false},"featured_media":659438,"template":"","meta":[],"product_brand":[],"product_cat":[4201],"product_tag":[],"class_list":{"0":"post-659383","1":"product","2":"type-product","3":"status-publish","4":"has-post-thumbnail","6":"product_cat-t-shirts","7":"pa_brand-blaklaeder","8":"pa_brand-type-workwear","9":"pa_filter-color-blau","10":"pa_filter-color-schwarz","12":"first","13":"instock","14":"sale","15":"taxable","16":"shipping-taxable","17":"purchasable","18":"product-type-variable","19":"add-to-wishlist-before_image"},"exclude_global_add_ons":[],"addons":[],"acf":[],"_links":{"self":[{"href":"https:\/\/shop.kustom.ch\/it\/wp-json\/wp\/v2\/product\/659383"}],"collection":[{"href":"https:\/\/shop.kustom.ch\/it\/wp-json\/wp\/v2\/product"}],"about":[{"href":"https:\/\/shop.kustom.ch\/it\/wp-json\/wp\/v2\/types\/product"}],"wp:featuredmedia":[{"embeddable":true,"href":"https:\/\/shop.kustom.ch\/it\/wp-json\/wp\/v2\/media\/659438"}],"wp:attachment":[{"href":"https:\/\/shop.kustom.ch\/it\/wp-json\/wp\/v2\/media?parent=659383"}],"wp:term":[{"taxonomy":"product_brand","embeddable":true,"href":"https:\/\/shop.kustom.ch\/it\/wp-json\/wp\/v2\/product_brand?post=659383"},{"taxonomy":"product_cat","embeddable":true,"href":"https:\/\/shop.kustom.ch\/it\/wp-json\/wp\/v2\/product_cat?post=659383"},{"taxonomy":"product_tag","embeddable":true,"href":"https:\/\/shop.kustom.ch\/it\/wp-json\/wp\/v2\/product_tag?post=659383"}],"curies":[{"name":"wp","href":"https:\/\/api.w.org\/{rel}","templated":true}]}}