{"id":659382,"date":"2025-04-29T04:46:53","date_gmt":"2025-04-29T03:46:53","guid":{"rendered":"https:\/\/shop.kustom.ch\/?post_type=product&#038;p=659382"},"modified":"2026-03-31T08:48:48","modified_gmt":"2026-03-31T07:48:48","slug":"flanellhemd-2","status":"publish","type":"product","link":"https:\/\/shop.kustom.ch\/it\/prodotto\/flanellhemd-2\/","title":{"rendered":"Camicia di flanella"},"content":{"rendered":"<p>Camicia di flanella robusta ed elegante dal taglio classico. Questa camicia a maniche lunghe \u00e8 realizzata in flanella spessa e accogliente e ha una vestibilit\u00e0 ampia per un maggiore comfort. Ideale per il lavoro e il tempo libero. Disponibile anche nel taglio femminile 3218.<\/p>\n<p>FUNZIONALIT\u00c0: vestibilit\u00e0 ampia. DETTAGLI: Bottoni in plastica. TASCHE: Tasca sul petto con patta e taschino portapenne. CHIUSURA: Polsini con risvolto. ISTRUZIONI DI LAVAGGIO: 40\u00b0 C. Ferro da stiro medio. Non candeggiare. Non lavare a secco. Non centrifugare. PROPRIET\u00c0 PRINCIPALI: Strato del pavimento. Conducente. Pescatore. Giardiniere. Tuttofare. Idraulico. Magazziniere. Imbianchino. Muratore \/ piastrellista. Meccanico. Addetto alle pulizie. Idraulico. TESSUTO: disponibile per uomo e donna. Uomo. verde. rosso. nero. Profilo. USP: 100 cotone %. Spazzolato su entrambi i lati<\/p>\n<p>100% cotone, twill, spazzolato su entrambi i lati, 233g\/m\u00b2<\/p>","protected":false},"excerpt":{"rendered":"<p>Robustes, stilvolles Flanellhemd mit klassischem Schnitt. Dieses lang\u00e4rmelige Hemd ist aus dickem, kuscheligem Flanell gefertigt und hat eine lockere Passform f\u00fcr mehr Komfort. Ideal zum Tragen im Beruf und in der Freizeit. Auch im Damenschnitt 3218 erh\u00e4ltlich. FUNKTIONALIT\u00c4T: Lockere Passform. DETAILS: Kunststoff-Kn\u00f6pfe. TASCHEN: Brusttasche mit Patte und Stifttasche. ABSCHLUSS: Armabschluss mit B\u00fcndchen. WASCHANLEITUNG: 40\u00b0 C. [&hellip;]<\/p>\n","protected":false},"featured_media":659407,"template":"","meta":[],"product_brand":[],"product_cat":[9874],"product_tag":[],"class_list":{"0":"post-659382","1":"product","2":"type-product","3":"status-publish","4":"has-post-thumbnail","6":"product_cat-hemden","7":"pa_brand-blaklaeder","8":"pa_brand-type-workwear","9":"pa_filter-color-gruen","10":"pa_filter-color-rot","11":"pa_filter-color-schwarz","13":"first","14":"instock","15":"sale","16":"taxable","17":"shipping-taxable","18":"purchasable","19":"product-type-variable","20":"add-to-wishlist-before_image"},"exclude_global_add_ons":[],"addons":[],"acf":[],"_links":{"self":[{"href":"https:\/\/shop.kustom.ch\/it\/wp-json\/wp\/v2\/product\/659382"}],"collection":[{"href":"https:\/\/shop.kustom.ch\/it\/wp-json\/wp\/v2\/product"}],"about":[{"href":"https:\/\/shop.kustom.ch\/it\/wp-json\/wp\/v2\/types\/product"}],"wp:featuredmedia":[{"embeddable":true,"href":"https:\/\/shop.kustom.ch\/it\/wp-json\/wp\/v2\/media\/659407"}],"wp:attachment":[{"href":"https:\/\/shop.kustom.ch\/it\/wp-json\/wp\/v2\/media?parent=659382"}],"wp:term":[{"taxonomy":"product_brand","embeddable":true,"href":"https:\/\/shop.kustom.ch\/it\/wp-json\/wp\/v2\/product_brand?post=659382"},{"taxonomy":"product_cat","embeddable":true,"href":"https:\/\/shop.kustom.ch\/it\/wp-json\/wp\/v2\/product_cat?post=659382"},{"taxonomy":"product_tag","embeddable":true,"href":"https:\/\/shop.kustom.ch\/it\/wp-json\/wp\/v2\/product_tag?post=659382"}],"curies":[{"name":"wp","href":"https:\/\/api.w.org\/{rel}","templated":true}]}}