{"id":659314,"date":"2025-04-29T04:45:51","date_gmt":"2025-04-29T03:45:51","guid":{"rendered":"https:\/\/shop.kustom.ch\/?post_type=product&#038;p=659314"},"modified":"2026-03-31T08:47:58","modified_gmt":"2026-03-31T07:47:58","slug":"weste-inhaerent","status":"publish","type":"product","link":"https:\/\/shop.kustom.ch\/it\/prodotto\/weste-inhaerent\/","title":{"rendered":"Gilet inerente"},"content":{"rendered":"<p>Gilet in materiale morbido ed elastico con un'elevata resistenza. \u00c8 il preferito da idraulici ed elettricisti che sono soliti portare con s\u00e9 molte attrezzature. Numerose tasche multifunzionali facilitano il lavoro quotidiano. Il gilet \u00e8 privo di metallo ed \u00e8 dotato di bottoni a pressione e cerniera in plastica. Dettagli catarifrangenti applicati a caldo per una migliore visibilit\u00e0 e passanti in vita per una cintura in grado di alleggerire il lavoro.<\/p>\n<p>FUNZIONALIT\u00c0: Senza metallo. Superficie oleorepellente, antisporco e idrorepellente. DETTAGLI: Anello a D. Etichette di certificazione esterne. Bottoni a pressione in plastica. Ampi passanti per cintura. Passanti su entrambi i lati del petto per rilevatore di gas \/ analizzatore di ossigeno \/ microfono. TASCHE: Tasche sul petto con soffietto, patta e bottoni a pressione, una con cinghia portautensili. Tasche portautensili rinforzate in tre parti. Tasche portautensili anteriori e posteriori. CHIUSURA ANTERIORE: Cerniera nascosta in plastica rinforzata. REFLEX: nastro riflettente in aree selezionate per una migliore visibilit\u00e0. ISTRUZIONI DI LAVAGGIO: 60\u00b0 C. Non candeggiare. Non stirare. Non lavare a secco. PRO: adatto all'asciugatura in tamburo. Asciugatrice - bassa. PROPRIET\u00c0 PRINCIPALI: Elettricista. Artigiani. EN 1149-5. EN 61482-2. EN ISO 11612. TESSUTO: blu. Senza metallo. Ritardante di fiamma. LAVAGGIO: lavanderia industriale EN ISO 15797. CERTIFICAZIONE: EN 1149-5. 50 cicli di lavaggio max. ATPV - 11 cal\/cm\u00b2. ELIM - 10 cal\/cm\u00b2. EN 61482-2, APC 1. max. 50 lavaggi. EN ISO 11612 A1,A2,B1,C1,F1. Massimo 50 lavaggi<\/p>\n<p>44% modacrilico, 30% cotone, 20% poliammide FR, 5% aramide, 1% antistatico, ripstop, ignifugo, antistatico, 260 g\/m\u00b2<\/p>","protected":false},"excerpt":{"rendered":"<p>Weste aus weichem, geschmeidigem Material mit hoher Strapazierf\u00e4higkeit. Ein beliebtes Modell bei Installateuren und Elektrikern, die es gewohnt sind, viel Ausr\u00fcstung zu tragen. Mehrere Multifunktionstaschen, die die t\u00e4gliche Arbeit erleichtern. Die Weste ist metallfrei und hat Druckkn\u00f6pfe und Reissverschluss aus Kunststoff. Mit W\u00e4rmeapplikation aufgebrachte reflektierende Details f\u00fcr bessere Sichtbarkeit und Schlaufen um die Taille f\u00fcr [&hellip;]<\/p>\n","protected":false},"featured_media":659373,"template":"","meta":[],"product_brand":[],"product_cat":[4208],"product_tag":[],"class_list":{"0":"post-659314","1":"product","2":"type-product","3":"status-publish","4":"has-post-thumbnail","6":"product_cat-westen","7":"pa_brand-blaklaeder","8":"pa_brand-type-workwear","9":"pa_filter-color-blau","11":"first","12":"instock","13":"sale","14":"taxable","15":"shipping-taxable","16":"purchasable","17":"product-type-variable","18":"add-to-wishlist-before_image"},"exclude_global_add_ons":[],"addons":[],"acf":[],"_links":{"self":[{"href":"https:\/\/shop.kustom.ch\/it\/wp-json\/wp\/v2\/product\/659314"}],"collection":[{"href":"https:\/\/shop.kustom.ch\/it\/wp-json\/wp\/v2\/product"}],"about":[{"href":"https:\/\/shop.kustom.ch\/it\/wp-json\/wp\/v2\/types\/product"}],"wp:featuredmedia":[{"embeddable":true,"href":"https:\/\/shop.kustom.ch\/it\/wp-json\/wp\/v2\/media\/659373"}],"wp:attachment":[{"href":"https:\/\/shop.kustom.ch\/it\/wp-json\/wp\/v2\/media?parent=659314"}],"wp:term":[{"taxonomy":"product_brand","embeddable":true,"href":"https:\/\/shop.kustom.ch\/it\/wp-json\/wp\/v2\/product_brand?post=659314"},{"taxonomy":"product_cat","embeddable":true,"href":"https:\/\/shop.kustom.ch\/it\/wp-json\/wp\/v2\/product_cat?post=659314"},{"taxonomy":"product_tag","embeddable":true,"href":"https:\/\/shop.kustom.ch\/it\/wp-json\/wp\/v2\/product_tag?post=659314"}],"curies":[{"name":"wp","href":"https:\/\/api.w.org\/{rel}","templated":true}]}}