{"id":659303,"date":"2025-04-29T04:45:23","date_gmt":"2025-04-29T03:45:23","guid":{"rendered":"https:\/\/shop.kustom.ch\/?post_type=product&#038;p=659303"},"modified":"2026-03-31T08:46:32","modified_gmt":"2026-03-31T07:46:32","slug":"inhaerenter-aermelloser-overall","status":"publish","type":"product","link":"https:\/\/shop.kustom.ch\/it\/prodotto\/inhaerenter-aermelloser-overall\/","title":{"rendered":"Tuta senza maniche Inherent"},"content":{"rendered":"<p>Tuta senza maniche repellente all'olio, allo sporco e all'acqua che offre la giusta protezione in ambienti difficili. Questa tuta senza maniche leggera, resistente, confortevole e priva di metalli \u00e8 realizzata in materiale inerte e presenta pannelli elasticizzati sulla schiena per garantire comfort e libert\u00e0 di movimento. Le tasche sul petto possono essere staccate nella parte inferiore per lavorare piegati in avanti. Tasche rinforzate per ginocchiere apribili dal basso. Certificato secondo le norme EN 1149-5, EN 61482-2, EN ISO 11612, EN ISO 20471.<\/p>\n<p>FUNZIONALIT\u00c0: Superficie oleorepellente, antisporco e idrorepellente. Elastico sul retro. DETTAGLI: Tasca portadocumenti staccabile per indumenti ignifughi. Etichette di certificazione esterne. Passanti. TASCHE: Tasca sulla gamba con soffietto, patta e tasca portapenne, tasca aggiuntiva, tasca portacellulare e tasca portacarte d'identit\u00e0. Tasche sul petto con soffietto, patta e bottoni a pressione, di cui una con cinghia porta attrezzi. Tasche posteriori con soffietto e patta. Tasche esterne per ginocchiere. Tasche anteriori con pattina. Tasca rinforzata per regolo pieghevole con portacoltelli e portapenne. CHIUSURA ANTERIORE: zip nascosta a 2 vie in plastica. RINFORZO: CORDURA\u00ae\/Kevlar\u00ae\/Protal\u00ae - rinforzato sulle ginocchia. Tasca del righello e tasche posteriori rinforzate. REFLEX: strisce riflettenti ignifughe con doppie cuciture. CHIUSURA: opzione di estensione sul fondo gamba, non applicabile alla taglia D. Larghezza del fondo gamba regolabile con bottoni a pressione in plastica. ISTRUZIONI DI LAVAGGIO: 60\u00b0 C. Non candeggiare. Non stirare. Non lavare a secco. Asciugare in asciugatrice a bassa temperatura. PROPRIET\u00c0 PRINCIPALI: Elettricista. Tuttofare. Personale di servizio. EN 1149-5. EN 14004. EN 61482-2. EN ISO 11612. EN ISO 20471. TESSUTO: blu. Giallo alta visibilit\u00e0. Tasche per ginocchiere. Senza metallo. Inserto elasticizzato. Protezione dalle fiamme. CERTIFICAZIONE: EN 1149-5. EN 14404 2004+A1 2010, Tipo 1, Livello 1 insieme alla ginocchiera Art. 4027. EN ISO 11612 A1, B1, C1, F1. EN ISO 20471, classe 1. gruppo di certificazione W. ATPV - 10,7 cal\/cm\u00b2. IEC 61482-2, APC 1<\/p>\n<p>44% modacrilico, 30% cotone, 20% poliammide FR, 5% aramide, 1% antistatico, ripstop, ignifugo, antistatico, 260 g\/m\u00b2<\/p>","protected":false},"excerpt":{"rendered":"<p>\u00d6l-, schmutz- und wasserabweisender, \u00e4rmelloser Overall, der in rauen Umgebungen den richtigen Schutz bietet. Dieser leichte, strapazierf\u00e4hige, bequeme und metallfreie \u00e4rmellose Overall besteht aus einem inh\u00e4renten Material und verf\u00fcgt \u00fcber Stretcheins\u00e4tze im R\u00fcckenbereich f\u00fcr mehr Komfort und Bewegungsfreiheit. Die Brusttaschen k\u00f6nnen unten abgetrennt werden, um nach vorne gelehnt zu arbeiten. Verst\u00e4rkte Kniepolstertaschen, die sich von [&hellip;]<\/p>\n","protected":false},"featured_media":659352,"template":"","meta":[],"product_brand":[],"product_cat":[10454],"product_tag":[],"class_list":{"0":"post-659303","1":"product","2":"type-product","3":"status-publish","4":"has-post-thumbnail","6":"product_cat-overalls","7":"pa_brand-blaklaeder","8":"pa_brand-type-workwear","9":"pa_filter-color-blau","10":"pa_filter-color-gelb","12":"first","13":"instock","14":"sale","15":"taxable","16":"shipping-taxable","17":"purchasable","18":"product-type-variable","19":"add-to-wishlist-before_image"},"exclude_global_add_ons":[],"addons":[],"acf":[],"_links":{"self":[{"href":"https:\/\/shop.kustom.ch\/it\/wp-json\/wp\/v2\/product\/659303"}],"collection":[{"href":"https:\/\/shop.kustom.ch\/it\/wp-json\/wp\/v2\/product"}],"about":[{"href":"https:\/\/shop.kustom.ch\/it\/wp-json\/wp\/v2\/types\/product"}],"wp:featuredmedia":[{"embeddable":true,"href":"https:\/\/shop.kustom.ch\/it\/wp-json\/wp\/v2\/media\/659352"}],"wp:attachment":[{"href":"https:\/\/shop.kustom.ch\/it\/wp-json\/wp\/v2\/media?parent=659303"}],"wp:term":[{"taxonomy":"product_brand","embeddable":true,"href":"https:\/\/shop.kustom.ch\/it\/wp-json\/wp\/v2\/product_brand?post=659303"},{"taxonomy":"product_cat","embeddable":true,"href":"https:\/\/shop.kustom.ch\/it\/wp-json\/wp\/v2\/product_cat?post=659303"},{"taxonomy":"product_tag","embeddable":true,"href":"https:\/\/shop.kustom.ch\/it\/wp-json\/wp\/v2\/product_tag?post=659303"}],"curies":[{"name":"wp","href":"https:\/\/api.w.org\/{rel}","templated":true}]}}