{"id":659265,"date":"2025-04-29T04:44:50","date_gmt":"2025-04-29T03:44:50","guid":{"rendered":"https:\/\/shop.kustom.ch\/?post_type=product&#038;p=659265"},"modified":"2026-03-31T08:43:34","modified_gmt":"2026-03-31T07:43:34","slug":"funktionssocken-dry-2er-pack-2","status":"publish","type":"product","link":"https:\/\/shop.kustom.ch\/it\/prodotto\/funktionssocken-dry-2er-pack-2\/","title":{"rendered":"Calzini funzionali Dry 2-pack"},"content":{"rendered":"<p>Calzino funzionale in Dryarn\u00ae con efficace trasporto dell'umidit\u00e0 per mantenere i piedi asciutti a qualsiasi temperatura, sia all'interno che all'esterno. Sezioni in maglia piqu\u00e9 in aree selezionate per una maggiore ventilazione e rinforzi sulle dita, sulla suola e sul tallone per la massima durata. Il supporto dell'arco plantare e la vestibilit\u00e0 aderente sostengono il piede e impediscono alla calza di scivolare verso il basso.<\/p>\n<p>FUNZIONALIT\u00c0: Materiale a maglia elasticizzato sulla pianta del piede. Buon trasporto dell'umidit\u00e0. Rinforzo su tallone, suola e punta. CONFEZIONE: confezione da 2 pezzi. ISTRUZIONI DI LAVAGGIO: 40\u00b0 C. Non candeggiare. Non stirare. Non lavare a secco. Non centrifugare. CARATTERISTICHE PRINCIPALI: Unisex. TESSUTO: nero<\/p>\n<p>55% poliammide, 42% polipropilene, 3% elastan<\/p>","protected":false},"excerpt":{"rendered":"<p>Funktionssocke aus Dryarn\u00ae mit effektivem Feuchtigkeitstransport, um Ihre F\u00fcsse bei jeder Temperatur trocken zu halten, sowohl drinnen als auch draussen. Piqu\u00e9-Strickpartien an ausgew\u00e4hlten Stellen f\u00fcr zus\u00e4tzliche Bel\u00fcftung und Verst\u00e4rkungen an Zehen, Sohle und Ferse f\u00fcr maximale Haltbarkeit. Die Fussgew\u00f6lbest\u00fctze und die enge Passform st\u00fctzen den Fuss und verhindern, dass die Socke nach unten rutscht. FUNKTIONALIT\u00c4T: [&hellip;]<\/p>\n","protected":false},"featured_media":659326,"template":"","meta":[],"product_brand":[],"product_cat":[4199],"product_tag":[],"class_list":{"0":"post-659265","1":"product","2":"type-product","3":"status-publish","4":"has-post-thumbnail","6":"product_cat-socken","7":"pa_brand-blaklaeder","8":"pa_brand-type-workwear","9":"pa_filter-color-schwarz","11":"first","12":"instock","13":"sale","14":"taxable","15":"shipping-taxable","16":"purchasable","17":"product-type-variable","18":"add-to-wishlist-before_image"},"exclude_global_add_ons":[],"addons":[],"acf":[],"_links":{"self":[{"href":"https:\/\/shop.kustom.ch\/it\/wp-json\/wp\/v2\/product\/659265"}],"collection":[{"href":"https:\/\/shop.kustom.ch\/it\/wp-json\/wp\/v2\/product"}],"about":[{"href":"https:\/\/shop.kustom.ch\/it\/wp-json\/wp\/v2\/types\/product"}],"wp:featuredmedia":[{"embeddable":true,"href":"https:\/\/shop.kustom.ch\/it\/wp-json\/wp\/v2\/media\/659326"}],"wp:attachment":[{"href":"https:\/\/shop.kustom.ch\/it\/wp-json\/wp\/v2\/media?parent=659265"}],"wp:term":[{"taxonomy":"product_brand","embeddable":true,"href":"https:\/\/shop.kustom.ch\/it\/wp-json\/wp\/v2\/product_brand?post=659265"},{"taxonomy":"product_cat","embeddable":true,"href":"https:\/\/shop.kustom.ch\/it\/wp-json\/wp\/v2\/product_cat?post=659265"},{"taxonomy":"product_tag","embeddable":true,"href":"https:\/\/shop.kustom.ch\/it\/wp-json\/wp\/v2\/product_tag?post=659265"}],"curies":[{"name":"wp","href":"https:\/\/api.w.org\/{rel}","templated":true}]}}