{"id":659262,"date":"2025-04-29T04:44:50","date_gmt":"2025-04-29T03:44:50","guid":{"rendered":"https:\/\/shop.kustom.ch\/?post_type=product&#038;p=659262"},"modified":"2026-03-31T08:43:32","modified_gmt":"2026-03-31T07:43:32","slug":"baumwollsocken-3er-pack","status":"publish","type":"product","link":"https:\/\/shop.kustom.ch\/it\/prodotto\/baumwollsocken-3er-pack\/","title":{"rendered":"Calzini di cotone in confezione da 3 pezzi"},"content":{"rendered":"<p>Calzino in cotone per il lavoro e il tempo libero. Viene fornito in confezione da 3 paia.<\/p>\n<p>FUNZIONALIT\u00c0: calzini alla caviglia. CONFEZIONE: confezione da 3 pezzi. ISTRUZIONI DI LAVAGGIO: 60\u00b0 C. Non candeggiare. Non stirare. Non lavare a secco. Adatto all'asciugatura in asciugatrice. CARATTERISTICHE PRINCIPALI: Unisex. TESSUTO: nero<\/p>\n<p>84% cotone, 14% poliammide, 2% elastan<\/p>","protected":false},"excerpt":{"rendered":"<p>Baumwollsocke f\u00fcr Arbeit und Freizeit. Kommt in einer Packung mit 3 Paaren. FUNKTIONALIT\u00c4T: Kn\u00f6chellange Socken. VERPACKUNG: 3er-Pack. WASCHANLEITUNG: 60\u00b0 C. Nicht bleichen. Nicht b\u00fcgeln. Nicht chemisch reinigen. W\u00e4schetrockner geeignet. HAUPTEIGENSCHAFTEN: Unisex. STOFF: schwarz 84% Baumwolle, 14% Polyamid, 2% Elastan<\/p>","protected":false},"featured_media":659307,"template":"","meta":[],"product_brand":[],"product_cat":[4199],"product_tag":[],"class_list":{"0":"post-659262","1":"product","2":"type-product","3":"status-publish","4":"has-post-thumbnail","6":"product_cat-socken","7":"pa_brand-blaklaeder","8":"pa_brand-type-workwear","9":"pa_filter-color-schwarz","11":"first","12":"instock","13":"sale","14":"taxable","15":"shipping-taxable","16":"purchasable","17":"product-type-variable","18":"add-to-wishlist-before_image"},"exclude_global_add_ons":[],"addons":[],"acf":[],"_links":{"self":[{"href":"https:\/\/shop.kustom.ch\/it\/wp-json\/wp\/v2\/product\/659262"}],"collection":[{"href":"https:\/\/shop.kustom.ch\/it\/wp-json\/wp\/v2\/product"}],"about":[{"href":"https:\/\/shop.kustom.ch\/it\/wp-json\/wp\/v2\/types\/product"}],"wp:featuredmedia":[{"embeddable":true,"href":"https:\/\/shop.kustom.ch\/it\/wp-json\/wp\/v2\/media\/659307"}],"wp:attachment":[{"href":"https:\/\/shop.kustom.ch\/it\/wp-json\/wp\/v2\/media?parent=659262"}],"wp:term":[{"taxonomy":"product_brand","embeddable":true,"href":"https:\/\/shop.kustom.ch\/it\/wp-json\/wp\/v2\/product_brand?post=659262"},{"taxonomy":"product_cat","embeddable":true,"href":"https:\/\/shop.kustom.ch\/it\/wp-json\/wp\/v2\/product_cat?post=659262"},{"taxonomy":"product_tag","embeddable":true,"href":"https:\/\/shop.kustom.ch\/it\/wp-json\/wp\/v2\/product_tag?post=659262"}],"curies":[{"name":"wp","href":"https:\/\/api.w.org\/{rel}","templated":true}]}}