{"id":659009,"date":"2025-04-29T04:43:30","date_gmt":"2025-04-29T03:43:30","guid":{"rendered":"https:\/\/shop.kustom.ch\/?post_type=product&#038;p=659009"},"modified":"2026-03-31T08:25:46","modified_gmt":"2026-03-31T07:25:46","slug":"apc-2-multinorm-arbeitshose-inhaerent","status":"publish","type":"product","link":"https:\/\/shop.kustom.ch\/it\/prodotto\/apc-2-multinorm-arbeitshose-inhaerent\/","title":{"rendered":"APC 2 Pantaloni da lavoro Multinorm Intrinseco"},"content":{"rendered":"<p>Pantaloni in materiale morbido, elastico e resistente, con una sottile fodera interna sul davanti. Nelle aree foderate, i pantaloni sono omologati per la classe di protezione dall'arco voltaico superiore APC 2. Molte soluzioni intelligenti per le tasche che soddisfano i requisiti di certificazione. Si tratta di un indumento privo di metallo con bottoni a pressione e cerniera in plastica, certificato secondo le norme EN ISO 20471, EN 1149-5, EN ISO 11611, EN ISO 11612, EN 61482-2 APC 1 (APC 2 se foderato), EN 13034.<\/p>\n<p>FUNZIONALIT\u00c0: Le parti foderate dell'indumento soddisfano la norma APC 2 (EN 61482-2:2020). Senza metalli. Superficie oleorepellente, antisporco e idrorepellente. DETTAGLI: Tasca porta tessere staccabile per indumenti ignifughi. Etichette di certificazione esterne. Bottoni in plastica. Cerniera in plastica sul cavallo. Passanti, uno con anello a D. TASCHE: Tasca sulla gamba con soffietto, tasca per cellulare e tasca per penna. Tasche posteriori rinforzate con soffietti e patta. Tasche esterne per ginocchiere. Tasche laterali. Tasca rinforzata per regolo pieghevole con portacoltelli e portapenne. REFLEX: strisce riflettenti ignifughe con doppie cuciture. CHIUSURA: possibilit\u00e0 di estensione sul fondo gamba, non applicabile alla taglia D. Polsini delle gambe regolabili con bottoni. ISTRUZIONI DI LAVAGGIO: 60\u00b0 C. Non candeggiare. Non stirare. Non lavare a secco. Asciugare in asciugatrice a bassa temperatura. PROPRIET\u00c0 PRINCIPALI: Elettricista. Tuttofare. Personale di servizio. EN 1149-5. EN 13034. EN 14004. EN 61482-2. EN ISO 11611. EN ISO 11612. EN ISO 20471. TESSUTO: blu. Giallo alta visibilit\u00e0. Tasche per ginocchiere. Senza metallo. Ritardante di fiamma. CERTIFICAZIONE: EN 1149-5. Massimo 50 lavaggi. EN 13034 PB (6). Max. 20 lavaggi. EN 14404:2004+A1:2010 insieme alle ginocchiere 4027 e 4057. APC 2, ATPV 26 cal\/cm\u00b2, ELIM 23 cal\/cm\u00b2 sulle parti rivestite. ATPV - 11 cal\/cm\u00b2. ELIM - 10 cal\/cm\u00b2. EN 61482-2, APC 1. max. 50 lavaggi. EN ISO 11611, classe 1 A1+A2. Max. 50 lavaggi. EN ISO 11612 A1, A2, B1, C1, E2, F1. Massimo 50 lavaggi. EN ISO 20471, classe 1. Max. 50 lavaggi. Gruppo di certificazione W<\/p>\n<p>44% modacrilico, 30% cotone, 20% poliammide FR, 5% aramide, 1% antistatico, ripstop, ignifugo, antistatico, 260 g\/m\u00b2<\/p>","protected":false},"excerpt":{"rendered":"<p>Hose aus weichem, anschmiegsamem und strapazierf\u00e4higem Material mit einem d\u00fcnnen Innenfutter auf der Vorderseite. In den gef\u00fctterten Bereichen ist die Hose f\u00fcr die h\u00f6here St\u00f6rlichtbogenschutzklasse APC 2 zugelassen. Viele intelligente Taschenl\u00f6sungen, die den Zertifizierungsanforderungen entsprechen. Es handelt sich um ein metallfreies Kleidungsst\u00fcck mit Kunststoffdruckkn\u00f6pfen und Reissverschluss.Zertifiziert nach EN ISO 20471, EN 1149-5, EN ISO 11611, [&hellip;]<\/p>\n","protected":false},"featured_media":659030,"template":"","meta":[],"product_brand":[],"product_cat":[4185],"product_tag":[],"class_list":{"0":"post-659009","1":"product","2":"type-product","3":"status-publish","4":"has-post-thumbnail","6":"product_cat-hosen","7":"pa_brand-blaklaeder","8":"pa_brand-type-workwear","9":"pa_filter-color-blau","10":"pa_filter-color-gelb","12":"first","13":"instock","14":"sale","15":"taxable","16":"shipping-taxable","17":"purchasable","18":"product-type-variable","19":"add-to-wishlist-before_image"},"exclude_global_add_ons":[],"addons":[],"acf":[],"_links":{"self":[{"href":"https:\/\/shop.kustom.ch\/it\/wp-json\/wp\/v2\/product\/659009"}],"collection":[{"href":"https:\/\/shop.kustom.ch\/it\/wp-json\/wp\/v2\/product"}],"about":[{"href":"https:\/\/shop.kustom.ch\/it\/wp-json\/wp\/v2\/types\/product"}],"wp:featuredmedia":[{"embeddable":true,"href":"https:\/\/shop.kustom.ch\/it\/wp-json\/wp\/v2\/media\/659030"}],"wp:attachment":[{"href":"https:\/\/shop.kustom.ch\/it\/wp-json\/wp\/v2\/media?parent=659009"}],"wp:term":[{"taxonomy":"product_brand","embeddable":true,"href":"https:\/\/shop.kustom.ch\/it\/wp-json\/wp\/v2\/product_brand?post=659009"},{"taxonomy":"product_cat","embeddable":true,"href":"https:\/\/shop.kustom.ch\/it\/wp-json\/wp\/v2\/product_cat?post=659009"},{"taxonomy":"product_tag","embeddable":true,"href":"https:\/\/shop.kustom.ch\/it\/wp-json\/wp\/v2\/product_tag?post=659009"}],"curies":[{"name":"wp","href":"https:\/\/api.w.org\/{rel}","templated":true}]}}