{"id":658766,"date":"2025-04-29T04:42:02","date_gmt":"2025-04-29T03:42:02","guid":{"rendered":"https:\/\/shop.kustom.ch\/?post_type=product&#038;p=658766"},"modified":"2026-03-31T08:17:25","modified_gmt":"2026-03-31T07:17:25","slug":"high-vis-hose-stretch","status":"publish","type":"product","link":"https:\/\/shop.kustom.ch\/it\/prodotto\/high-vis-hose-stretch\/","title":{"rendered":"Pantaloni alta visibilit\u00e0 elasticizzati"},"content":{"rendered":"<p>Resistenti pantaloni a vista in denim 2-way stretch\/CORDURA\u00ae con gamba affusolata, ideali per lavori che richiedono funzionalit\u00e0 e buona mobilit\u00e0. I pantaloni sono dotati di inserti elasticizzati sul cavallo e sui polpacci per la massima flessibilit\u00e0 e comfort. Le tasche superiori per le ginocchia sono rinforzate con CORDURA\u00ae stretch e hanno inserti stretch sopra il ginocchio per una migliore vestibilit\u00e0 ergonomica. Disponibile anche come modello 7030 da donna.<\/p>\n<p>FUNZIONALIT\u00c0: Inserti elasticizzati al cavallo, al polpaccio e tasca per ginocchiere. DETTAGLI: Bottoni in metallo. Cucitura interna alla gamba con tripla impuntura. Zip in plastica al cavallo. Ampi passanti per cintura sul retro e sui lati. Due passanti ai lati con bottone per il portamartello. Anello a D sulla cintura. TASCHE: Tasca sulla gamba con soffietto e patta con chiusura a velcro e tasca interna per cellulare in rete. Tasca sulla gamba con cerniera. Tasca posteriore con soffietto. Tasche per ginocchiere - parte superiore con copertura e chiusura in velcro. Materiale elasticizzato all'esterno e all'interno per una migliore vestibilit\u00e0 ergonomica. Tasche laterali. Zip per tasche portautensili fisse o libere. Tasche portautensili - extra larghe, con passanti per utensili e scomparti supplementari per utensili. Tasca rinforzata per regolo pieghevole con portacoltelli e portapenne. RINFORZO: tasche per ginocchiere rinforzate in CORDURA\u00ae. Tasche rinforzate in CORDURA\u00ae. REFLEX: strisce riflettenti larghe 60 mm. Materiale riflettente intorno alle gambe. ISTRUZIONI DI LAVAGGIO: Numero di lavaggi: 20. 60\u00b0 C. Non candeggiare. Non stirare. Non lavare a secco. Non centrifugare. PROPRIET\u00c0 PRINCIPALI: Autista. Artigiani. Lavoratori stradali ed edili. EN 14004. EN ISO 20471. TESSUTO: Uomo. blu. Giallo alta visibilit\u00e0. nero. Tasche per ginocchiere. Inserto elasticizzato. Tasche portautensili. Stretch. Protezione ad alta visibilit\u00e0. USP: 2 vie elasticizzate. Tasche portautensili extra larghe. Tasche per ginocchiere in CORDURA\u00ae stretch rinforzato. Strisce riflettenti segmentate. Inserti elasticizzati. Tasche rinforzate. CERTIFICAZIONE: EN 14404:2004+A1:2010 insieme alle ginocchiere 4027, 4057, 4058 e 4032. EN ISO 20471, classe 1. gruppo di certificazione W<\/p>\n<p>Cotone 51%, poliestere 32%, poliammide 17%, twill, elasticizzato, 340 g\/m\u00b2.<\/p>","protected":false},"excerpt":{"rendered":"<p>Strapazierf\u00e4hige High Vis Hose aus 2-Wege-Stretch\/CORDURA\u00ae-Denim mit konisch zulaufendem Bein, ideal f\u00fcr Berufe, die Funktion und gute Beweglichkeit erfordern. Die Hose hat Stretcheins\u00e4tze im Schritt und an den Waden f\u00fcr maximale Flexibilit\u00e4t und guten Komfort. Die oben liegenden Kniepolstertaschen sind mit CORDURA\u00ae-Stretch verst\u00e4rkt und haben Stretcheins\u00e4tze \u00fcber dem Knie f\u00fcr eine bessere ergonomische Passform. Auch [&hellip;]<\/p>\n","protected":false},"featured_media":658821,"template":"","meta":[],"product_brand":[],"product_cat":[4185],"product_tag":[],"class_list":{"0":"post-658766","1":"product","2":"type-product","3":"status-publish","4":"has-post-thumbnail","6":"product_cat-hosen","7":"pa_brand-blaklaeder","8":"pa_brand-type-workwear","9":"pa_filter-color-blau","10":"pa_filter-color-gelb","11":"pa_filter-color-orange","12":"pa_filter-color-rot","13":"pa_filter-color-schwarz","15":"first","16":"instock","17":"sale","18":"taxable","19":"shipping-taxable","20":"purchasable","21":"product-type-variable","22":"add-to-wishlist-before_image"},"exclude_global_add_ons":[],"addons":[],"acf":[],"_links":{"self":[{"href":"https:\/\/shop.kustom.ch\/it\/wp-json\/wp\/v2\/product\/658766"}],"collection":[{"href":"https:\/\/shop.kustom.ch\/it\/wp-json\/wp\/v2\/product"}],"about":[{"href":"https:\/\/shop.kustom.ch\/it\/wp-json\/wp\/v2\/types\/product"}],"wp:featuredmedia":[{"embeddable":true,"href":"https:\/\/shop.kustom.ch\/it\/wp-json\/wp\/v2\/media\/658821"}],"wp:attachment":[{"href":"https:\/\/shop.kustom.ch\/it\/wp-json\/wp\/v2\/media?parent=658766"}],"wp:term":[{"taxonomy":"product_brand","embeddable":true,"href":"https:\/\/shop.kustom.ch\/it\/wp-json\/wp\/v2\/product_brand?post=658766"},{"taxonomy":"product_cat","embeddable":true,"href":"https:\/\/shop.kustom.ch\/it\/wp-json\/wp\/v2\/product_cat?post=658766"},{"taxonomy":"product_tag","embeddable":true,"href":"https:\/\/shop.kustom.ch\/it\/wp-json\/wp\/v2\/product_tag?post=658766"}],"curies":[{"name":"wp","href":"https:\/\/api.w.org\/{rel}","templated":true}]}}