{"id":658716,"date":"2025-04-29T04:41:33","date_gmt":"2025-04-29T03:41:33","guid":{"rendered":"https:\/\/shop.kustom.ch\/?post_type=product&#038;p=658716"},"modified":"2026-03-31T09:12:19","modified_gmt":"2026-03-31T08:12:19","slug":"striker-damen-handwerkershorts-mit-stretch","status":"publish","type":"product","link":"https:\/\/shop.kustom.ch\/it\/prodotto\/striker-damen-handwerkershorts-mit-stretch\/","title":{"rendered":"STRIKER pantaloncini artigianali da donna con elastico"},"content":{"rendered":"<p>Resistenti pantaloncini da lavoro in twill elasticizzato CORDURA\u00ae a 2 vie, che offrono il massimo comfort, con inserti elasticizzati sul cavallo e sullo sprone per una libert\u00e0 di movimento ottimale. I pantaloncini dal taglio femminile hanno una vita alta sul retro, tasche per chiodi facilmente rimovibili e una serie di tasche funzionali. Disponibili anche nel modello da uomo 1972.* Twill elasticizzato CORDURA\u00ae a 2 vie con maggiore solidit\u00e0 del colore e durata* Elasticit\u00e0 a 4 vie sul cavallo e sul carr\u00e9* Ventilazione sul carr\u00e9* Vita rialzata sul retro* Tasca porta chiodi rimovibile e sostituibile* Tasche porta cellulare in rete* Passante rimovibile e sostituibile per porta martello<\/p>\n<p>FUNZIONALIT\u00c0: tessuto elasticizzato in 2 direzioni con inserti elasticizzati in 4 direzioni. Ventilazione sul carr\u00e9. Taglie da donna. Parte posteriore rialzata in vita per un maggiore comfort quando ci si inginocchia. DETTAGLI: tasca porta documenti rimovibile. Passante per martello sul lato. Bottoni in metallo. Portacoltello con bottone. Cucitura interna con tripla cucitura. Cerniera in plastica sul cavallo. Traccia cerniera con cordino riflettente. Ampio passante sul retro. Anello a D in vita. Vita alta sul retro. Vita regolabile. TASCHE: Tasca sulla gamba con soffietto e patta con chiusura in velcro e tasca interna in rete per cellulare. Tasca sulla gamba con cerniera. Tasca posteriore con soffietto. Tasche laterali. Tasche porta attrezzi pendenti rimovibili e sostituibili, extra larghe, dotate di ganci per attrezzi, scomparto porta attrezzi e tasche aggiuntive con cerniera. Tasca rinforzata per metro pieghevole con portacoltello e tasca per penne. RINFORZO: tasche rinforzate in CORDURA\u00ae. RIFLETTENTI: strisce riflettenti nere sul retro della gamba. ISTRUZIONI DI LAVAGGIO: 60\u00b0 C. Stirare a bassa temperatura. Non candeggiare. Non lavare a secco. Non centrifugare. CARATTERISTICHE PRINCIPALI: Elettricisti. Giardinieri. Artigiani. Installatori. Magazzinieri. Fabbri. Donna. Disponibile per donna e uomo. TESSUTO: Donna. Disponibile per donna e uomo. Verde. Nero. Elastico. Tasche porta attrezzi. Artigianato. Elastico. USP: Tasche porta attrezzi rimovibili. Inserti in rete traspirante. Vita rialzata sul retro. Dettagli riflettenti neri. Inserti elasticizzati.<\/p>\n<p>Cotone 51%, poliestere 32%, poliammide 17%, twill, elasticizzato, 340 g\/m\u00b2.<\/p>","protected":false},"excerpt":{"rendered":"<p>Strapazierf\u00e4hige Handwerkershorts aus 2-Wege-CORDURA\u00ae Stretch Twill, die wirklich ultimativen Komfort bieten, mit Stretcheins\u00e4tzen im Schritt und in der Passe f\u00fcr optimale Bewegungsfreiheit. Die Shorts im Damenschnitt haben einen hohen Bund am R\u00fccken, leicht abnehmbare Nageltaschen und eine Vielzahl von Funktionstaschen. Auch als Herrenmodell 1972 erh\u00e4ltlich.* 2-Wege CORDURA\u00ae Stretch Twill mit verbesserter Farbechtheit und Haltbarkeit* 4-Wege-Stretch [&hellip;]<\/p>\n","protected":false},"featured_media":658765,"template":"","meta":[],"product_brand":[],"product_cat":[4198],"product_tag":[],"class_list":{"0":"post-658716","1":"product","2":"type-product","3":"status-publish","4":"has-post-thumbnail","6":"product_cat-shorts","7":"pa_brand-blaklaeder","8":"pa_brand-type-workwear","9":"pa_filter-color-blau","10":"pa_filter-color-gruen","11":"pa_filter-color-orange","12":"pa_filter-color-schwarz","14":"first","15":"instock","16":"sale","17":"taxable","18":"shipping-taxable","19":"purchasable","20":"product-type-variable","21":"add-to-wishlist-before_image"},"exclude_global_add_ons":[],"addons":[],"acf":[],"_links":{"self":[{"href":"https:\/\/shop.kustom.ch\/it\/wp-json\/wp\/v2\/product\/658716"}],"collection":[{"href":"https:\/\/shop.kustom.ch\/it\/wp-json\/wp\/v2\/product"}],"about":[{"href":"https:\/\/shop.kustom.ch\/it\/wp-json\/wp\/v2\/types\/product"}],"wp:featuredmedia":[{"embeddable":true,"href":"https:\/\/shop.kustom.ch\/it\/wp-json\/wp\/v2\/media\/658765"}],"wp:attachment":[{"href":"https:\/\/shop.kustom.ch\/it\/wp-json\/wp\/v2\/media?parent=658716"}],"wp:term":[{"taxonomy":"product_brand","embeddable":true,"href":"https:\/\/shop.kustom.ch\/it\/wp-json\/wp\/v2\/product_brand?post=658716"},{"taxonomy":"product_cat","embeddable":true,"href":"https:\/\/shop.kustom.ch\/it\/wp-json\/wp\/v2\/product_cat?post=658716"},{"taxonomy":"product_tag","embeddable":true,"href":"https:\/\/shop.kustom.ch\/it\/wp-json\/wp\/v2\/product_tag?post=658716"}],"curies":[{"name":"wp","href":"https:\/\/api.w.org\/{rel}","templated":true}]}}