{"id":658715,"date":"2025-04-29T04:41:32","date_gmt":"2025-04-29T03:41:32","guid":{"rendered":"https:\/\/shop.kustom.ch\/?post_type=product&#038;p=658715"},"modified":"2026-03-31T08:54:56","modified_gmt":"2026-03-31T07:54:56","slug":"damen-tank-top","status":"publish","type":"product","link":"https:\/\/shop.kustom.ch\/it\/prodotto\/damen-tank-top\/","title":{"rendered":"Canotta da donna"},"content":{"rendered":"<p>Un capo di base con vestibilit\u00e0 femminile, utile in tutte le situazioni. Disponibile anche come modello 3511 da uomo.<\/p>\n<p>FUNZIONALIT\u00c0: Taglia da donna. Vestibilit\u00e0 slim. Taglio sartoriale. DETTAGLI: Collo rotondo. ISTRUZIONI PER IL LAVAGGIO: 40\u00b0 C. Stirare a bassa temperatura. Non candeggiare. Non lavare a secco. Non centrifugare. PROPRIET\u00c0 PRINCIPALI: Lavorazione del calcestruzzo. Posatore di pavimenti. Tettoie. Autisti. Pescatore. Giardiniere. Tuttofare. Boscaiolo. Idraulico. Magazziniere. Imbianchino. Muratore \/ piastrellista. Meccanico. Addetto alle pulizie. Addetto ai servizi. Idraulico. TESSUTO: Donna. Disponibile per uomo e donna. grigio. Profilo<\/p>\n<p>80% cotone, 15% viscosa, 5% elastan, single jersey, 160 g\/m\u00b2<\/p>","protected":false},"excerpt":{"rendered":"<p>Ein Basis-Kleidungsst\u00fcck mit Damenpassform, das in allen Situationen n\u00fctzlich ist. Auch als Herrenmodellmodell 3511 erh\u00e4ltlich. FUNKTIONALIT\u00c4T: Damengr\u00f6sse. Slim Fit. Tailliert geschnitten. DETAILS: Rundhals. WASCHANLEITUNG: 40\u00b0 C. B\u00fcgeln &#8211; niedrig. Nicht bleichen. Nicht chemisch reinigen. Nicht schleudern. HAUPTEIGENSCHAFTEN: Betonbauer. Bodenleger. Dachdecker. Fahrer. Fischer. Gartenarbeiter. Handwerker. Holzf\u00e4ller. Installateur. Lagerarbeiter. Maler. Maurer \/ Fliesenleger. Mechaniker. Reinigungskraft. Service Mitarbeiter. [&hellip;]<\/p>\n","protected":false},"featured_media":658733,"template":"","meta":[],"product_brand":[],"product_cat":[4201],"product_tag":[],"class_list":{"0":"post-658715","1":"product","2":"type-product","3":"status-publish","4":"has-post-thumbnail","6":"product_cat-t-shirts","7":"pa_brand-blaklaeder","8":"pa_brand-type-workwear","9":"pa_filter-color-blau","10":"pa_filter-color-grau","11":"pa_filter-color-schwarz","12":"pa_filter-color-weiss","14":"first","15":"instock","16":"sale","17":"taxable","18":"shipping-taxable","19":"purchasable","20":"product-type-variable","21":"add-to-wishlist-before_image"},"exclude_global_add_ons":[],"addons":[],"acf":[],"_links":{"self":[{"href":"https:\/\/shop.kustom.ch\/it\/wp-json\/wp\/v2\/product\/658715"}],"collection":[{"href":"https:\/\/shop.kustom.ch\/it\/wp-json\/wp\/v2\/product"}],"about":[{"href":"https:\/\/shop.kustom.ch\/it\/wp-json\/wp\/v2\/types\/product"}],"wp:featuredmedia":[{"embeddable":true,"href":"https:\/\/shop.kustom.ch\/it\/wp-json\/wp\/v2\/media\/658733"}],"wp:attachment":[{"href":"https:\/\/shop.kustom.ch\/it\/wp-json\/wp\/v2\/media?parent=658715"}],"wp:term":[{"taxonomy":"product_brand","embeddable":true,"href":"https:\/\/shop.kustom.ch\/it\/wp-json\/wp\/v2\/product_brand?post=658715"},{"taxonomy":"product_cat","embeddable":true,"href":"https:\/\/shop.kustom.ch\/it\/wp-json\/wp\/v2\/product_cat?post=658715"},{"taxonomy":"product_tag","embeddable":true,"href":"https:\/\/shop.kustom.ch\/it\/wp-json\/wp\/v2\/product_tag?post=658715"}],"curies":[{"name":"wp","href":"https:\/\/api.w.org\/{rel}","templated":true}]}}