{"id":658651,"date":"2025-04-29T04:41:05","date_gmt":"2025-04-29T03:41:05","guid":{"rendered":"https:\/\/shop.kustom.ch\/?post_type=product&#038;p=658651"},"modified":"2026-03-31T08:52:46","modified_gmt":"2026-03-31T07:52:46","slug":"hybrid-sweater-3","status":"publish","type":"product","link":"https:\/\/shop.kustom.ch\/it\/prodotto\/hybrid-sweater-3\/","title":{"rendered":"Maglione ibrido"},"content":{"rendered":"<p>Questa felpa \u00e8 un capo tuttofare. Funziona bene anche come giacca, a seconda di ci\u00f2 che si sta facendo. Questa giacca-sudore ha il fronte trapuntato ed \u00e8 sfoderata. Un capo eccellente per la stampa del logo aziendale. Disponibile anche nel modello 3419 da donna.<\/p>\n<p>FUNZIONALIT\u00c0: Materiale imbottito sul davanti. DETTAGLI: Collo alto con cerniera. Buone superfici per le finiture. TASCHE: Tasche anteriori con cerniera. CHIUSURA ANTERIORE: Cerniera in plastica. Patta antivento interna. CHIUSURA: Polsini con polsini. Vita a coste. ISTRUZIONI DI LAVAGGIO: 40\u00b0 C. Non candeggiare. Non stirare. Non lavare a secco. Non centrifugare. PROPRIET\u00c0 PRINCIPALI: Autista. Addetto al giardinaggio. Addetto al magazzino. Addetto alle pulizie. Addetto ai servizi. Disponibile per uomini e donne. Uomo. TESSUTO: disponibile per uomo e donna. Uomo. blu. rosso. nero. Profilo. Unite. USP: Morbido, spazzolato all'interno<\/p>\n<p>100% poliestere, pile piqu\u00e9, spazzolato su un lato, 260 g\/m\u00b2<\/p>","protected":false},"excerpt":{"rendered":"<p>This sweatshirt is the ultimate all-rounder. Works equally well as a jacket, depending on what you&#8217;re doing. This jacket-sweatshirt has a quilted front and is unlined. An excellent garment for printing with your company logo. Also available in a women&#8217;s model 3419. FUNKTIONALIT\u00c4T: Wattiertes Material vorne. DETAILS: Hoher Kragen mit Reissverschluss. Gute Oberfl\u00e4chen f\u00fcr Veredelung. [&hellip;]<\/p>\n","protected":false},"featured_media":658686,"template":"","meta":[],"product_brand":[],"product_cat":[4186],"product_tag":[],"class_list":{"0":"post-658651","1":"product","2":"type-product","3":"status-publish","4":"has-post-thumbnail","6":"product_cat-jacken","7":"pa_brand-blaklaeder","8":"pa_brand-type-workwear","9":"pa_filter-color-blau","10":"pa_filter-color-gelb","11":"pa_filter-color-grau","12":"pa_filter-color-gruen","13":"pa_filter-color-rot","14":"pa_filter-color-schwarz","16":"first","17":"instock","18":"sale","19":"taxable","20":"shipping-taxable","21":"purchasable","22":"product-type-variable","23":"add-to-wishlist-before_image"},"exclude_global_add_ons":[],"addons":[],"acf":[],"_links":{"self":[{"href":"https:\/\/shop.kustom.ch\/it\/wp-json\/wp\/v2\/product\/658651"}],"collection":[{"href":"https:\/\/shop.kustom.ch\/it\/wp-json\/wp\/v2\/product"}],"about":[{"href":"https:\/\/shop.kustom.ch\/it\/wp-json\/wp\/v2\/types\/product"}],"wp:featuredmedia":[{"embeddable":true,"href":"https:\/\/shop.kustom.ch\/it\/wp-json\/wp\/v2\/media\/658686"}],"wp:attachment":[{"href":"https:\/\/shop.kustom.ch\/it\/wp-json\/wp\/v2\/media?parent=658651"}],"wp:term":[{"taxonomy":"product_brand","embeddable":true,"href":"https:\/\/shop.kustom.ch\/it\/wp-json\/wp\/v2\/product_brand?post=658651"},{"taxonomy":"product_cat","embeddable":true,"href":"https:\/\/shop.kustom.ch\/it\/wp-json\/wp\/v2\/product_cat?post=658651"},{"taxonomy":"product_tag","embeddable":true,"href":"https:\/\/shop.kustom.ch\/it\/wp-json\/wp\/v2\/product_tag?post=658651"}],"curies":[{"name":"wp","href":"https:\/\/api.w.org\/{rel}","templated":true}]}}